{"id":5325,"date":"2025-06-28T17:11:25","date_gmt":"2025-06-28T15:11:25","guid":{"rendered":"https:\/\/uj.adatbank.ro\/lexikon\/termek\/botan-alexandru\/"},"modified":"2025-06-28T17:11:25","modified_gmt":"2025-06-28T15:11:25","slug":"botan-alexandru","status":"publish","type":"product","link":"https:\/\/uj.adatbank.ro\/lexikon\/termek\/botan-alexandru\/","title":{"rendered":"BO\u0162AN, Alexandru"},"content":{"rendered":"<p>1921. m\u00e1rc. 1., \u2020\u00a0?\u00a0: orvos. \u2013 Sz\u00e1szr\u00e9genben lakott, katonaorvos, alezredes a 4. szanit\u00e9c sz\u00e1zadban. A rom\u00e1n hadsereg k\u00f6tel\u00e9k\u00e9ben r\u00e9szt vett a keleti hadj\u00e1ratban (1941. j\u00fal. 1. \u2013 okt. 1.). <br \/><strong>Irod.:<\/strong> Reghin, militari<\/br><\/p>\n","protected":false},"excerpt":{"rendered":"<p>1921. m\u00e1rc. 1., \u2020\u00a0?\u00a0: orvos. \u2013 Sz\u00e1szr\u00e9genben lakott, katonaorvos, alezredes a 4. szanit\u00e9c sz\u00e1zadban. A rom\u00e1n hadsereg k\u00f6tel\u00e9k\u00e9ben r\u00e9szt vett a keleti hadj\u00e1ratban (1941. j\u00fal. 1. \u2013 okt. 1.). Irod.: Reghin, militari<\/p>\n","protected":false},"featured_media":0,"comment_status":"open","ping_status":"closed","template":"","meta":[],"product_brand":[],"product_cat":[137],"product_tag":[],"class_list":{"0":"post-5325","1":"product","2":"type-product","3":"status-publish","5":"product_cat-maros-megyei-eletrajzi-lexikon","7":"first","8":"instock","9":"shipping-taxable","10":"product-type-simple"},"_links":{"self":[{"href":"https:\/\/uj.adatbank.ro\/lexikon\/wp-json\/wp\/v2\/product\/5325","targetHints":{"allow":["GET"]}}],"collection":[{"href":"https:\/\/uj.adatbank.ro\/lexikon\/wp-json\/wp\/v2\/product"}],"about":[{"href":"https:\/\/uj.adatbank.ro\/lexikon\/wp-json\/wp\/v2\/types\/product"}],"replies":[{"embeddable":true,"href":"https:\/\/uj.adatbank.ro\/lexikon\/wp-json\/wp\/v2\/comments?post=5325"}],"wp:attachment":[{"href":"https:\/\/uj.adatbank.ro\/lexikon\/wp-json\/wp\/v2\/media?parent=5325"}],"wp:term":[{"taxonomy":"product_brand","embeddable":true,"href":"https:\/\/uj.adatbank.ro\/lexikon\/wp-json\/wp\/v2\/product_brand?post=5325"},{"taxonomy":"product_cat","embeddable":true,"href":"https:\/\/uj.adatbank.ro\/lexikon\/wp-json\/wp\/v2\/product_cat?post=5325"},{"taxonomy":"product_tag","embeddable":true,"href":"https:\/\/uj.adatbank.ro\/lexikon\/wp-json\/wp\/v2\/product_tag?post=5325"}],"curies":[{"name":"wp","href":"https:\/\/api.w.org\/{rel}","templated":true}]}}