{"id":5330,"date":"2025-06-28T17:11:37","date_gmt":"2025-06-28T15:11:37","guid":{"rendered":"https:\/\/uj.adatbank.ro\/lexikon\/termek\/both-karoly\/"},"modified":"2025-06-28T17:11:37","modified_gmt":"2025-06-28T15:11:37","slug":"both-karoly","status":"publish","type":"product","link":"https:\/\/uj.adatbank.ro\/lexikon\/termek\/both-karoly\/","title":{"rendered":"BOTH K\u00e1roly"},"content":{"rendered":"<p>? \u2020\u00a0? : vasutas, tan\u00e1cstag. \u2013 Vasutas volt majd nyugd\u00edjba vonul\u00e1sa ut\u00e1n bev\u00e1lasztott\u00e1k a mv.-i v\u00e1rosi tan\u00e1csba (1930), mint a V\u00e1rosi Dolgoz\u00f3k Blokkj\u00e1nak tagj\u00e1t. Bir\u00e1lta a tan\u00e1csban B\u00fcrger\u00e9k antiszoci\u00e1lis, munk\u00e1sokat elbocs\u00e1t\u00f3 elj\u00e1r\u00e1s\u00e1t. <br \/><strong>Irod.:<\/strong> Id\u0151t\u00e1r 3<\/br><\/p>\n","protected":false},"excerpt":{"rendered":"<p>? \u2020\u00a0? : vasutas, tan\u00e1cstag. \u2013 Vasutas volt majd nyugd\u00edjba vonul\u00e1sa ut\u00e1n bev\u00e1lasztott\u00e1k a mv.-i v\u00e1rosi tan\u00e1csba (1930), mint a V\u00e1rosi Dolgoz\u00f3k Blokkj\u00e1nak tagj\u00e1t. Bir\u00e1lta a tan\u00e1csban B\u00fcrger\u00e9k antiszoci\u00e1lis, munk\u00e1sokat elbocs\u00e1t\u00f3 elj\u00e1r\u00e1s\u00e1t. Irod.: Id\u0151t\u00e1r 3<\/p>\n","protected":false},"featured_media":0,"comment_status":"open","ping_status":"closed","template":"","meta":[],"product_brand":[],"product_cat":[137],"product_tag":[],"class_list":{"0":"post-5330","1":"product","2":"type-product","3":"status-publish","5":"product_cat-maros-megyei-eletrajzi-lexikon","7":"first","8":"instock","9":"shipping-taxable","10":"product-type-simple"},"_links":{"self":[{"href":"https:\/\/uj.adatbank.ro\/lexikon\/wp-json\/wp\/v2\/product\/5330","targetHints":{"allow":["GET"]}}],"collection":[{"href":"https:\/\/uj.adatbank.ro\/lexikon\/wp-json\/wp\/v2\/product"}],"about":[{"href":"https:\/\/uj.adatbank.ro\/lexikon\/wp-json\/wp\/v2\/types\/product"}],"replies":[{"embeddable":true,"href":"https:\/\/uj.adatbank.ro\/lexikon\/wp-json\/wp\/v2\/comments?post=5330"}],"wp:attachment":[{"href":"https:\/\/uj.adatbank.ro\/lexikon\/wp-json\/wp\/v2\/media?parent=5330"}],"wp:term":[{"taxonomy":"product_brand","embeddable":true,"href":"https:\/\/uj.adatbank.ro\/lexikon\/wp-json\/wp\/v2\/product_brand?post=5330"},{"taxonomy":"product_cat","embeddable":true,"href":"https:\/\/uj.adatbank.ro\/lexikon\/wp-json\/wp\/v2\/product_cat?post=5330"},{"taxonomy":"product_tag","embeddable":true,"href":"https:\/\/uj.adatbank.ro\/lexikon\/wp-json\/wp\/v2\/product_tag?post=5330"}],"curies":[{"name":"wp","href":"https:\/\/api.w.org\/{rel}","templated":true}]}}