{"id":5333,"date":"2025-06-28T17:11:42","date_gmt":"2025-06-28T15:11:42","guid":{"rendered":"https:\/\/uj.adatbank.ro\/lexikon\/termek\/both-martin-both-marton\/"},"modified":"2025-06-28T17:11:42","modified_gmt":"2025-06-28T15:11:42","slug":"both-martin-both-marton","status":"publish","type":"product","link":"https:\/\/uj.adatbank.ro\/lexikon\/termek\/both-martin-both-marton\/","title":{"rendered":"BOTH Martin, Both M\u00e1rton"},"content":{"rendered":"<p>?\u00a0\u2020\u00a0? : f\u0151hadnagy. \u2013 MAT Securitate Tartom\u00e1nyi Igazgat\u00f3s\u00e1ga mv.-i hivatal\u00e1n szekci\u00f3vezet\u0151 f\u0151hadnagy (1958), sz\u00e1zados (1962. nov. 5). <br \/><strong>Irod.:<\/strong> Bartos 2012<\/br><\/p>\n","protected":false},"excerpt":{"rendered":"<p>?\u00a0\u2020\u00a0? : f\u0151hadnagy. \u2013 MAT Securitate Tartom\u00e1nyi Igazgat\u00f3s\u00e1ga mv.-i hivatal\u00e1n szekci\u00f3vezet\u0151 f\u0151hadnagy (1958), sz\u00e1zados (1962. nov. 5). Irod.: Bartos 2012<\/p>\n","protected":false},"featured_media":0,"comment_status":"open","ping_status":"closed","template":"","meta":[],"product_brand":[],"product_cat":[137],"product_tag":[],"class_list":{"0":"post-5333","1":"product","2":"type-product","3":"status-publish","5":"product_cat-maros-megyei-eletrajzi-lexikon","7":"first","8":"instock","9":"shipping-taxable","10":"product-type-simple"},"_links":{"self":[{"href":"https:\/\/uj.adatbank.ro\/lexikon\/wp-json\/wp\/v2\/product\/5333","targetHints":{"allow":["GET"]}}],"collection":[{"href":"https:\/\/uj.adatbank.ro\/lexikon\/wp-json\/wp\/v2\/product"}],"about":[{"href":"https:\/\/uj.adatbank.ro\/lexikon\/wp-json\/wp\/v2\/types\/product"}],"replies":[{"embeddable":true,"href":"https:\/\/uj.adatbank.ro\/lexikon\/wp-json\/wp\/v2\/comments?post=5333"}],"wp:attachment":[{"href":"https:\/\/uj.adatbank.ro\/lexikon\/wp-json\/wp\/v2\/media?parent=5333"}],"wp:term":[{"taxonomy":"product_brand","embeddable":true,"href":"https:\/\/uj.adatbank.ro\/lexikon\/wp-json\/wp\/v2\/product_brand?post=5333"},{"taxonomy":"product_cat","embeddable":true,"href":"https:\/\/uj.adatbank.ro\/lexikon\/wp-json\/wp\/v2\/product_cat?post=5333"},{"taxonomy":"product_tag","embeddable":true,"href":"https:\/\/uj.adatbank.ro\/lexikon\/wp-json\/wp\/v2\/product_tag?post=5333"}],"curies":[{"name":"wp","href":"https:\/\/api.w.org\/{rel}","templated":true}]}}