{"id":5334,"date":"2025-06-28T17:11:43","date_gmt":"2025-06-28T15:11:43","guid":{"rendered":"https:\/\/uj.adatbank.ro\/lexikon\/termek\/both-sandor\/"},"modified":"2025-06-28T17:11:43","modified_gmt":"2025-06-28T15:11:43","slug":"both-sandor","status":"publish","type":"product","link":"https:\/\/uj.adatbank.ro\/lexikon\/termek\/both-sandor\/","title":{"rendered":"BOTH S\u00e1ndor"},"content":{"rendered":"<p>? \u2020\u00a0? : m\u0171lakatos. \u2013 Mv.-i m\u0171lakatos gy\u00e1ra \u00e9s m\u0171helye volt. A lakatos munk\u00e1latokat v\u00e9gezte a Kult\u00farpalota \u00e9p\u00edt\u00e9s\u00e9n\u00e9l is (1910\u201312). \u0150 k\u00e9sz\u00edtette a d\u00edszes kov\u00e1csoltvas aranyozott ny\u00edl\u00e1sz\u00e1r\u00f3 r\u00e1csait, az ajt\u00f3k vasal\u00e1s\u00e1t, az el\u0151csarnok m\u00e1rv\u00e1nypill\u00e9reinek r\u00e9zveretes fejezeteit \u00e9s \u00e9lv\u00e9d\u0151 bor\u00edt\u00e1sait. Az \u00e9p\u00edt\u0151iparosok Sz\u00f6vets\u00e9g\u00e9nek aleln\u00f6ke (1920). <br \/><strong>Irod.:<\/strong> Id\u0151t\u00e1r 3; Keresztes 2000; Keresztes Gyula: Szecesszi\u00f3 Mv.-en: 5.: K\u00f6zm\u0171vel\u0151d\u00e9si h\u00e1z 1\u20135. (N\u00fa., 1991. nov. 23.; 1991. dec. 7.; 1991. dec. 14.; 1992. jan. 4.; 1992. jan. 11.); Szentgy\u00f6rgyi<\/br><\/p>\n","protected":false},"excerpt":{"rendered":"<p>? \u2020\u00a0? : m\u0171lakatos. \u2013 Mv.-i m\u0171lakatos gy\u00e1ra \u00e9s m\u0171helye volt. A lakatos munk\u00e1latokat v\u00e9gezte a Kult\u00farpalota \u00e9p\u00edt\u00e9s\u00e9n\u00e9l is (1910\u201312). \u0150 k\u00e9sz\u00edtette a d\u00edszes kov\u00e1csoltvas aranyozott ny\u00edl\u00e1sz\u00e1r\u00f3 r\u00e1csait, az ajt\u00f3k vasal\u00e1s\u00e1t, az el\u0151csarnok m\u00e1rv\u00e1nypill\u00e9reinek r\u00e9zveretes fejezeteit \u00e9s \u00e9lv\u00e9d\u0151 bor\u00edt\u00e1sait. Az \u00e9p\u00edt\u0151iparosok Sz\u00f6vets\u00e9g\u00e9nek aleln\u00f6ke (1920). Irod.: Id\u0151t\u00e1r 3; Keresztes 2000; Keresztes Gyula: Szecesszi\u00f3 Mv.-en: 5.: K\u00f6zm\u0171vel\u0151d\u00e9si [&hellip;]<\/p>\n","protected":false},"featured_media":0,"comment_status":"open","ping_status":"closed","template":"","meta":[],"product_brand":[],"product_cat":[137],"product_tag":[],"class_list":{"0":"post-5334","1":"product","2":"type-product","3":"status-publish","5":"product_cat-maros-megyei-eletrajzi-lexikon","7":"first","8":"instock","9":"shipping-taxable","10":"product-type-simple"},"_links":{"self":[{"href":"https:\/\/uj.adatbank.ro\/lexikon\/wp-json\/wp\/v2\/product\/5334","targetHints":{"allow":["GET"]}}],"collection":[{"href":"https:\/\/uj.adatbank.ro\/lexikon\/wp-json\/wp\/v2\/product"}],"about":[{"href":"https:\/\/uj.adatbank.ro\/lexikon\/wp-json\/wp\/v2\/types\/product"}],"replies":[{"embeddable":true,"href":"https:\/\/uj.adatbank.ro\/lexikon\/wp-json\/wp\/v2\/comments?post=5334"}],"wp:attachment":[{"href":"https:\/\/uj.adatbank.ro\/lexikon\/wp-json\/wp\/v2\/media?parent=5334"}],"wp:term":[{"taxonomy":"product_brand","embeddable":true,"href":"https:\/\/uj.adatbank.ro\/lexikon\/wp-json\/wp\/v2\/product_brand?post=5334"},{"taxonomy":"product_cat","embeddable":true,"href":"https:\/\/uj.adatbank.ro\/lexikon\/wp-json\/wp\/v2\/product_cat?post=5334"},{"taxonomy":"product_tag","embeddable":true,"href":"https:\/\/uj.adatbank.ro\/lexikon\/wp-json\/wp\/v2\/product_tag?post=5334"}],"curies":[{"name":"wp","href":"https:\/\/api.w.org\/{rel}","templated":true}]}}