{"id":5336,"date":"2025-06-28T17:11:53","date_gmt":"2025-06-28T15:11:53","guid":{"rendered":"https:\/\/uj.adatbank.ro\/lexikon\/termek\/bothazanu-johann\/"},"modified":"2025-06-28T17:11:53","modified_gmt":"2025-06-28T15:11:53","slug":"bothazanu-johann","status":"publish","type":"product","link":"https:\/\/uj.adatbank.ro\/lexikon\/termek\/bothazanu-johann\/","title":{"rendered":"BOTHAZANU Johann"},"content":{"rendered":"<p>? \u2020\u00a0? : tan\u00edt\u00f3.- Az els\u0151 ismert rom\u00e1n s\u00e1rm\u00e1si g. kat. egyh\u00e1zi tan\u00edt\u00f3, aki egy fa\u00e9p\u00fcletben tan\u00edtott 58 tanul\u00f3t (1876), majd 45 tanul\u00f3t (1880). <br \/><strong>Irod.:<\/strong> S\u0103rma\u015fu<\/br><\/p>\n","protected":false},"excerpt":{"rendered":"<p>? \u2020\u00a0? : tan\u00edt\u00f3.- Az els\u0151 ismert rom\u00e1n s\u00e1rm\u00e1si g. kat. egyh\u00e1zi tan\u00edt\u00f3, aki egy fa\u00e9p\u00fcletben tan\u00edtott 58 tanul\u00f3t (1876), majd 45 tanul\u00f3t (1880). Irod.: S\u0103rma\u015fu<\/p>\n","protected":false},"featured_media":0,"comment_status":"open","ping_status":"closed","template":"","meta":[],"product_brand":[],"product_cat":[137],"product_tag":[],"class_list":{"0":"post-5336","1":"product","2":"type-product","3":"status-publish","5":"product_cat-maros-megyei-eletrajzi-lexikon","7":"first","8":"instock","9":"shipping-taxable","10":"product-type-simple"},"_links":{"self":[{"href":"https:\/\/uj.adatbank.ro\/lexikon\/wp-json\/wp\/v2\/product\/5336","targetHints":{"allow":["GET"]}}],"collection":[{"href":"https:\/\/uj.adatbank.ro\/lexikon\/wp-json\/wp\/v2\/product"}],"about":[{"href":"https:\/\/uj.adatbank.ro\/lexikon\/wp-json\/wp\/v2\/types\/product"}],"replies":[{"embeddable":true,"href":"https:\/\/uj.adatbank.ro\/lexikon\/wp-json\/wp\/v2\/comments?post=5336"}],"wp:attachment":[{"href":"https:\/\/uj.adatbank.ro\/lexikon\/wp-json\/wp\/v2\/media?parent=5336"}],"wp:term":[{"taxonomy":"product_brand","embeddable":true,"href":"https:\/\/uj.adatbank.ro\/lexikon\/wp-json\/wp\/v2\/product_brand?post=5336"},{"taxonomy":"product_cat","embeddable":true,"href":"https:\/\/uj.adatbank.ro\/lexikon\/wp-json\/wp\/v2\/product_cat?post=5336"},{"taxonomy":"product_tag","embeddable":true,"href":"https:\/\/uj.adatbank.ro\/lexikon\/wp-json\/wp\/v2\/product_tag?post=5336"}],"curies":[{"name":"wp","href":"https:\/\/api.w.org\/{rel}","templated":true}]}}