{"id":5337,"date":"2025-06-28T17:11:54","date_gmt":"2025-06-28T15:11:54","guid":{"rendered":"https:\/\/uj.adatbank.ro\/lexikon\/termek\/bothos-gal-botos-gal\/"},"modified":"2025-06-28T17:11:54","modified_gmt":"2025-06-28T15:11:54","slug":"bothos-gal-botos-gal","status":"publish","type":"product","link":"https:\/\/uj.adatbank.ro\/lexikon\/termek\/bothos-gal-botos-gal\/","title":{"rendered":"BOTHOS G\u00e1l, Botos G\u00e1l"},"content":{"rendered":"<p>? \u2020 ? : f\u00f6ldbirtokos, primor. \u2013 Fia: B. P\u00e9ter. \u2013 A Tomp\u00e1n \u00e9l\u0151 nemes Kalm\u00e1r Gy\u00f6rgy r\u00e9szt vett a Forg\u00e1ch Simon \u00e9s Radu vajda szervezte B\u00e1thori elleni mozgalomban, amit levertek \u00e9s a h\u0171tlenek birtokait elkobozta: Tomp\u00e1t \u00e9s Vec\u00e9t. Nagyv\u00e1rad k\u00f6rny\u00e9k\u00e9r\u0151l telep\u00edtette Sz\u00e9kelytomp\u00e1ra, mint a h\u0171 \u00e9s vit\u00e9z katon\u00e1j\u00e1t, B. G.-t. Sz\u00e9kelytomp\u00e1n primor k\u00f6znemesk\u00e9nt nyert adom\u00e1nylevelet (1610), \u00f6r\u00f6kre sz\u00f3l\u00f3 birtokl\u00e1si joggal, nemess\u00e9gi c\u00edmmel. Ezt a birtokl\u00e1st Bethlen G\u00e1bor is meger\u0151s\u00edtette. A csal\u00e1d lesz\u00e1rmazottai \u00e9p\u00edttett\u00e9k a ref. templomot (1839) \u00e9s Marossz\u00e9k \u00e9let\u00e9ben is szerepet v\u00e1llalt. Kihaltak a 20. sz elej\u00e9n. <br \/><strong>Irod.:<\/strong> Gligor R\u00f3bert L\u00e1szl\u00f3: A tompai Bothos csal\u00e1d (Bekecsalja, 7. sz., 1997. dec.); Ny\u00e1r\u00e1dmente<\/br><\/p>\n","protected":false},"excerpt":{"rendered":"<p>? \u2020 ? : f\u00f6ldbirtokos, primor. \u2013 Fia: B. P\u00e9ter. \u2013 A Tomp\u00e1n \u00e9l\u0151 nemes Kalm\u00e1r Gy\u00f6rgy r\u00e9szt vett a Forg\u00e1ch Simon \u00e9s Radu vajda szervezte B\u00e1thori elleni mozgalomban, amit levertek \u00e9s a h\u0171tlenek birtokait elkobozta: Tomp\u00e1t \u00e9s Vec\u00e9t. Nagyv\u00e1rad k\u00f6rny\u00e9k\u00e9r\u0151l telep\u00edtette Sz\u00e9kelytomp\u00e1ra, mint a h\u0171 \u00e9s vit\u00e9z katon\u00e1j\u00e1t, B. G.-t. Sz\u00e9kelytomp\u00e1n primor k\u00f6znemesk\u00e9nt nyert [&hellip;]<\/p>\n","protected":false},"featured_media":0,"comment_status":"open","ping_status":"closed","template":"","meta":[],"product_brand":[],"product_cat":[137],"product_tag":[],"class_list":{"0":"post-5337","1":"product","2":"type-product","3":"status-publish","5":"product_cat-maros-megyei-eletrajzi-lexikon","7":"first","8":"instock","9":"shipping-taxable","10":"product-type-simple"},"_links":{"self":[{"href":"https:\/\/uj.adatbank.ro\/lexikon\/wp-json\/wp\/v2\/product\/5337","targetHints":{"allow":["GET"]}}],"collection":[{"href":"https:\/\/uj.adatbank.ro\/lexikon\/wp-json\/wp\/v2\/product"}],"about":[{"href":"https:\/\/uj.adatbank.ro\/lexikon\/wp-json\/wp\/v2\/types\/product"}],"replies":[{"embeddable":true,"href":"https:\/\/uj.adatbank.ro\/lexikon\/wp-json\/wp\/v2\/comments?post=5337"}],"wp:attachment":[{"href":"https:\/\/uj.adatbank.ro\/lexikon\/wp-json\/wp\/v2\/media?parent=5337"}],"wp:term":[{"taxonomy":"product_brand","embeddable":true,"href":"https:\/\/uj.adatbank.ro\/lexikon\/wp-json\/wp\/v2\/product_brand?post=5337"},{"taxonomy":"product_cat","embeddable":true,"href":"https:\/\/uj.adatbank.ro\/lexikon\/wp-json\/wp\/v2\/product_cat?post=5337"},{"taxonomy":"product_tag","embeddable":true,"href":"https:\/\/uj.adatbank.ro\/lexikon\/wp-json\/wp\/v2\/product_tag?post=5337"}],"curies":[{"name":"wp","href":"https:\/\/api.w.org\/{rel}","templated":true}]}}