{"id":5339,"date":"2025-06-28T17:11:58","date_gmt":"2025-06-28T15:11:58","guid":{"rendered":"https:\/\/uj.adatbank.ro\/lexikon\/termek\/bothos-kalman-botos-kalman-tompai\/"},"modified":"2025-06-28T17:11:58","modified_gmt":"2025-06-28T15:11:58","slug":"bothos-kalman-botos-kalman-tompai","status":"publish","type":"product","link":"https:\/\/uj.adatbank.ro\/lexikon\/termek\/bothos-kalman-botos-kalman-tompai\/","title":{"rendered":"BOTHOS K\u00e1lm\u00e1n, Botos K\u00e1lm\u00e1n, tompai"},"content":{"rendered":"<p>1830.?, \u2020 Tompa, 1880. \u00e1pr. 5. a csal\u00e1di s\u00edrboltba temett\u00e9k: ogy. k\u00e9pvisel\u0151, alkir\u00e1lyb\u00edr\u00f3. \u2013 Testv\u00e9rei: B. Juli\u00e1nna Hajd\u00fa M\u00f3zesn\u00e9; Gyula, feles\u00e9ge: S\u00e1ndor Kl\u00e1ra; Albert, feles\u00e9ge Geg\u0151 Kata; ifj. S\u00e1ndor J\u00e1nos, keresztfi\u00fak, akit neveltek. Feles\u00e9ge: k\u00f6k\u00f6si Dobolyi Roz\u00e1lia (1838 -Sz\u00e9kelytompa, 1915. jan. 10.). \u2013 Marossz\u00e9k alkir\u00e1lyb\u00edr\u00f3ja, majd Marostordamegye \u00e1kosfalvi v\u00e1laszt\u00f3ker\u00fclete ogy.-i k\u00e9pvisel\u0151je, a marosi ev. ref. egyh\u00e1zmegye gondnoka, t\u00f6rv\u00e9nyhat\u00f3s\u00e1gi \u00e9s k\u00f6zigazgat\u00e1si bizotts\u00e1gi tag. Mintagazdas\u00e1g tulajdonosa. <br \/><strong>Irod.:<\/strong> Gy\u00e1szjelent\u0151; P\u00e1lmay<\/br><\/p>\n","protected":false},"excerpt":{"rendered":"<p>1830.?, \u2020 Tompa, 1880. \u00e1pr. 5. a csal\u00e1di s\u00edrboltba temett\u00e9k: ogy. k\u00e9pvisel\u0151, alkir\u00e1lyb\u00edr\u00f3. \u2013 Testv\u00e9rei: B. Juli\u00e1nna Hajd\u00fa M\u00f3zesn\u00e9; Gyula, feles\u00e9ge: S\u00e1ndor Kl\u00e1ra; Albert, feles\u00e9ge Geg\u0151 Kata; ifj. S\u00e1ndor J\u00e1nos, keresztfi\u00fak, akit neveltek. Feles\u00e9ge: k\u00f6k\u00f6si Dobolyi Roz\u00e1lia (1838 -Sz\u00e9kelytompa, 1915. jan. 10.). \u2013 Marossz\u00e9k alkir\u00e1lyb\u00edr\u00f3ja, majd Marostordamegye \u00e1kosfalvi v\u00e1laszt\u00f3ker\u00fclete ogy.-i k\u00e9pvisel\u0151je, a marosi ev. ref. [&hellip;]<\/p>\n","protected":false},"featured_media":0,"comment_status":"open","ping_status":"closed","template":"","meta":[],"product_brand":[],"product_cat":[137],"product_tag":[],"class_list":{"0":"post-5339","1":"product","2":"type-product","3":"status-publish","5":"product_cat-maros-megyei-eletrajzi-lexikon","7":"first","8":"instock","9":"shipping-taxable","10":"product-type-simple"},"_links":{"self":[{"href":"https:\/\/uj.adatbank.ro\/lexikon\/wp-json\/wp\/v2\/product\/5339","targetHints":{"allow":["GET"]}}],"collection":[{"href":"https:\/\/uj.adatbank.ro\/lexikon\/wp-json\/wp\/v2\/product"}],"about":[{"href":"https:\/\/uj.adatbank.ro\/lexikon\/wp-json\/wp\/v2\/types\/product"}],"replies":[{"embeddable":true,"href":"https:\/\/uj.adatbank.ro\/lexikon\/wp-json\/wp\/v2\/comments?post=5339"}],"wp:attachment":[{"href":"https:\/\/uj.adatbank.ro\/lexikon\/wp-json\/wp\/v2\/media?parent=5339"}],"wp:term":[{"taxonomy":"product_brand","embeddable":true,"href":"https:\/\/uj.adatbank.ro\/lexikon\/wp-json\/wp\/v2\/product_brand?post=5339"},{"taxonomy":"product_cat","embeddable":true,"href":"https:\/\/uj.adatbank.ro\/lexikon\/wp-json\/wp\/v2\/product_cat?post=5339"},{"taxonomy":"product_tag","embeddable":true,"href":"https:\/\/uj.adatbank.ro\/lexikon\/wp-json\/wp\/v2\/product_tag?post=5339"}],"curies":[{"name":"wp","href":"https:\/\/api.w.org\/{rel}","templated":true}]}}