{"id":5340,"date":"2025-06-28T17:12:00","date_gmt":"2025-06-28T15:12:00","guid":{"rendered":"https:\/\/uj.adatbank.ro\/lexikon\/termek\/bothos-peter-tompai-botos-peter\/"},"modified":"2025-06-28T17:12:00","modified_gmt":"2025-06-28T15:12:00","slug":"bothos-peter-tompai-botos-peter","status":"publish","type":"product","link":"https:\/\/uj.adatbank.ro\/lexikon\/termek\/bothos-peter-tompai-botos-peter\/","title":{"rendered":"BOTHOS P\u00e9ter, tompai, Botos P\u00e9ter"},"content":{"rendered":"<p>1604., \u2020 1685. az \u00e1ltala \u00e9p\u00edtett templom bej\u00e1rat\u00e1nak jobb oldal\u00e1n temett\u00e9k el: szabad l\u00f3f\u0151, sz\u00e9kely katona, alkir\u00e1lyb\u00edr\u00f3. \u2013 B. G\u00e1l fia, aki a tompai birtokot \u00f6r\u00f6kre val\u00f3 birtokl\u00e1si joggal B\u00e1thori G\u00e1bor fejedelemt\u0151l kapta. Feles\u00e9ge Tompa \u00c1gnes. Fiaik: S\u00e1ndor, Szilveszter, G\u00e1l, S\u00e1muel \u00e9s Gy\u00f6rgy. \u2013 Erd\u00e9ly minden hadj\u00e1rat\u00e1ban r\u00e9szt vett (1620\u201357). Kem\u00e9ny J\u00e1nos vez\u00e9relte sz\u00e9kely hadsereget az egyes\u00fclt orosz, lengyel, tat\u00e1r sereg beker\u00edtette Gal\u00edci\u00e1ban (1657), sokan ker\u00fcltek fogs\u00e1gba, a Kr\u00edm f\u00e9lszigetre hurcolt\u00e1k. Fogs\u00e1g\u00e1b\u00f3l feles\u00e9ge v\u00e1lts\u00e1gd\u00edj ellen\u00e9ben kimentette. Alkir\u00e1lyb\u00edr\u00f3 volt Marossz\u00e9kben (1655, 1656). Tompa falu megalap\u00edt\u00f3ja, meger\u0151s\u00edt\u0151je, a tavakat lecsapoltatta, \u00edgy term\u0151ter\u00fcleteket nyertek, iskol\u00e1t \u00e9p\u00edtetett, ahova a jobb\u00e1gy gyermekek is j\u00e1rhattak. A sz\u00e9kelytompai iskola (1806) fal\u00e1n eml\u00e9kt\u00e1bl\u00e1t helyeztek el, amelyen megeml\u00e9keztek r\u00f3la, mint a tompai n\u00e9poktat\u00e1s megalap\u00edt\u00f3j\u00e1r\u00f3l. A csal\u00e1d Marossz\u00e9k \u00e9let\u00e9ben is szerepet j\u00e1tszott, lesz\u00e1rmazottai \u00e9p\u00edtett\u00e9k a ref. templomot (1839). Kihaltak a 20. sz. elej\u00e9n. <br \/><strong>Irod.:<\/strong> Gligor R\u00f3bert L\u00e1szl\u00f3: A tompai Bothos csal\u00e1d (Bekecsalja, 7. sz., 1997. dec.); Maros megye; Nagy Annam\u00e1ria: Sz\u00e9kelytompai napok (N\u00fa., 2005. okt 7); Ny\u00e1r\u00e1dmente; Ny\u00e1r\u00e1dszereda; Ny\u00e1r\u00e1dszereda k\u00f6zs\u00e9g; P\u00e1l-Antal 2002<\/br><\/p>\n","protected":false},"excerpt":{"rendered":"<p>1604., \u2020 1685. az \u00e1ltala \u00e9p\u00edtett templom bej\u00e1rat\u00e1nak jobb oldal\u00e1n temett\u00e9k el: szabad l\u00f3f\u0151, sz\u00e9kely katona, alkir\u00e1lyb\u00edr\u00f3. \u2013 B. G\u00e1l fia, aki a tompai birtokot \u00f6r\u00f6kre val\u00f3 birtokl\u00e1si joggal B\u00e1thori G\u00e1bor fejedelemt\u0151l kapta. Feles\u00e9ge Tompa \u00c1gnes. Fiaik: S\u00e1ndor, Szilveszter, G\u00e1l, S\u00e1muel \u00e9s Gy\u00f6rgy. \u2013 Erd\u00e9ly minden hadj\u00e1rat\u00e1ban r\u00e9szt vett (1620\u201357). Kem\u00e9ny J\u00e1nos vez\u00e9relte sz\u00e9kely hadsereget [&hellip;]<\/p>\n","protected":false},"featured_media":0,"comment_status":"open","ping_status":"closed","template":"","meta":[],"product_brand":[],"product_cat":[137],"product_tag":[],"class_list":{"0":"post-5340","1":"product","2":"type-product","3":"status-publish","5":"product_cat-maros-megyei-eletrajzi-lexikon","7":"first","8":"instock","9":"shipping-taxable","10":"product-type-simple"},"_links":{"self":[{"href":"https:\/\/uj.adatbank.ro\/lexikon\/wp-json\/wp\/v2\/product\/5340","targetHints":{"allow":["GET"]}}],"collection":[{"href":"https:\/\/uj.adatbank.ro\/lexikon\/wp-json\/wp\/v2\/product"}],"about":[{"href":"https:\/\/uj.adatbank.ro\/lexikon\/wp-json\/wp\/v2\/types\/product"}],"replies":[{"embeddable":true,"href":"https:\/\/uj.adatbank.ro\/lexikon\/wp-json\/wp\/v2\/comments?post=5340"}],"wp:attachment":[{"href":"https:\/\/uj.adatbank.ro\/lexikon\/wp-json\/wp\/v2\/media?parent=5340"}],"wp:term":[{"taxonomy":"product_brand","embeddable":true,"href":"https:\/\/uj.adatbank.ro\/lexikon\/wp-json\/wp\/v2\/product_brand?post=5340"},{"taxonomy":"product_cat","embeddable":true,"href":"https:\/\/uj.adatbank.ro\/lexikon\/wp-json\/wp\/v2\/product_cat?post=5340"},{"taxonomy":"product_tag","embeddable":true,"href":"https:\/\/uj.adatbank.ro\/lexikon\/wp-json\/wp\/v2\/product_tag?post=5340"}],"curies":[{"name":"wp","href":"https:\/\/api.w.org\/{rel}","templated":true}]}}