{"id":5341,"date":"2025-06-28T17:12:03","date_gmt":"2025-06-28T15:12:03","guid":{"rendered":"https:\/\/uj.adatbank.ro\/lexikon\/termek\/botianu-alesandru\/"},"modified":"2025-06-28T17:12:03","modified_gmt":"2025-06-28T15:12:03","slug":"botianu-alesandru","status":"publish","type":"product","link":"https:\/\/uj.adatbank.ro\/lexikon\/termek\/botianu-alesandru\/","title":{"rendered":"BO\u0162IANU Alesandru"},"content":{"rendered":"<p>? \u2020 1897 febr. 14: : g. kat. pap. \u2013 Apja, B. Petru. \u2013 Bal\u00e1zsfalv\u00e1n v\u00e9gezett gimn.-ot, teol\u00f3gi\u00e1t (1882\u201384), papp\u00e1 szentelt\u00e9k (1886. \u00e1pr. 10). Apja mellett Marosligetben szolg\u00e1lt seg\u00e9dlelk\u00e9szk\u00e9nt (1896). Apja hal\u00e1la ut\u00e1n \u00e1tvette a parokia vezet\u00e9s\u00e9t. <br \/><strong>Irod.:<\/strong> Dobozi<\/br><\/p>\n","protected":false},"excerpt":{"rendered":"<p>? \u2020 1897 febr. 14: : g. kat. pap. \u2013 Apja, B. Petru. \u2013 Bal\u00e1zsfalv\u00e1n v\u00e9gezett gimn.-ot, teol\u00f3gi\u00e1t (1882\u201384), papp\u00e1 szentelt\u00e9k (1886. \u00e1pr. 10). Apja mellett Marosligetben szolg\u00e1lt seg\u00e9dlelk\u00e9szk\u00e9nt (1896). Apja hal\u00e1la ut\u00e1n \u00e1tvette a parokia vezet\u00e9s\u00e9t. Irod.: Dobozi<\/p>\n","protected":false},"featured_media":0,"comment_status":"open","ping_status":"closed","template":"","meta":[],"product_brand":[],"product_cat":[137],"product_tag":[],"class_list":{"0":"post-5341","1":"product","2":"type-product","3":"status-publish","5":"product_cat-maros-megyei-eletrajzi-lexikon","7":"first","8":"instock","9":"shipping-taxable","10":"product-type-simple"},"_links":{"self":[{"href":"https:\/\/uj.adatbank.ro\/lexikon\/wp-json\/wp\/v2\/product\/5341","targetHints":{"allow":["GET"]}}],"collection":[{"href":"https:\/\/uj.adatbank.ro\/lexikon\/wp-json\/wp\/v2\/product"}],"about":[{"href":"https:\/\/uj.adatbank.ro\/lexikon\/wp-json\/wp\/v2\/types\/product"}],"replies":[{"embeddable":true,"href":"https:\/\/uj.adatbank.ro\/lexikon\/wp-json\/wp\/v2\/comments?post=5341"}],"wp:attachment":[{"href":"https:\/\/uj.adatbank.ro\/lexikon\/wp-json\/wp\/v2\/media?parent=5341"}],"wp:term":[{"taxonomy":"product_brand","embeddable":true,"href":"https:\/\/uj.adatbank.ro\/lexikon\/wp-json\/wp\/v2\/product_brand?post=5341"},{"taxonomy":"product_cat","embeddable":true,"href":"https:\/\/uj.adatbank.ro\/lexikon\/wp-json\/wp\/v2\/product_cat?post=5341"},{"taxonomy":"product_tag","embeddable":true,"href":"https:\/\/uj.adatbank.ro\/lexikon\/wp-json\/wp\/v2\/product_tag?post=5341"}],"curies":[{"name":"wp","href":"https:\/\/api.w.org\/{rel}","templated":true}]}}