{"id":5342,"date":"2025-06-28T17:12:04","date_gmt":"2025-06-28T15:12:04","guid":{"rendered":"https:\/\/uj.adatbank.ro\/lexikon\/termek\/botianu-augustin\/"},"modified":"2025-06-28T17:12:04","modified_gmt":"2025-06-28T15:12:04","slug":"botianu-augustin","status":"publish","type":"product","link":"https:\/\/uj.adatbank.ro\/lexikon\/termek\/botianu-augustin\/","title":{"rendered":"BO\u0162IANU Augustin"},"content":{"rendered":"<p>1866., \u2020 ? : g. kat. pap. \u2013 Bal\u00e1zsfalv\u00e1n v\u00e9gezte a teol\u00f3gi\u00e1t (1889), de \u00fcres papi \u00e1ll\u00e1s hi\u00e1nya miatt, egy \u00e9vig nem tudott elhelyezkedni, ad\u00f3 szed\u0151 volt a sz\u00fcl\u0151faluj\u00e1ban (1886. \u201389), ez\u00e9rt nevezt\u00e9k ki ideiglenesen pl\u00e9b\u00e1niai \u00fcgyint\u00e9z\u0151nek Erd\u0151szak\u00e1lba (1890), majd papnak. Cs\u00e1sz\u00e1ri seg\u00edts\u00e9ggel g. kat. templomot v\u00e1s\u00e1roltak (1892). Marosligeten szolg\u00e1lt (1923\u201329). <br \/><strong>Irod.:<\/strong> Dobozi<\/br><\/p>\n","protected":false},"excerpt":{"rendered":"<p>1866., \u2020 ? : g. kat. pap. \u2013 Bal\u00e1zsfalv\u00e1n v\u00e9gezte a teol\u00f3gi\u00e1t (1889), de \u00fcres papi \u00e1ll\u00e1s hi\u00e1nya miatt, egy \u00e9vig nem tudott elhelyezkedni, ad\u00f3 szed\u0151 volt a sz\u00fcl\u0151faluj\u00e1ban (1886. \u201389), ez\u00e9rt nevezt\u00e9k ki ideiglenesen pl\u00e9b\u00e1niai \u00fcgyint\u00e9z\u0151nek Erd\u0151szak\u00e1lba (1890), majd papnak. Cs\u00e1sz\u00e1ri seg\u00edts\u00e9ggel g. kat. templomot v\u00e1s\u00e1roltak (1892). Marosligeten szolg\u00e1lt (1923\u201329). Irod.: Dobozi<\/p>\n","protected":false},"featured_media":0,"comment_status":"open","ping_status":"closed","template":"","meta":[],"product_brand":[],"product_cat":[137],"product_tag":[],"class_list":{"0":"post-5342","1":"product","2":"type-product","3":"status-publish","5":"product_cat-maros-megyei-eletrajzi-lexikon","7":"first","8":"instock","9":"shipping-taxable","10":"product-type-simple"},"_links":{"self":[{"href":"https:\/\/uj.adatbank.ro\/lexikon\/wp-json\/wp\/v2\/product\/5342","targetHints":{"allow":["GET"]}}],"collection":[{"href":"https:\/\/uj.adatbank.ro\/lexikon\/wp-json\/wp\/v2\/product"}],"about":[{"href":"https:\/\/uj.adatbank.ro\/lexikon\/wp-json\/wp\/v2\/types\/product"}],"replies":[{"embeddable":true,"href":"https:\/\/uj.adatbank.ro\/lexikon\/wp-json\/wp\/v2\/comments?post=5342"}],"wp:attachment":[{"href":"https:\/\/uj.adatbank.ro\/lexikon\/wp-json\/wp\/v2\/media?parent=5342"}],"wp:term":[{"taxonomy":"product_brand","embeddable":true,"href":"https:\/\/uj.adatbank.ro\/lexikon\/wp-json\/wp\/v2\/product_brand?post=5342"},{"taxonomy":"product_cat","embeddable":true,"href":"https:\/\/uj.adatbank.ro\/lexikon\/wp-json\/wp\/v2\/product_cat?post=5342"},{"taxonomy":"product_tag","embeddable":true,"href":"https:\/\/uj.adatbank.ro\/lexikon\/wp-json\/wp\/v2\/product_tag?post=5342"}],"curies":[{"name":"wp","href":"https:\/\/api.w.org\/{rel}","templated":true}]}}