{"id":5343,"date":"2025-06-28T17:12:06","date_gmt":"2025-06-28T15:12:06","guid":{"rendered":"https:\/\/uj.adatbank.ro\/lexikon\/termek\/botianu-axente\/"},"modified":"2025-06-28T17:12:06","modified_gmt":"2025-06-28T15:12:06","slug":"botianu-axente","status":"publish","type":"product","link":"https:\/\/uj.adatbank.ro\/lexikon\/termek\/botianu-axente\/","title":{"rendered":"BO\u0162IANU Axente"},"content":{"rendered":"<p>Marosliget, ? \u2020 Gal\u00f3nya, ? : tan\u00edt\u00f3.-Tan\u00edt\u00f3k\u00e9pz\u0151t Kv.-on v\u00e9gzett, majd Gal\u00f3ny\u00e1ra ker\u00fclt (1944 ut\u00e1n). \u0150 l\u00e9tes\u00edtette a gal\u00f3nyai elemi isk.-t. Vezette a falu m\u0171vel\u0151d\u00e9si \u00e9let\u00e9t (42 \u00e9ven kereszt\u00fcl). <br \/><strong>Irod.:<\/strong> Deda \u00een spa\u0163iu<\/br><\/p>\n","protected":false},"excerpt":{"rendered":"<p>Marosliget, ? \u2020 Gal\u00f3nya, ? : tan\u00edt\u00f3.-Tan\u00edt\u00f3k\u00e9pz\u0151t Kv.-on v\u00e9gzett, majd Gal\u00f3ny\u00e1ra ker\u00fclt (1944 ut\u00e1n). \u0150 l\u00e9tes\u00edtette a gal\u00f3nyai elemi isk.-t. Vezette a falu m\u0171vel\u0151d\u00e9si \u00e9let\u00e9t (42 \u00e9ven kereszt\u00fcl). Irod.: Deda \u00een spa\u0163iu<\/p>\n","protected":false},"featured_media":0,"comment_status":"open","ping_status":"closed","template":"","meta":[],"product_brand":[],"product_cat":[137],"product_tag":[],"class_list":{"0":"post-5343","1":"product","2":"type-product","3":"status-publish","5":"product_cat-maros-megyei-eletrajzi-lexikon","7":"first","8":"instock","9":"shipping-taxable","10":"product-type-simple"},"_links":{"self":[{"href":"https:\/\/uj.adatbank.ro\/lexikon\/wp-json\/wp\/v2\/product\/5343","targetHints":{"allow":["GET"]}}],"collection":[{"href":"https:\/\/uj.adatbank.ro\/lexikon\/wp-json\/wp\/v2\/product"}],"about":[{"href":"https:\/\/uj.adatbank.ro\/lexikon\/wp-json\/wp\/v2\/types\/product"}],"replies":[{"embeddable":true,"href":"https:\/\/uj.adatbank.ro\/lexikon\/wp-json\/wp\/v2\/comments?post=5343"}],"wp:attachment":[{"href":"https:\/\/uj.adatbank.ro\/lexikon\/wp-json\/wp\/v2\/media?parent=5343"}],"wp:term":[{"taxonomy":"product_brand","embeddable":true,"href":"https:\/\/uj.adatbank.ro\/lexikon\/wp-json\/wp\/v2\/product_brand?post=5343"},{"taxonomy":"product_cat","embeddable":true,"href":"https:\/\/uj.adatbank.ro\/lexikon\/wp-json\/wp\/v2\/product_cat?post=5343"},{"taxonomy":"product_tag","embeddable":true,"href":"https:\/\/uj.adatbank.ro\/lexikon\/wp-json\/wp\/v2\/product_tag?post=5343"}],"curies":[{"name":"wp","href":"https:\/\/api.w.org\/{rel}","templated":true}]}}