{"id":5344,"date":"2025-06-28T17:12:07","date_gmt":"2025-06-28T15:12:07","guid":{"rendered":"https:\/\/uj.adatbank.ro\/lexikon\/termek\/botog-iosif\/"},"modified":"2025-06-28T17:12:07","modified_gmt":"2025-06-28T15:12:07","slug":"botog-iosif","status":"publish","type":"product","link":"https:\/\/uj.adatbank.ro\/lexikon\/termek\/botog-iosif\/","title":{"rendered":"BO\u0162OG Iosif"},"content":{"rendered":"<p>? \u2020 ? : birtokos. \u2013 Nagyszederjesi birtokos, aki megv\u00e1s\u00e1rolta a Hrisov nev\u0171 fatemplomot, \u00e9s saj\u00e1t birtok\u00e1n \u00e9p\u00edttette \u00fajra fel. Az a g\u00f6r. kat. fatemplom eredetileg Marosj\u00e1r\u00e1ban \u00e9p\u00fclt (1790), majd szinte romos \u00e1llapotban Iszl\u00f3ba ker\u00fclt, \u00e9s ist\u00e1ll\u00f3 \u00e9p\u00edt\u00e9s\u00e9re akart\u00e1k felhaszn\u00e1lni, onnan ker\u00fclt a Botog csal\u00e1d birtok\u00e1ba (1958\u201359). <br \/><strong>Irod.:<\/strong> Reghin, Protopopiat<\/br><\/p>\n","protected":false},"excerpt":{"rendered":"<p>? \u2020 ? : birtokos. \u2013 Nagyszederjesi birtokos, aki megv\u00e1s\u00e1rolta a Hrisov nev\u0171 fatemplomot, \u00e9s saj\u00e1t birtok\u00e1n \u00e9p\u00edttette \u00fajra fel. Az a g\u00f6r. kat. fatemplom eredetileg Marosj\u00e1r\u00e1ban \u00e9p\u00fclt (1790), majd szinte romos \u00e1llapotban Iszl\u00f3ba ker\u00fclt, \u00e9s ist\u00e1ll\u00f3 \u00e9p\u00edt\u00e9s\u00e9re akart\u00e1k felhaszn\u00e1lni, onnan ker\u00fclt a Botog csal\u00e1d birtok\u00e1ba (1958\u201359). Irod.: Reghin, Protopopiat<\/p>\n","protected":false},"featured_media":0,"comment_status":"open","ping_status":"closed","template":"","meta":[],"product_brand":[],"product_cat":[137],"product_tag":[],"class_list":{"0":"post-5344","1":"product","2":"type-product","3":"status-publish","5":"product_cat-maros-megyei-eletrajzi-lexikon","7":"first","8":"instock","9":"shipping-taxable","10":"product-type-simple"},"_links":{"self":[{"href":"https:\/\/uj.adatbank.ro\/lexikon\/wp-json\/wp\/v2\/product\/5344","targetHints":{"allow":["GET"]}}],"collection":[{"href":"https:\/\/uj.adatbank.ro\/lexikon\/wp-json\/wp\/v2\/product"}],"about":[{"href":"https:\/\/uj.adatbank.ro\/lexikon\/wp-json\/wp\/v2\/types\/product"}],"replies":[{"embeddable":true,"href":"https:\/\/uj.adatbank.ro\/lexikon\/wp-json\/wp\/v2\/comments?post=5344"}],"wp:attachment":[{"href":"https:\/\/uj.adatbank.ro\/lexikon\/wp-json\/wp\/v2\/media?parent=5344"}],"wp:term":[{"taxonomy":"product_brand","embeddable":true,"href":"https:\/\/uj.adatbank.ro\/lexikon\/wp-json\/wp\/v2\/product_brand?post=5344"},{"taxonomy":"product_cat","embeddable":true,"href":"https:\/\/uj.adatbank.ro\/lexikon\/wp-json\/wp\/v2\/product_cat?post=5344"},{"taxonomy":"product_tag","embeddable":true,"href":"https:\/\/uj.adatbank.ro\/lexikon\/wp-json\/wp\/v2\/product_tag?post=5344"}],"curies":[{"name":"wp","href":"https:\/\/api.w.org\/{rel}","templated":true}]}}