{"id":5345,"date":"2025-06-28T17:12:10","date_gmt":"2025-06-28T15:12:10","guid":{"rendered":"https:\/\/uj.adatbank.ro\/lexikon\/termek\/botond-gyorgy\/"},"modified":"2025-06-28T17:12:10","modified_gmt":"2025-06-28T15:12:10","slug":"botond-gyorgy","status":"publish","type":"product","link":"https:\/\/uj.adatbank.ro\/lexikon\/termek\/botond-gyorgy\/","title":{"rendered":"BOTOND Gy\u00f6rgy"},"content":{"rendered":"<p>Szarvas, 1903., \u2020\u00a0? : bankigazgat\u00f3. \u2013 Tanulm\u00e1nyait a bp.-i TE-en v\u00e9gezte, ahol jogi doktori oklevelet szerzett. A Szarvasi Takar\u00e9kp\u00e9nzt\u00e1rn\u00e1l kezdte p\u00e1lyafut\u00e1s\u00e1t, onnan a Szolnoki Hitelbankhoz ker\u00fclt, majd a Kecskem\u00e9ti M. Kereskedelmi Bank c\u00e9gjegyz\u0151je (1938\u2013). Az Erd\u00e9lyi Bank Rt. mv.-i int\u00e9zet\u00e9nek igazgat\u00f3ja (1940\u2013). <br \/><strong>Irod.:<\/strong> Sz\u00e9kelyf\u00f6ld \u00ed. k<\/br><\/p>\n","protected":false},"excerpt":{"rendered":"<p>Szarvas, 1903., \u2020\u00a0? : bankigazgat\u00f3. \u2013 Tanulm\u00e1nyait a bp.-i TE-en v\u00e9gezte, ahol jogi doktori oklevelet szerzett. A Szarvasi Takar\u00e9kp\u00e9nzt\u00e1rn\u00e1l kezdte p\u00e1lyafut\u00e1s\u00e1t, onnan a Szolnoki Hitelbankhoz ker\u00fclt, majd a Kecskem\u00e9ti M. Kereskedelmi Bank c\u00e9gjegyz\u0151je (1938\u2013). Az Erd\u00e9lyi Bank Rt. mv.-i int\u00e9zet\u00e9nek igazgat\u00f3ja (1940\u2013). Irod.: Sz\u00e9kelyf\u00f6ld \u00ed. k<\/p>\n","protected":false},"featured_media":0,"comment_status":"open","ping_status":"closed","template":"","meta":[],"product_brand":[],"product_cat":[137],"product_tag":[],"class_list":{"0":"post-5345","1":"product","2":"type-product","3":"status-publish","5":"product_cat-maros-megyei-eletrajzi-lexikon","7":"first","8":"instock","9":"shipping-taxable","10":"product-type-simple"},"_links":{"self":[{"href":"https:\/\/uj.adatbank.ro\/lexikon\/wp-json\/wp\/v2\/product\/5345","targetHints":{"allow":["GET"]}}],"collection":[{"href":"https:\/\/uj.adatbank.ro\/lexikon\/wp-json\/wp\/v2\/product"}],"about":[{"href":"https:\/\/uj.adatbank.ro\/lexikon\/wp-json\/wp\/v2\/types\/product"}],"replies":[{"embeddable":true,"href":"https:\/\/uj.adatbank.ro\/lexikon\/wp-json\/wp\/v2\/comments?post=5345"}],"wp:attachment":[{"href":"https:\/\/uj.adatbank.ro\/lexikon\/wp-json\/wp\/v2\/media?parent=5345"}],"wp:term":[{"taxonomy":"product_brand","embeddable":true,"href":"https:\/\/uj.adatbank.ro\/lexikon\/wp-json\/wp\/v2\/product_brand?post=5345"},{"taxonomy":"product_cat","embeddable":true,"href":"https:\/\/uj.adatbank.ro\/lexikon\/wp-json\/wp\/v2\/product_cat?post=5345"},{"taxonomy":"product_tag","embeddable":true,"href":"https:\/\/uj.adatbank.ro\/lexikon\/wp-json\/wp\/v2\/product_tag?post=5345"}],"curies":[{"name":"wp","href":"https:\/\/api.w.org\/{rel}","templated":true}]}}