{"id":5346,"date":"2025-06-28T17:12:12","date_gmt":"2025-06-28T15:12:12","guid":{"rendered":"https:\/\/uj.adatbank.ro\/lexikon\/termek\/botos-dumitru-lichi\/"},"modified":"2025-06-28T17:12:12","modified_gmt":"2025-06-28T15:12:12","slug":"botos-dumitru-lichi","status":"publish","type":"product","link":"https:\/\/uj.adatbank.ro\/lexikon\/termek\/botos-dumitru-lichi\/","title":{"rendered":"BOTO\u015e Dumitru-Lichi"},"content":{"rendered":"<p>Ny\u00e1r\u00e1dt\u0151, 1900. j\u00fal. 8., \u2020\u00a0?\u00a0: rakt\u00e1ros. \u2013 A mv.-i vas\u00fat\u00e1llom\u00e1son volt rakt\u00e1ros. A ny\u00e1r\u00e1dt\u0151i kollektiviz\u00e1l\u00e1s-ellenes megmozdul\u00e1s kapcs\u00e1n tartoztatta le (1959. szept. 19) \u00e9s \u00e1ll\u00edtotta b\u00edr\u00f3s\u00e1g el\u00e9 a MAT Katonai \u00dcgy\u00e9szs\u00e9ge. <br \/><strong>Irod.:<\/strong> 1956 Erd\u00e9lyben<\/br><\/p>\n","protected":false},"excerpt":{"rendered":"<p>Ny\u00e1r\u00e1dt\u0151, 1900. j\u00fal. 8., \u2020\u00a0?\u00a0: rakt\u00e1ros. \u2013 A mv.-i vas\u00fat\u00e1llom\u00e1son volt rakt\u00e1ros. A ny\u00e1r\u00e1dt\u0151i kollektiviz\u00e1l\u00e1s-ellenes megmozdul\u00e1s kapcs\u00e1n tartoztatta le (1959. szept. 19) \u00e9s \u00e1ll\u00edtotta b\u00edr\u00f3s\u00e1g el\u00e9 a MAT Katonai \u00dcgy\u00e9szs\u00e9ge. Irod.: 1956 Erd\u00e9lyben<\/p>\n","protected":false},"featured_media":0,"comment_status":"open","ping_status":"closed","template":"","meta":[],"product_brand":[],"product_cat":[137],"product_tag":[],"class_list":{"0":"post-5346","1":"product","2":"type-product","3":"status-publish","5":"product_cat-maros-megyei-eletrajzi-lexikon","7":"first","8":"instock","9":"shipping-taxable","10":"product-type-simple"},"_links":{"self":[{"href":"https:\/\/uj.adatbank.ro\/lexikon\/wp-json\/wp\/v2\/product\/5346","targetHints":{"allow":["GET"]}}],"collection":[{"href":"https:\/\/uj.adatbank.ro\/lexikon\/wp-json\/wp\/v2\/product"}],"about":[{"href":"https:\/\/uj.adatbank.ro\/lexikon\/wp-json\/wp\/v2\/types\/product"}],"replies":[{"embeddable":true,"href":"https:\/\/uj.adatbank.ro\/lexikon\/wp-json\/wp\/v2\/comments?post=5346"}],"wp:attachment":[{"href":"https:\/\/uj.adatbank.ro\/lexikon\/wp-json\/wp\/v2\/media?parent=5346"}],"wp:term":[{"taxonomy":"product_brand","embeddable":true,"href":"https:\/\/uj.adatbank.ro\/lexikon\/wp-json\/wp\/v2\/product_brand?post=5346"},{"taxonomy":"product_cat","embeddable":true,"href":"https:\/\/uj.adatbank.ro\/lexikon\/wp-json\/wp\/v2\/product_cat?post=5346"},{"taxonomy":"product_tag","embeddable":true,"href":"https:\/\/uj.adatbank.ro\/lexikon\/wp-json\/wp\/v2\/product_tag?post=5346"}],"curies":[{"name":"wp","href":"https:\/\/api.w.org\/{rel}","templated":true}]}}