{"id":5349,"date":"2025-06-28T17:12:19","date_gmt":"2025-06-28T15:12:19","guid":{"rendered":"https:\/\/uj.adatbank.ro\/lexikon\/termek\/botos-peter\/"},"modified":"2025-06-28T17:12:19","modified_gmt":"2025-06-28T15:12:19","slug":"botos-peter","status":"publish","type":"product","link":"https:\/\/uj.adatbank.ro\/lexikon\/termek\/botos-peter\/","title":{"rendered":"BOTOS P\u00e9ter"},"content":{"rendered":"<p>? \u2020 ? : Feles\u00e9ge: ny\u00e1r\u00e1dg\u00e1lfalvi Nagy Zsuzs\u00e1nna (\u2020 1802. m\u00e1rc.).-. Az \u0151 nev\u00e9hez f\u0171z\u0151dik a falu els\u0151 templom\u00e1nak fel\u00e9p\u00edt\u00e9se is (1839). <br \/><strong>Irod.:<\/strong> Haloti besz\u00e9dek; Kozma Gergely: Halotti besz\u00e9d Botos P\u00e9tern\u00e9 Nagy Susanna felett (Kv., 1802); Ny\u00e1r\u00e1dszereda k\u00f6zs\u00e9g; P\u00e1l-Antal 2002; P\u00e1lmay<\/br><\/p>\n","protected":false},"excerpt":{"rendered":"<p>? \u2020 ? : Feles\u00e9ge: ny\u00e1r\u00e1dg\u00e1lfalvi Nagy Zsuzs\u00e1nna (\u2020 1802. m\u00e1rc.).-. Az \u0151 nev\u00e9hez f\u0171z\u0151dik a falu els\u0151 templom\u00e1nak fel\u00e9p\u00edt\u00e9se is (1839). Irod.: Haloti besz\u00e9dek; Kozma Gergely: Halotti besz\u00e9d Botos P\u00e9tern\u00e9 Nagy Susanna felett (Kv., 1802); Ny\u00e1r\u00e1dszereda k\u00f6zs\u00e9g; P\u00e1l-Antal 2002; P\u00e1lmay<\/p>\n","protected":false},"featured_media":0,"comment_status":"open","ping_status":"closed","template":"","meta":[],"product_brand":[],"product_cat":[137],"product_tag":[],"class_list":{"0":"post-5349","1":"product","2":"type-product","3":"status-publish","5":"product_cat-maros-megyei-eletrajzi-lexikon","7":"first","8":"instock","9":"shipping-taxable","10":"product-type-simple"},"_links":{"self":[{"href":"https:\/\/uj.adatbank.ro\/lexikon\/wp-json\/wp\/v2\/product\/5349","targetHints":{"allow":["GET"]}}],"collection":[{"href":"https:\/\/uj.adatbank.ro\/lexikon\/wp-json\/wp\/v2\/product"}],"about":[{"href":"https:\/\/uj.adatbank.ro\/lexikon\/wp-json\/wp\/v2\/types\/product"}],"replies":[{"embeddable":true,"href":"https:\/\/uj.adatbank.ro\/lexikon\/wp-json\/wp\/v2\/comments?post=5349"}],"wp:attachment":[{"href":"https:\/\/uj.adatbank.ro\/lexikon\/wp-json\/wp\/v2\/media?parent=5349"}],"wp:term":[{"taxonomy":"product_brand","embeddable":true,"href":"https:\/\/uj.adatbank.ro\/lexikon\/wp-json\/wp\/v2\/product_brand?post=5349"},{"taxonomy":"product_cat","embeddable":true,"href":"https:\/\/uj.adatbank.ro\/lexikon\/wp-json\/wp\/v2\/product_cat?post=5349"},{"taxonomy":"product_tag","embeddable":true,"href":"https:\/\/uj.adatbank.ro\/lexikon\/wp-json\/wp\/v2\/product_tag?post=5349"}],"curies":[{"name":"wp","href":"https:\/\/api.w.org\/{rel}","templated":true}]}}