{"id":5353,"date":"2025-06-28T17:12:27","date_gmt":"2025-06-28T15:12:27","guid":{"rendered":"https:\/\/uj.adatbank.ro\/lexikon\/termek\/bozdog-gheorghe\/"},"modified":"2025-06-28T17:12:27","modified_gmt":"2025-06-28T15:12:27","slug":"bozdog-gheorghe","status":"publish","type":"product","link":"https:\/\/uj.adatbank.ro\/lexikon\/termek\/bozdog-gheorghe\/","title":{"rendered":"BOZDOG Gheorghe"},"content":{"rendered":"<p>? \u2020\u00a0? : az iparkamar\u00e1k k\u00e9pvisel\u0151je. \u2013 Mv.-t k\u00e9pviselte a c\u00e9gb\u00edr\u00f3s\u00e1gon, ugyancsak \u0151 l\u00e1tta el a r\u00e9gi\u00f3 kereskedelmi \u00e9s iparkamar\u00e1inak a k\u00e9pviselet\u00e9t is (1939). <br \/><strong>Irod.:<\/strong> Id\u0151t\u00e1r 3<\/br><\/p>\n","protected":false},"excerpt":{"rendered":"<p>? \u2020\u00a0? : az iparkamar\u00e1k k\u00e9pvisel\u0151je. \u2013 Mv.-t k\u00e9pviselte a c\u00e9gb\u00edr\u00f3s\u00e1gon, ugyancsak \u0151 l\u00e1tta el a r\u00e9gi\u00f3 kereskedelmi \u00e9s iparkamar\u00e1inak a k\u00e9pviselet\u00e9t is (1939). Irod.: Id\u0151t\u00e1r 3<\/p>\n","protected":false},"featured_media":0,"comment_status":"open","ping_status":"closed","template":"","meta":[],"product_brand":[],"product_cat":[137],"product_tag":[],"class_list":{"0":"post-5353","1":"product","2":"type-product","3":"status-publish","5":"product_cat-maros-megyei-eletrajzi-lexikon","7":"first","8":"instock","9":"shipping-taxable","10":"product-type-simple"},"_links":{"self":[{"href":"https:\/\/uj.adatbank.ro\/lexikon\/wp-json\/wp\/v2\/product\/5353","targetHints":{"allow":["GET"]}}],"collection":[{"href":"https:\/\/uj.adatbank.ro\/lexikon\/wp-json\/wp\/v2\/product"}],"about":[{"href":"https:\/\/uj.adatbank.ro\/lexikon\/wp-json\/wp\/v2\/types\/product"}],"replies":[{"embeddable":true,"href":"https:\/\/uj.adatbank.ro\/lexikon\/wp-json\/wp\/v2\/comments?post=5353"}],"wp:attachment":[{"href":"https:\/\/uj.adatbank.ro\/lexikon\/wp-json\/wp\/v2\/media?parent=5353"}],"wp:term":[{"taxonomy":"product_brand","embeddable":true,"href":"https:\/\/uj.adatbank.ro\/lexikon\/wp-json\/wp\/v2\/product_brand?post=5353"},{"taxonomy":"product_cat","embeddable":true,"href":"https:\/\/uj.adatbank.ro\/lexikon\/wp-json\/wp\/v2\/product_cat?post=5353"},{"taxonomy":"product_tag","embeddable":true,"href":"https:\/\/uj.adatbank.ro\/lexikon\/wp-json\/wp\/v2\/product_tag?post=5353"}],"curies":[{"name":"wp","href":"https:\/\/api.w.org\/{rel}","templated":true}]}}