{"id":5355,"date":"2025-06-28T17:12:30","date_gmt":"2025-06-28T15:12:30","guid":{"rendered":"https:\/\/uj.adatbank.ro\/lexikon\/termek\/bozedean-alexandrina-%c2%a7-grama\/"},"modified":"2025-06-28T17:12:30","modified_gmt":"2025-06-28T15:12:30","slug":"bozedean-alexandrina-%c2%a7-grama","status":"publish","type":"product","link":"https:\/\/uj.adatbank.ro\/lexikon\/termek\/bozedean-alexandrina-%c2%a7-grama\/","title":{"rendered":"BOZEDEAN Alexandrina, \u00a7 Grama"},"content":{"rendered":"<p>Als\u00f3k\u00f6h\u00e9r, 1910. j\u00fal. 10., \u2020 Mv., 1987.: tan\u00edt\u00f3n\u0151. \u2013 Elemi iskol\u00e1t a sz\u00fcl\u0151faluban, g\u00f6r.-kat tan\u00edt\u00f3k\u00e9pz\u0151t Bal\u00e1zsfalv\u00e1n v\u00e9gzett (1928). El\u0151bb K\u00f6h\u00e9rre, azut\u00e1n Mv.-re helyezt\u00e9k. Tord\u00e1ra menek\u00fcltek, ahol a 2-es sz. \u00c1lt. Iskol\u00e1ban volt tan\u00edt\u00f3 (1940\u201344). Visszat\u00e9rtek Mv.-re (1945). F\u00e9rje visszakapta az Isp\u00e1ns\u00e1gon az azel\u0151tt is bet\u00f6lt\u00f6tt titk\u00e1ri hely\u00e9t, \u0151 pedig a 2-es sz. \u00c1lt. Isk.-ban tan\u00edtott, azonban egy \u00e9v m\u00falva elt\u00e1vol\u00edtott\u00e1k posztj\u00e1r\u00f3l, mert f\u00e9rje g\u00f6r.-kat. lelk\u00e9sz is volt. Soha t\u00f6bb\u00e9 nem tan\u00edthatott. <br \/><strong>Irod.:<\/strong> Dasc\u0103li ure\u015feni 4.<\/br><\/p>\n","protected":false},"excerpt":{"rendered":"<p>Als\u00f3k\u00f6h\u00e9r, 1910. j\u00fal. 10., \u2020 Mv., 1987.: tan\u00edt\u00f3n\u0151. \u2013 Elemi iskol\u00e1t a sz\u00fcl\u0151faluban, g\u00f6r.-kat tan\u00edt\u00f3k\u00e9pz\u0151t Bal\u00e1zsfalv\u00e1n v\u00e9gzett (1928). El\u0151bb K\u00f6h\u00e9rre, azut\u00e1n Mv.-re helyezt\u00e9k. Tord\u00e1ra menek\u00fcltek, ahol a 2-es sz. \u00c1lt. Iskol\u00e1ban volt tan\u00edt\u00f3 (1940\u201344). Visszat\u00e9rtek Mv.-re (1945). F\u00e9rje visszakapta az Isp\u00e1ns\u00e1gon az azel\u0151tt is bet\u00f6lt\u00f6tt titk\u00e1ri hely\u00e9t, \u0151 pedig a 2-es sz. \u00c1lt. Isk.-ban tan\u00edtott, [&hellip;]<\/p>\n","protected":false},"featured_media":0,"comment_status":"open","ping_status":"closed","template":"","meta":[],"product_brand":[],"product_cat":[137],"product_tag":[],"class_list":{"0":"post-5355","1":"product","2":"type-product","3":"status-publish","5":"product_cat-maros-megyei-eletrajzi-lexikon","7":"first","8":"instock","9":"shipping-taxable","10":"product-type-simple"},"_links":{"self":[{"href":"https:\/\/uj.adatbank.ro\/lexikon\/wp-json\/wp\/v2\/product\/5355","targetHints":{"allow":["GET"]}}],"collection":[{"href":"https:\/\/uj.adatbank.ro\/lexikon\/wp-json\/wp\/v2\/product"}],"about":[{"href":"https:\/\/uj.adatbank.ro\/lexikon\/wp-json\/wp\/v2\/types\/product"}],"replies":[{"embeddable":true,"href":"https:\/\/uj.adatbank.ro\/lexikon\/wp-json\/wp\/v2\/comments?post=5355"}],"wp:attachment":[{"href":"https:\/\/uj.adatbank.ro\/lexikon\/wp-json\/wp\/v2\/media?parent=5355"}],"wp:term":[{"taxonomy":"product_brand","embeddable":true,"href":"https:\/\/uj.adatbank.ro\/lexikon\/wp-json\/wp\/v2\/product_brand?post=5355"},{"taxonomy":"product_cat","embeddable":true,"href":"https:\/\/uj.adatbank.ro\/lexikon\/wp-json\/wp\/v2\/product_cat?post=5355"},{"taxonomy":"product_tag","embeddable":true,"href":"https:\/\/uj.adatbank.ro\/lexikon\/wp-json\/wp\/v2\/product_tag?post=5355"}],"curies":[{"name":"wp","href":"https:\/\/api.w.org\/{rel}","templated":true}]}}