{"id":5366,"date":"2025-06-28T17:12:52","date_gmt":"2025-06-28T15:12:52","guid":{"rendered":"https:\/\/uj.adatbank.ro\/lexikon\/termek\/brancoveanu-iosif\/"},"modified":"2025-06-28T17:12:52","modified_gmt":"2025-06-28T15:12:52","slug":"brancoveanu-iosif","status":"publish","type":"product","link":"https:\/\/uj.adatbank.ro\/lexikon\/termek\/brancoveanu-iosif\/","title":{"rendered":"BR\u00c2NCOVEANU Iosif"},"content":{"rendered":"<p>? \u2020 ? : ort. pap \u00e9s tan\u00edt\u00f3. \u2013 Erd\u0151idecsben iskol\u00e1t l\u00e9tes\u00edtett (1865). P\u00e1sztorkodott m\u00e9g Idecspatakon, itt nagyharangot szereltettett, majd Sz\u00e1szr\u00e9gen ort. esperese (1861- 73). <br \/><strong>Irod.:<\/strong> Reghin, Protopopiat<\/br><\/p>\n","protected":false},"excerpt":{"rendered":"<p>? \u2020 ? : ort. pap \u00e9s tan\u00edt\u00f3. \u2013 Erd\u0151idecsben iskol\u00e1t l\u00e9tes\u00edtett (1865). P\u00e1sztorkodott m\u00e9g Idecspatakon, itt nagyharangot szereltettett, majd Sz\u00e1szr\u00e9gen ort. esperese (1861- 73). Irod.: Reghin, Protopopiat<\/p>\n","protected":false},"featured_media":0,"comment_status":"open","ping_status":"closed","template":"","meta":[],"product_brand":[],"product_cat":[137],"product_tag":[],"class_list":{"0":"post-5366","1":"product","2":"type-product","3":"status-publish","5":"product_cat-maros-megyei-eletrajzi-lexikon","7":"first","8":"instock","9":"shipping-taxable","10":"product-type-simple"},"_links":{"self":[{"href":"https:\/\/uj.adatbank.ro\/lexikon\/wp-json\/wp\/v2\/product\/5366","targetHints":{"allow":["GET"]}}],"collection":[{"href":"https:\/\/uj.adatbank.ro\/lexikon\/wp-json\/wp\/v2\/product"}],"about":[{"href":"https:\/\/uj.adatbank.ro\/lexikon\/wp-json\/wp\/v2\/types\/product"}],"replies":[{"embeddable":true,"href":"https:\/\/uj.adatbank.ro\/lexikon\/wp-json\/wp\/v2\/comments?post=5366"}],"wp:attachment":[{"href":"https:\/\/uj.adatbank.ro\/lexikon\/wp-json\/wp\/v2\/media?parent=5366"}],"wp:term":[{"taxonomy":"product_brand","embeddable":true,"href":"https:\/\/uj.adatbank.ro\/lexikon\/wp-json\/wp\/v2\/product_brand?post=5366"},{"taxonomy":"product_cat","embeddable":true,"href":"https:\/\/uj.adatbank.ro\/lexikon\/wp-json\/wp\/v2\/product_cat?post=5366"},{"taxonomy":"product_tag","embeddable":true,"href":"https:\/\/uj.adatbank.ro\/lexikon\/wp-json\/wp\/v2\/product_tag?post=5366"}],"curies":[{"name":"wp","href":"https:\/\/api.w.org\/{rel}","templated":true}]}}