{"id":5368,"date":"2025-06-28T17:12:55","date_gmt":"2025-06-28T15:12:55","guid":{"rendered":"https:\/\/uj.adatbank.ro\/lexikon\/termek\/brandecker-simon-brandeker-simon-brandecki\/"},"modified":"2025-06-28T17:12:55","modified_gmt":"2025-06-28T15:12:55","slug":"brandecker-simon-brandeker-simon-brandecki","status":"publish","type":"product","link":"https:\/\/uj.adatbank.ro\/lexikon\/termek\/brandecker-simon-brandeker-simon-brandecki\/","title":{"rendered":"BRANDECKER Simon, Brandeker Simon, brandecki"},"content":{"rendered":"<p>Zombor, 1790., \u2020 Mv., 1854. m\u00e1j. 7.: mv.-i patik\u00e1rius, kir. perceptor, v\u00e1rosi szen\u00e1tor, centumvir. \u2013 Feles\u00e9ge: 1. Mauksch Josefa Carolina, ifj. Mauksch T\u00f3bi\u00e1s S\u00e1muel (1769\u20131805) le\u00e1nya. H\u00e1zass\u00e1g Pest 1814 okt.; Gyermek\u00fck Simon J\u00f3zsef (Mv., 1819. okt. 27.- ? ); 2. Trewitscher J\u00falia (\u2020 Mv., 1825), 3. Liedemann Erzs\u00e9bet (1801.? \u2013 Mv., 1874. jan. 15.). Le\u00e1nyuk: Anna, G\u00f6r\u00f6g J\u00f3zsefn\u00e9. \u2013 A pesti egyetemen kapott mesteri oklevelet (1814). Mv.-en gy\u00f3gyszer\u00e9sz, h\u00e1zass\u00e1ga k\u00f6vetkezt\u00e9ben lett az Arany Szarvas gy\u00f3gyszert\u00e1r tulajdonosa (1819\u201354). Patik\u00e1j\u00e1ban h\u00e1rom gy\u00f3gyszer\u00e9sz dolgozott, mindh\u00e1rman Pesten v\u00e9geztek, ezen kiv\u00fcl egy seg\u00e9det \u00e9s egy labor\u00e1nst is foglalkoztatott (1836). A Gecse-f\u00e9le Emberszereteti Int\u00e9zet alapj\u00e1nak az alap\u00edt\u00f3 megb\u00edz\u00e1s\u00e1b\u00f3l perceptora, azt adom\u00e1ny\u00e1val is t\u00e1mogatta (1821, 1824); a v\u00e1rosi v\u00e1lasztott tan\u00e1csban ad\u00f3t\u00e1rnok, p\u00e9nzt\u00e1ros volt (1849. m\u00e1rc.), a mv.-i Kaszin\u00f3nak egyik igazgat\u00f3ja (1853). P\u00e1vai Vajna Elek megv\u00e1s\u00e1rolta az elhunyt B. Simon gy\u00f3gyszer\u00e9sz \u00e1sv\u00e1nygy\u0171jtem\u00e9ny\u00e9t s azt a Ref. Koll.-nak aj\u00e1nd\u00e9kozta (1859). <br \/><strong>Irod.:<\/strong> Barab\u00e1s Endre; De\u00e9 Nagy Anik\u00f3 2001; D\u00f6rnyei 2010; Gy\u00e1szjelent\u0151; Id\u0151t\u00e1r 2; Kr\u00f3n. F\u00fcz. (1939. 4\/5); P\u00e1l-Antal; P\u00e1l-Antal 2009; P\u00e1l Antal S\u00e1ndor: K\u00f6zeg\u00e9szs\u00e9g\u00fcgy \u00e9s szoci\u00e1lis gondoskod\u00e1s a 18\u201319. sz\u00e1zadi Mv.-en (N\u00fa., Sz\u00ednes Vil\u00e1g, 2010. j\u00fan. 12.); P\u00e9ter H. M.; P\u00e9ter H. M. 2013; Pusk\u00e1s\u2013Sz\u00e1sz \u00c1v\u00e9d<\/br><\/p>\n","protected":false},"excerpt":{"rendered":"<p>Zombor, 1790., \u2020 Mv., 1854. m\u00e1j. 7.: mv.-i patik\u00e1rius, kir. perceptor, v\u00e1rosi szen\u00e1tor, centumvir. \u2013 Feles\u00e9ge: 1. Mauksch Josefa Carolina, ifj. Mauksch T\u00f3bi\u00e1s S\u00e1muel (1769\u20131805) le\u00e1nya. H\u00e1zass\u00e1g Pest 1814 okt.; Gyermek\u00fck Simon J\u00f3zsef (Mv., 1819. okt. 27.- ? ); 2. Trewitscher J\u00falia (\u2020 Mv., 1825), 3. Liedemann Erzs\u00e9bet (1801.? \u2013 Mv., 1874. jan. 15.). Le\u00e1nyuk: [&hellip;]<\/p>\n","protected":false},"featured_media":0,"comment_status":"open","ping_status":"closed","template":"","meta":[],"product_brand":[],"product_cat":[137],"product_tag":[],"class_list":{"0":"post-5368","1":"product","2":"type-product","3":"status-publish","5":"product_cat-maros-megyei-eletrajzi-lexikon","7":"first","8":"instock","9":"shipping-taxable","10":"product-type-simple"},"_links":{"self":[{"href":"https:\/\/uj.adatbank.ro\/lexikon\/wp-json\/wp\/v2\/product\/5368","targetHints":{"allow":["GET"]}}],"collection":[{"href":"https:\/\/uj.adatbank.ro\/lexikon\/wp-json\/wp\/v2\/product"}],"about":[{"href":"https:\/\/uj.adatbank.ro\/lexikon\/wp-json\/wp\/v2\/types\/product"}],"replies":[{"embeddable":true,"href":"https:\/\/uj.adatbank.ro\/lexikon\/wp-json\/wp\/v2\/comments?post=5368"}],"wp:attachment":[{"href":"https:\/\/uj.adatbank.ro\/lexikon\/wp-json\/wp\/v2\/media?parent=5368"}],"wp:term":[{"taxonomy":"product_brand","embeddable":true,"href":"https:\/\/uj.adatbank.ro\/lexikon\/wp-json\/wp\/v2\/product_brand?post=5368"},{"taxonomy":"product_cat","embeddable":true,"href":"https:\/\/uj.adatbank.ro\/lexikon\/wp-json\/wp\/v2\/product_cat?post=5368"},{"taxonomy":"product_tag","embeddable":true,"href":"https:\/\/uj.adatbank.ro\/lexikon\/wp-json\/wp\/v2\/product_tag?post=5368"}],"curies":[{"name":"wp","href":"https:\/\/api.w.org\/{rel}","templated":true}]}}