{"id":5369,"date":"2025-06-28T17:12:56","date_gmt":"2025-06-28T15:12:56","guid":{"rendered":"https:\/\/uj.adatbank.ro\/lexikon\/termek\/brandlhoffer-karoly\/"},"modified":"2025-06-28T17:12:56","modified_gmt":"2025-06-28T15:12:56","slug":"brandlhoffer-karoly","status":"publish","type":"product","link":"https:\/\/uj.adatbank.ro\/lexikon\/termek\/brandlhoffer-karoly\/","title":{"rendered":"BRANDLHOFFER K\u00e1roly"},"content":{"rendered":"<p>1911. szept. 21., \u2020 Mv., 1964. dec. 28.: \u00fajs\u00e1g\u00edr\u00f3. \u2013 A felszabadul\u00e1s ut\u00e1n bekapcsol\u00f3dott a RMP \u00e1ltal kezdem\u00e9nyezett akci\u00f3kba. Mv.-en a Steaua ro\u015fie\u00a0lap munkat\u00e1rsa volt. <br \/><strong>Irod.:<\/strong> B. K. [Nekrol\u00f3g] (V. Z., 1964. dec. 29.)<\/br><\/p>\n","protected":false},"excerpt":{"rendered":"<p>1911. szept. 21., \u2020 Mv., 1964. dec. 28.: \u00fajs\u00e1g\u00edr\u00f3. \u2013 A felszabadul\u00e1s ut\u00e1n bekapcsol\u00f3dott a RMP \u00e1ltal kezdem\u00e9nyezett akci\u00f3kba. Mv.-en a Steaua ro\u015fie\u00a0lap munkat\u00e1rsa volt. Irod.: B. K. [Nekrol\u00f3g] (V. Z., 1964. dec. 29.)<\/p>\n","protected":false},"featured_media":0,"comment_status":"open","ping_status":"closed","template":"","meta":[],"product_brand":[],"product_cat":[137],"product_tag":[],"class_list":{"0":"post-5369","1":"product","2":"type-product","3":"status-publish","5":"product_cat-maros-megyei-eletrajzi-lexikon","7":"first","8":"instock","9":"shipping-taxable","10":"product-type-simple"},"_links":{"self":[{"href":"https:\/\/uj.adatbank.ro\/lexikon\/wp-json\/wp\/v2\/product\/5369","targetHints":{"allow":["GET"]}}],"collection":[{"href":"https:\/\/uj.adatbank.ro\/lexikon\/wp-json\/wp\/v2\/product"}],"about":[{"href":"https:\/\/uj.adatbank.ro\/lexikon\/wp-json\/wp\/v2\/types\/product"}],"replies":[{"embeddable":true,"href":"https:\/\/uj.adatbank.ro\/lexikon\/wp-json\/wp\/v2\/comments?post=5369"}],"wp:attachment":[{"href":"https:\/\/uj.adatbank.ro\/lexikon\/wp-json\/wp\/v2\/media?parent=5369"}],"wp:term":[{"taxonomy":"product_brand","embeddable":true,"href":"https:\/\/uj.adatbank.ro\/lexikon\/wp-json\/wp\/v2\/product_brand?post=5369"},{"taxonomy":"product_cat","embeddable":true,"href":"https:\/\/uj.adatbank.ro\/lexikon\/wp-json\/wp\/v2\/product_cat?post=5369"},{"taxonomy":"product_tag","embeddable":true,"href":"https:\/\/uj.adatbank.ro\/lexikon\/wp-json\/wp\/v2\/product_tag?post=5369"}],"curies":[{"name":"wp","href":"https:\/\/api.w.org\/{rel}","templated":true}]}}