{"id":5373,"date":"2025-06-28T17:13:05","date_gmt":"2025-06-28T15:13:05","guid":{"rendered":"https:\/\/uj.adatbank.ro\/lexikon\/termek\/brandsch-mihaly\/"},"modified":"2025-06-28T17:13:05","modified_gmt":"2025-06-28T15:13:05","slug":"brandsch-mihaly","status":"publish","type":"product","link":"https:\/\/uj.adatbank.ro\/lexikon\/termek\/brandsch-mihaly\/","title":{"rendered":"BRANDSCH Mih\u00e1ly"},"content":{"rendered":"<p>? \u2020\u00a0?\u00a0: gy\u00f3gyszer\u00e9sz. \u2013 A sz\u00e1szr\u00e9geni v\u00e1rosi gy\u00f3gyszert\u00e1rban dolgozott (1780\u201396), ez a gy\u00f3gyszert\u00e1r mag\u00e1ntulajdonba ment \u00e1t. Nagyv\u00e1radon folytatta tev\u00e9kenys\u00e9g\u00e9t (1796\u2013). <br \/><strong>Irod.:<\/strong> P\u00e9ter H. M.; P\u00e9ter H. M. 2013<\/br><\/p>\n","protected":false},"excerpt":{"rendered":"<p>? \u2020\u00a0?\u00a0: gy\u00f3gyszer\u00e9sz. \u2013 A sz\u00e1szr\u00e9geni v\u00e1rosi gy\u00f3gyszert\u00e1rban dolgozott (1780\u201396), ez a gy\u00f3gyszert\u00e1r mag\u00e1ntulajdonba ment \u00e1t. Nagyv\u00e1radon folytatta tev\u00e9kenys\u00e9g\u00e9t (1796\u2013). Irod.: P\u00e9ter H. M.; P\u00e9ter H. M. 2013<\/p>\n","protected":false},"featured_media":0,"comment_status":"open","ping_status":"closed","template":"","meta":[],"product_brand":[],"product_cat":[137],"product_tag":[],"class_list":{"0":"post-5373","1":"product","2":"type-product","3":"status-publish","5":"product_cat-maros-megyei-eletrajzi-lexikon","7":"first","8":"instock","9":"shipping-taxable","10":"product-type-simple"},"_links":{"self":[{"href":"https:\/\/uj.adatbank.ro\/lexikon\/wp-json\/wp\/v2\/product\/5373","targetHints":{"allow":["GET"]}}],"collection":[{"href":"https:\/\/uj.adatbank.ro\/lexikon\/wp-json\/wp\/v2\/product"}],"about":[{"href":"https:\/\/uj.adatbank.ro\/lexikon\/wp-json\/wp\/v2\/types\/product"}],"replies":[{"embeddable":true,"href":"https:\/\/uj.adatbank.ro\/lexikon\/wp-json\/wp\/v2\/comments?post=5373"}],"wp:attachment":[{"href":"https:\/\/uj.adatbank.ro\/lexikon\/wp-json\/wp\/v2\/media?parent=5373"}],"wp:term":[{"taxonomy":"product_brand","embeddable":true,"href":"https:\/\/uj.adatbank.ro\/lexikon\/wp-json\/wp\/v2\/product_brand?post=5373"},{"taxonomy":"product_cat","embeddable":true,"href":"https:\/\/uj.adatbank.ro\/lexikon\/wp-json\/wp\/v2\/product_cat?post=5373"},{"taxonomy":"product_tag","embeddable":true,"href":"https:\/\/uj.adatbank.ro\/lexikon\/wp-json\/wp\/v2\/product_tag?post=5373"}],"curies":[{"name":"wp","href":"https:\/\/api.w.org\/{rel}","templated":true}]}}