{"id":5374,"date":"2025-06-28T17:13:07","date_gmt":"2025-06-28T15:13:07","guid":{"rendered":"https:\/\/uj.adatbank.ro\/lexikon\/termek\/brandschott-mihael-brandschott-mihaly\/"},"modified":"2025-06-28T17:13:07","modified_gmt":"2025-06-28T15:13:07","slug":"brandschott-mihael-brandschott-mihaly","status":"publish","type":"product","link":"https:\/\/uj.adatbank.ro\/lexikon\/termek\/brandschott-mihael-brandschott-mihaly\/","title":{"rendered":"BRANDSCHOTT Mihael, Brandschott Mih\u00e1ly"},"content":{"rendered":"<p>Nagysink, 1882. nov. 13., \u2020\u00a0Dics\u0151szentm\u00e1rton, ?: bankigazgat\u00f3. \u2013 Keresked\u0151i csal\u00e1db\u00f3l sz\u00e1rmazott. \u2013 A fogarasi Fels\u0151kereskedelmi iskol\u00e1ban \u00e9retts\u00e9gizett (1903). K\u00f6z\u00e9piskol\u00e1i elv\u00e9gz\u00e9se ut\u00e1n Szebenben a telekk\u00f6nyvi hivatalban dolgozott. Erzs\u00e9betv\u00e1rosban a Sz\u00f6vetkezeti Bank dics\u0151szentm\u00e1rtoni fi\u00f3kj\u00e1n\u00e1l dolgozott (1910), majd a Kisk\u00fck\u00fcll\u0151 vm. Takar\u00e9kp\u00e9nzt\u00e1r hossz\u00faasz\u00f3i fi\u00f3kj\u00e1nak f\u0151tisztvisel\u0151je, visszaker\u00fclt a Sz\u00f6vetkezeti Bankhoz, majd a Hermanst\u00e4dter Allgenaine Sparkasse \u2013 \u00c1ltal\u00e1nos Takar\u00e9kp\u00e9nzt\u00e1r dics\u0151i fi\u00f3kj\u00e1nak vezet\u0151je lett (1922). Szaktud\u00e1s\u00e1val a p\u00e9nzint\u00e9zet fejl\u0151d\u00e9s\u00e9t seg\u00edtette. Az evang. Lut. Diaszp\u00f3ra k\u00f6z\u00f6ss\u00e9gi eln\u00f6ke, a ref. n\u0151sz\u00f6vets\u00e9g p\u00e9nzt\u00e1rosa volt. R\u00e9szt vett az I. vh.-ban, \u00e9s megkapta a Nagyez\u00fcst Vit\u00e9zs\u00e9gi \u00c9rmet, valamint az Ez\u00fcst \u00c9rdemkereszt Vit\u00e9zs\u00e9gi Szalagj\u00e1t. <br \/><strong>Irod.:<\/strong> Ki kicsoda\u00a0?; Lexiconul vietii publice BRASSAY B\u00e9la, \u00a7 *Gyergy\u00f3sz\u00e1rhegy, 1895, \u2020\u00a0? : gy\u00f3gyszer\u00e9sz. \u2013 Sz\u00e1szr\u00e9genben volt gy\u00f3gyszer\u00e9sz. A Sz\u00e1szr\u00e9geni M. Kaszin\u00f3 Tenisz-szakoszt\u00e1ly\u00e1nak eln\u00f6ke volt. Petrozs\u00e9nyben mint di\u00e1k kezdett sportolni. Az imperiumv\u00e1lt\u00e1s ut\u00e1n a rom\u00e1n hat\u00f3s\u00e1gok nem adtak enged\u00e9lyt m. egyes\u00fcletek alapit\u00e1s\u00e1ra, \u00edgy a Kaszin\u00f3 keret\u00e9ben alap\u00edtotta meg a tenisz-szakoszt\u00e1lyt. R\u00e9szt vett az I. vh.-ban (1915\u201318), az eg\u00e9szs\u00e9g\u00fcgyi osztaghoz osztott\u00e1k be (1915\u201318), f\u0151hadnagyi rangban. <br \/><strong>Irod.:<\/strong> Er\u00add\u00e9lyi ezredek; Pluh\u00e1r<\/br><\/p>\n","protected":false},"excerpt":{"rendered":"<p>Nagysink, 1882. nov. 13., \u2020\u00a0Dics\u0151szentm\u00e1rton, ?: bankigazgat\u00f3. \u2013 Keresked\u0151i csal\u00e1db\u00f3l sz\u00e1rmazott. \u2013 A fogarasi Fels\u0151kereskedelmi iskol\u00e1ban \u00e9retts\u00e9gizett (1903). K\u00f6z\u00e9piskol\u00e1i elv\u00e9gz\u00e9se ut\u00e1n Szebenben a telekk\u00f6nyvi hivatalban dolgozott. Erzs\u00e9betv\u00e1rosban a Sz\u00f6vetkezeti Bank dics\u0151szentm\u00e1rtoni fi\u00f3kj\u00e1n\u00e1l dolgozott (1910), majd a Kisk\u00fck\u00fcll\u0151 vm. Takar\u00e9kp\u00e9nzt\u00e1r hossz\u00faasz\u00f3i fi\u00f3kj\u00e1nak f\u0151tisztvisel\u0151je, visszaker\u00fclt a Sz\u00f6vetkezeti Bankhoz, majd a Hermanst\u00e4dter Allgenaine Sparkasse \u2013 \u00c1ltal\u00e1nos Takar\u00e9kp\u00e9nzt\u00e1r dics\u0151i [&hellip;]<\/p>\n","protected":false},"featured_media":0,"comment_status":"open","ping_status":"closed","template":"","meta":[],"product_brand":[],"product_cat":[137],"product_tag":[],"class_list":{"0":"post-5374","1":"product","2":"type-product","3":"status-publish","5":"product_cat-maros-megyei-eletrajzi-lexikon","7":"first","8":"instock","9":"shipping-taxable","10":"product-type-simple"},"_links":{"self":[{"href":"https:\/\/uj.adatbank.ro\/lexikon\/wp-json\/wp\/v2\/product\/5374","targetHints":{"allow":["GET"]}}],"collection":[{"href":"https:\/\/uj.adatbank.ro\/lexikon\/wp-json\/wp\/v2\/product"}],"about":[{"href":"https:\/\/uj.adatbank.ro\/lexikon\/wp-json\/wp\/v2\/types\/product"}],"replies":[{"embeddable":true,"href":"https:\/\/uj.adatbank.ro\/lexikon\/wp-json\/wp\/v2\/comments?post=5374"}],"wp:attachment":[{"href":"https:\/\/uj.adatbank.ro\/lexikon\/wp-json\/wp\/v2\/media?parent=5374"}],"wp:term":[{"taxonomy":"product_brand","embeddable":true,"href":"https:\/\/uj.adatbank.ro\/lexikon\/wp-json\/wp\/v2\/product_brand?post=5374"},{"taxonomy":"product_cat","embeddable":true,"href":"https:\/\/uj.adatbank.ro\/lexikon\/wp-json\/wp\/v2\/product_cat?post=5374"},{"taxonomy":"product_tag","embeddable":true,"href":"https:\/\/uj.adatbank.ro\/lexikon\/wp-json\/wp\/v2\/product_tag?post=5374"}],"curies":[{"name":"wp","href":"https:\/\/api.w.org\/{rel}","templated":true}]}}