{"id":5375,"date":"2025-06-28T17:13:09","date_gmt":"2025-06-28T15:13:09","guid":{"rendered":"https:\/\/uj.adatbank.ro\/lexikon\/termek\/brandus-ilie\/"},"modified":"2025-06-28T17:13:09","modified_gmt":"2025-06-28T15:13:09","slug":"brandus-ilie","status":"publish","type":"product","link":"https:\/\/uj.adatbank.ro\/lexikon\/termek\/brandus-ilie\/","title":{"rendered":"BR\u00c2NDU\u015e Ilie"},"content":{"rendered":"<p>?\u00a0\u2020\u00a0? : ort. lelk\u00e9sz. \u2013 Segesden lelk\u00e9sz (1816\u201358). Szolg\u00e1lata ideje alatt \u00e9p\u00fclt fel Segesden a h\u00edvek k\u00f6zadakoz\u00e1s\u00e1b\u00f3l az ort. k\u0151templom, a Rohan Stephan adom\u00e1nyozta ter\u00fcleten, felszentelt\u00e9k (1833). Ma m\u0171eml\u00e9k. A templom mell\u00e9 egy egytantermes rom\u00e1n iskol\u00e1t is \u00e9p\u00edtettek. A templomot napjainkban renov\u00e1lt\u00e1k \u00e9s belsej\u00e9t a rozsny\u00f3i Candrea Toma festette ki (1980\u201381), b\u00fatorzattal is napjainkban l\u00e1tt\u00e1k el (1984\u201385). <br \/><strong>Irod.:<\/strong> Apold<\/br><\/p>\n","protected":false},"excerpt":{"rendered":"<p>?\u00a0\u2020\u00a0? : ort. lelk\u00e9sz. \u2013 Segesden lelk\u00e9sz (1816\u201358). Szolg\u00e1lata ideje alatt \u00e9p\u00fclt fel Segesden a h\u00edvek k\u00f6zadakoz\u00e1s\u00e1b\u00f3l az ort. k\u0151templom, a Rohan Stephan adom\u00e1nyozta ter\u00fcleten, felszentelt\u00e9k (1833). Ma m\u0171eml\u00e9k. A templom mell\u00e9 egy egytantermes rom\u00e1n iskol\u00e1t is \u00e9p\u00edtettek. A templomot napjainkban renov\u00e1lt\u00e1k \u00e9s belsej\u00e9t a rozsny\u00f3i Candrea Toma festette ki (1980\u201381), b\u00fatorzattal is napjainkban l\u00e1tt\u00e1k [&hellip;]<\/p>\n","protected":false},"featured_media":0,"comment_status":"open","ping_status":"closed","template":"","meta":[],"product_brand":[],"product_cat":[137],"product_tag":[],"class_list":{"0":"post-5375","1":"product","2":"type-product","3":"status-publish","5":"product_cat-maros-megyei-eletrajzi-lexikon","7":"first","8":"instock","9":"shipping-taxable","10":"product-type-simple"},"_links":{"self":[{"href":"https:\/\/uj.adatbank.ro\/lexikon\/wp-json\/wp\/v2\/product\/5375","targetHints":{"allow":["GET"]}}],"collection":[{"href":"https:\/\/uj.adatbank.ro\/lexikon\/wp-json\/wp\/v2\/product"}],"about":[{"href":"https:\/\/uj.adatbank.ro\/lexikon\/wp-json\/wp\/v2\/types\/product"}],"replies":[{"embeddable":true,"href":"https:\/\/uj.adatbank.ro\/lexikon\/wp-json\/wp\/v2\/comments?post=5375"}],"wp:attachment":[{"href":"https:\/\/uj.adatbank.ro\/lexikon\/wp-json\/wp\/v2\/media?parent=5375"}],"wp:term":[{"taxonomy":"product_brand","embeddable":true,"href":"https:\/\/uj.adatbank.ro\/lexikon\/wp-json\/wp\/v2\/product_brand?post=5375"},{"taxonomy":"product_cat","embeddable":true,"href":"https:\/\/uj.adatbank.ro\/lexikon\/wp-json\/wp\/v2\/product_cat?post=5375"},{"taxonomy":"product_tag","embeddable":true,"href":"https:\/\/uj.adatbank.ro\/lexikon\/wp-json\/wp\/v2\/product_tag?post=5375"}],"curies":[{"name":"wp","href":"https:\/\/api.w.org\/{rel}","templated":true}]}}