{"id":5376,"date":"2025-06-28T17:13:12","date_gmt":"2025-06-28T15:13:12","guid":{"rendered":"https:\/\/uj.adatbank.ro\/lexikon\/termek\/brandus-nicolae-sofronie\/"},"modified":"2025-06-28T17:13:12","modified_gmt":"2025-06-28T15:13:12","slug":"brandus-nicolae-sofronie","status":"publish","type":"product","link":"https:\/\/uj.adatbank.ro\/lexikon\/termek\/brandus-nicolae-sofronie\/","title":{"rendered":"BR\u00c2NDU\u015e Nicolae Sofronie"},"content":{"rendered":"<p>? \u2020\u00a0Apold, ?\u00a0: ort. lelk\u00e9sz, tan\u00edt\u00f3, tan\u00e1cseln\u00f6k. \u2013 Apoldon lelk\u00e9sz (1858\u20131911), az els\u0151 rom\u00e1n tannyelv\u0171 iskol\u00e1t l\u00e9tes\u00edtette a par\u00f3chi\u00e1n (1850\u2013). Az iskola\u00e9p\u00fcletet (k\u00e9t terem, amelyb\u0151l egyik a tan\u00edt\u00f3 lak\u00e1sa ) \u00e1llami k\u00f6lts\u00e9gen \u00e9p\u00edtett\u00e9k k\u00f6zmunk\u00e1val (1874) \u00e9s M\u0171vel\u0151d\u00e9si h\u00e1zk\u00e9nt is haszn\u00e1lt\u00e1k. <br \/><strong>Irod.:<\/strong> Apold<\/br><\/p>\n","protected":false},"excerpt":{"rendered":"<p>? \u2020\u00a0Apold, ?\u00a0: ort. lelk\u00e9sz, tan\u00edt\u00f3, tan\u00e1cseln\u00f6k. \u2013 Apoldon lelk\u00e9sz (1858\u20131911), az els\u0151 rom\u00e1n tannyelv\u0171 iskol\u00e1t l\u00e9tes\u00edtette a par\u00f3chi\u00e1n (1850\u2013). Az iskola\u00e9p\u00fcletet (k\u00e9t terem, amelyb\u0151l egyik a tan\u00edt\u00f3 lak\u00e1sa ) \u00e1llami k\u00f6lts\u00e9gen \u00e9p\u00edtett\u00e9k k\u00f6zmunk\u00e1val (1874) \u00e9s M\u0171vel\u0151d\u00e9si h\u00e1zk\u00e9nt is haszn\u00e1lt\u00e1k. Irod.: Apold<\/p>\n","protected":false},"featured_media":0,"comment_status":"open","ping_status":"closed","template":"","meta":[],"product_brand":[],"product_cat":[137],"product_tag":[],"class_list":{"0":"post-5376","1":"product","2":"type-product","3":"status-publish","5":"product_cat-maros-megyei-eletrajzi-lexikon","7":"first","8":"instock","9":"shipping-taxable","10":"product-type-simple"},"_links":{"self":[{"href":"https:\/\/uj.adatbank.ro\/lexikon\/wp-json\/wp\/v2\/product\/5376","targetHints":{"allow":["GET"]}}],"collection":[{"href":"https:\/\/uj.adatbank.ro\/lexikon\/wp-json\/wp\/v2\/product"}],"about":[{"href":"https:\/\/uj.adatbank.ro\/lexikon\/wp-json\/wp\/v2\/types\/product"}],"replies":[{"embeddable":true,"href":"https:\/\/uj.adatbank.ro\/lexikon\/wp-json\/wp\/v2\/comments?post=5376"}],"wp:attachment":[{"href":"https:\/\/uj.adatbank.ro\/lexikon\/wp-json\/wp\/v2\/media?parent=5376"}],"wp:term":[{"taxonomy":"product_brand","embeddable":true,"href":"https:\/\/uj.adatbank.ro\/lexikon\/wp-json\/wp\/v2\/product_brand?post=5376"},{"taxonomy":"product_cat","embeddable":true,"href":"https:\/\/uj.adatbank.ro\/lexikon\/wp-json\/wp\/v2\/product_cat?post=5376"},{"taxonomy":"product_tag","embeddable":true,"href":"https:\/\/uj.adatbank.ro\/lexikon\/wp-json\/wp\/v2\/product_tag?post=5376"}],"curies":[{"name":"wp","href":"https:\/\/api.w.org\/{rel}","templated":true}]}}