{"id":5379,"date":"2025-06-28T17:13:17","date_gmt":"2025-06-28T15:13:17","guid":{"rendered":"https:\/\/uj.adatbank.ro\/lexikon\/termek\/branea-gheorghe\/"},"modified":"2025-06-28T17:13:17","modified_gmt":"2025-06-28T15:13:17","slug":"branea-gheorghe","status":"publish","type":"product","link":"https:\/\/uj.adatbank.ro\/lexikon\/termek\/branea-gheorghe\/","title":{"rendered":"BRANEA Gheorghe"},"content":{"rendered":"<p>G\u00f6rg\u00e9ny, ? \u2020\u00a0?: g. kat. pap. \u2013 Soroph\u00e1z\u00e1n (1957\u201366). Kozmatelk\u00e9n szolg\u00e1lt (1966\u201380). Lehet, hogy \u0151 az, aki pap volt G\u00f6rg\u00e9nykakucsban, Fels\u0151r\u00e9p\u00e1ban is. <br \/><strong>Irod.:<\/strong> Reghin, Protopopiat; \u015eerbeni<\/br><\/p>\n","protected":false},"excerpt":{"rendered":"<p>G\u00f6rg\u00e9ny, ? \u2020\u00a0?: g. kat. pap. \u2013 Soroph\u00e1z\u00e1n (1957\u201366). Kozmatelk\u00e9n szolg\u00e1lt (1966\u201380). Lehet, hogy \u0151 az, aki pap volt G\u00f6rg\u00e9nykakucsban, Fels\u0151r\u00e9p\u00e1ban is. Irod.: Reghin, Protopopiat; \u015eerbeni<\/p>\n","protected":false},"featured_media":0,"comment_status":"open","ping_status":"closed","template":"","meta":[],"product_brand":[],"product_cat":[137],"product_tag":[],"class_list":{"0":"post-5379","1":"product","2":"type-product","3":"status-publish","5":"product_cat-maros-megyei-eletrajzi-lexikon","7":"first","8":"instock","9":"shipping-taxable","10":"product-type-simple"},"_links":{"self":[{"href":"https:\/\/uj.adatbank.ro\/lexikon\/wp-json\/wp\/v2\/product\/5379","targetHints":{"allow":["GET"]}}],"collection":[{"href":"https:\/\/uj.adatbank.ro\/lexikon\/wp-json\/wp\/v2\/product"}],"about":[{"href":"https:\/\/uj.adatbank.ro\/lexikon\/wp-json\/wp\/v2\/types\/product"}],"replies":[{"embeddable":true,"href":"https:\/\/uj.adatbank.ro\/lexikon\/wp-json\/wp\/v2\/comments?post=5379"}],"wp:attachment":[{"href":"https:\/\/uj.adatbank.ro\/lexikon\/wp-json\/wp\/v2\/media?parent=5379"}],"wp:term":[{"taxonomy":"product_brand","embeddable":true,"href":"https:\/\/uj.adatbank.ro\/lexikon\/wp-json\/wp\/v2\/product_brand?post=5379"},{"taxonomy":"product_cat","embeddable":true,"href":"https:\/\/uj.adatbank.ro\/lexikon\/wp-json\/wp\/v2\/product_cat?post=5379"},{"taxonomy":"product_tag","embeddable":true,"href":"https:\/\/uj.adatbank.ro\/lexikon\/wp-json\/wp\/v2\/product_tag?post=5379"}],"curies":[{"name":"wp","href":"https:\/\/api.w.org\/{rel}","templated":true}]}}