{"id":5382,"date":"2025-06-28T17:13:25","date_gmt":"2025-06-28T15:13:25","guid":{"rendered":"https:\/\/uj.adatbank.ro\/lexikon\/termek\/branea-ioan-branea-iancu\/"},"modified":"2025-06-28T17:13:25","modified_gmt":"2025-06-28T15:13:25","slug":"branea-ioan-branea-iancu","status":"publish","type":"product","link":"https:\/\/uj.adatbank.ro\/lexikon\/termek\/branea-ioan-branea-iancu\/","title":{"rendered":"BRANEA Ioan, Branea Iancu"},"content":{"rendered":"<p>? \u2020 ? : g. kat. pap. \u2013 Csak k\u00e9t gimn.-i oszt.-lyal rendelkezett (1892). Elhunyt apja, helyett v\u00e1lasztott\u00e1k papnak, \u00e9s elk\u00fcldt\u00e9k Nasz\u00f3dra, ahol elv\u00e9gezze a teol\u00f3gi\u00e1t. Magyar\u00f3ban szolg\u00e1lt (1868\u20131910). Disznaj\u00f3n szolg\u00e1lt (1910\u201348). Nev\u00e9hez f\u0171z\u0151dik a ma is \u00e1ll\u00f3 Sf. Arhangheli Mihai \u00e9s Gavril templom \u00e9p\u00edt\u00e9se, felszenteltet\u00e9se (1868). A templom anyagi alapj\u00e1t az ott \u00e9l\u0151 42 g. kat. csal\u00e1d adom\u00e1nyozta. Ma ort. templom. <br \/><strong>Irod.:<\/strong> Dobozi; Reghin, Protopopiat<\/br><\/p>\n","protected":false},"excerpt":{"rendered":"<p>? \u2020 ? : g. kat. pap. \u2013 Csak k\u00e9t gimn.-i oszt.-lyal rendelkezett (1892). Elhunyt apja, helyett v\u00e1lasztott\u00e1k papnak, \u00e9s elk\u00fcldt\u00e9k Nasz\u00f3dra, ahol elv\u00e9gezze a teol\u00f3gi\u00e1t. Magyar\u00f3ban szolg\u00e1lt (1868\u20131910). Disznaj\u00f3n szolg\u00e1lt (1910\u201348). Nev\u00e9hez f\u0171z\u0151dik a ma is \u00e1ll\u00f3 Sf. Arhangheli Mihai \u00e9s Gavril templom \u00e9p\u00edt\u00e9se, felszenteltet\u00e9se (1868). A templom anyagi alapj\u00e1t az ott \u00e9l\u0151 42 [&hellip;]<\/p>\n","protected":false},"featured_media":0,"comment_status":"open","ping_status":"closed","template":"","meta":[],"product_brand":[],"product_cat":[137],"product_tag":[],"class_list":{"0":"post-5382","1":"product","2":"type-product","3":"status-publish","5":"product_cat-maros-megyei-eletrajzi-lexikon","7":"first","8":"instock","9":"shipping-taxable","10":"product-type-simple"},"_links":{"self":[{"href":"https:\/\/uj.adatbank.ro\/lexikon\/wp-json\/wp\/v2\/product\/5382","targetHints":{"allow":["GET"]}}],"collection":[{"href":"https:\/\/uj.adatbank.ro\/lexikon\/wp-json\/wp\/v2\/product"}],"about":[{"href":"https:\/\/uj.adatbank.ro\/lexikon\/wp-json\/wp\/v2\/types\/product"}],"replies":[{"embeddable":true,"href":"https:\/\/uj.adatbank.ro\/lexikon\/wp-json\/wp\/v2\/comments?post=5382"}],"wp:attachment":[{"href":"https:\/\/uj.adatbank.ro\/lexikon\/wp-json\/wp\/v2\/media?parent=5382"}],"wp:term":[{"taxonomy":"product_brand","embeddable":true,"href":"https:\/\/uj.adatbank.ro\/lexikon\/wp-json\/wp\/v2\/product_brand?post=5382"},{"taxonomy":"product_cat","embeddable":true,"href":"https:\/\/uj.adatbank.ro\/lexikon\/wp-json\/wp\/v2\/product_cat?post=5382"},{"taxonomy":"product_tag","embeddable":true,"href":"https:\/\/uj.adatbank.ro\/lexikon\/wp-json\/wp\/v2\/product_tag?post=5382"}],"curies":[{"name":"wp","href":"https:\/\/api.w.org\/{rel}","templated":true}]}}