{"id":5385,"date":"2025-06-28T17:13:29","date_gmt":"2025-06-28T15:13:29","guid":{"rendered":"https:\/\/uj.adatbank.ro\/lexikon\/termek\/branea-stefan-2\/"},"modified":"2025-06-28T17:13:29","modified_gmt":"2025-06-28T15:13:29","slug":"branea-stefan-2","status":"publish","type":"product","link":"https:\/\/uj.adatbank.ro\/lexikon\/termek\/branea-stefan-2\/","title":{"rendered":"BRANEA \u015etefan"},"content":{"rendered":"<p>Marosmagyar\u00f3, 1816. dec. 24., \u2020 Magyar\u00f3, 1861. okt. 22.: ort. pap, kr\u00f3nik\u00e1s, n\u00e9pdalgy\u0171jt\u0151. \u2013 Szebenben v\u00e9gzett teol\u00f3gi\u00e1t (1837\u2013). Marosmagyar\u00f3n volt ort. lelk\u00e9sz (1846\u201350), ahol lerakta a jelenleg is \u00e1ll\u00f3 templom alapjait. Kieg\u00e9sz\u00edtette a halotti anyak\u00f6nyvet annak a 29 rom\u00e1n l\u00f6v\u00e9ri kiv\u00e9gzettnek nev\u00e9vel, akiket indok n\u00e9lk\u00fcl agyonl\u0151ttek (1849). R\u00e9szt vett a r\u00e9geni \u00e9s bal\u00e1zsfalvi nagygy\u0171l\u00e9sen (1848). Napl\u00f3j\u00e1ban besz\u00e1molt a j\u00fan. 16\u201318.-i \u00f6r\u00f6m\u00fcnnepr\u0151l, majd a falvakat \u00e9rt puszt\u00edt\u00e1sr\u00f3l (a k\u00f6vetkez\u0151kben: Marosoroszfalu, Marosliget, Magyar\u00f3, Hod\u00e1k, Lib\u00e1nfalva 1848 \u0151sz\u00e9n \u00e9s tel\u00e9n). G\u00f6rg\u00e9ny \u00e9s R\u00e9gen esperess\u00e9v\u00e9 nevezt\u00e9k ki (1850\u201361), Andrei \u015eaguna p\u00fcsp\u00f6k szentelte fel (1856. jan.). Esk\u0171j\u00e9nek sz\u00f6vege napjainkban is megvan. Ellen\u0151rz\u00e9seket v\u00e9gzett a k\u00f6rzet\u00e9ben, amelyeknek jegyz\u0151k\u00f6nyve napjainkban is \u00e9rt\u00e9kes adatokat tartalmaznak a 19. sz. m\u00e1sodik fel\u00e9nek viszonyair\u00f3l. Jelent\u0151s t\u00e1mogat\u00f3ja volt az ort. egyh\u00e1znak \u00e9s a rom\u00e1n nyelv\u0171 oktat\u00e1snak, iskola alap\u00edt\u00f3, alap\u00edtv\u00e1nyok l\u00e9tes\u00edt\u0151je. N\u00e9pk\u00f6lt\u00e9szeti gy\u0171jtem\u00e9nyt jelentetett meg (1837). Munkat\u00e1rsa volt az Organul Na\u0163ional, Gazeta Transilvaniei \u00e9s a Telegraful rom\u00e2n c. lapoknak. \u2013 <strong>F. m.:<\/strong> Cronica evenimentelor din anii 1848\u201349 = Ceu\u015fianu Alexandru: Vremuri de os\u00e2nd\u0103 (Bra\u015fov, 1934). <br \/><strong>Irod.:<\/strong> Ceu\u015fianu Alexandru: Vremuri de os\u00e2nd\u0103 (Bra\u015fov, 1934); Dobozi; Lueriu; Melinte \u015eerban: Evoc\u0103ri (Caiete mure\u015fene, 10. sz., 2001.); Regh. cult. 5.; Reghin, destin \u015fi istorie; \u015eerban 2006; Todea 2013<\/br><\/p>\n","protected":false},"excerpt":{"rendered":"<p>Marosmagyar\u00f3, 1816. dec. 24., \u2020 Magyar\u00f3, 1861. okt. 22.: ort. pap, kr\u00f3nik\u00e1s, n\u00e9pdalgy\u0171jt\u0151. \u2013 Szebenben v\u00e9gzett teol\u00f3gi\u00e1t (1837\u2013). Marosmagyar\u00f3n volt ort. lelk\u00e9sz (1846\u201350), ahol lerakta a jelenleg is \u00e1ll\u00f3 templom alapjait. Kieg\u00e9sz\u00edtette a halotti anyak\u00f6nyvet annak a 29 rom\u00e1n l\u00f6v\u00e9ri kiv\u00e9gzettnek nev\u00e9vel, akiket indok n\u00e9lk\u00fcl agyonl\u0151ttek (1849). R\u00e9szt vett a r\u00e9geni \u00e9s bal\u00e1zsfalvi nagygy\u0171l\u00e9sen (1848). [&hellip;]<\/p>\n","protected":false},"featured_media":0,"comment_status":"open","ping_status":"closed","template":"","meta":[],"product_brand":[],"product_cat":[137],"product_tag":[],"class_list":{"0":"post-5385","1":"product","2":"type-product","3":"status-publish","5":"product_cat-maros-megyei-eletrajzi-lexikon","7":"first","8":"instock","9":"shipping-taxable","10":"product-type-simple"},"_links":{"self":[{"href":"https:\/\/uj.adatbank.ro\/lexikon\/wp-json\/wp\/v2\/product\/5385","targetHints":{"allow":["GET"]}}],"collection":[{"href":"https:\/\/uj.adatbank.ro\/lexikon\/wp-json\/wp\/v2\/product"}],"about":[{"href":"https:\/\/uj.adatbank.ro\/lexikon\/wp-json\/wp\/v2\/types\/product"}],"replies":[{"embeddable":true,"href":"https:\/\/uj.adatbank.ro\/lexikon\/wp-json\/wp\/v2\/comments?post=5385"}],"wp:attachment":[{"href":"https:\/\/uj.adatbank.ro\/lexikon\/wp-json\/wp\/v2\/media?parent=5385"}],"wp:term":[{"taxonomy":"product_brand","embeddable":true,"href":"https:\/\/uj.adatbank.ro\/lexikon\/wp-json\/wp\/v2\/product_brand?post=5385"},{"taxonomy":"product_cat","embeddable":true,"href":"https:\/\/uj.adatbank.ro\/lexikon\/wp-json\/wp\/v2\/product_cat?post=5385"},{"taxonomy":"product_tag","embeddable":true,"href":"https:\/\/uj.adatbank.ro\/lexikon\/wp-json\/wp\/v2\/product_tag?post=5385"}],"curies":[{"name":"wp","href":"https:\/\/api.w.org\/{rel}","templated":true}]}}