{"id":5386,"date":"2025-06-28T17:13:31","date_gmt":"2025-06-28T15:13:31","guid":{"rendered":"https:\/\/uj.adatbank.ro\/lexikon\/termek\/branea-teodor\/"},"modified":"2025-06-28T17:13:31","modified_gmt":"2025-06-28T15:13:31","slug":"branea-teodor","status":"publish","type":"product","link":"https:\/\/uj.adatbank.ro\/lexikon\/termek\/branea-teodor\/","title":{"rendered":"BRANEA Teodor"},"content":{"rendered":"<p>? \u2020 ? : g. kat. pap. \u2013 Az els\u0151 ismert g. kat. pap Magyar\u00f3n, aki a fatemplomban szolg\u00e1lt (1790\u20131820). A templom ismeretlen okokb\u00f3l teljesen le\u00e9gett (1820). Hely\u00e9re m\u00e9g abban az \u00e9vben \u00faj fatemplomot emeltek (\u00e1llt 1890-ig, amikor lebontott\u00e1k). <br \/><strong>Irod.:<\/strong> Reghin, Protopopiat<\/br><\/p>\n","protected":false},"excerpt":{"rendered":"<p>? \u2020 ? : g. kat. pap. \u2013 Az els\u0151 ismert g. kat. pap Magyar\u00f3n, aki a fatemplomban szolg\u00e1lt (1790\u20131820). A templom ismeretlen okokb\u00f3l teljesen le\u00e9gett (1820). Hely\u00e9re m\u00e9g abban az \u00e9vben \u00faj fatemplomot emeltek (\u00e1llt 1890-ig, amikor lebontott\u00e1k). Irod.: Reghin, Protopopiat<\/p>\n","protected":false},"featured_media":0,"comment_status":"open","ping_status":"closed","template":"","meta":[],"product_brand":[],"product_cat":[137],"product_tag":[],"class_list":{"0":"post-5386","1":"product","2":"type-product","3":"status-publish","5":"product_cat-maros-megyei-eletrajzi-lexikon","7":"first","8":"instock","9":"shipping-taxable","10":"product-type-simple"},"_links":{"self":[{"href":"https:\/\/uj.adatbank.ro\/lexikon\/wp-json\/wp\/v2\/product\/5386","targetHints":{"allow":["GET"]}}],"collection":[{"href":"https:\/\/uj.adatbank.ro\/lexikon\/wp-json\/wp\/v2\/product"}],"about":[{"href":"https:\/\/uj.adatbank.ro\/lexikon\/wp-json\/wp\/v2\/types\/product"}],"replies":[{"embeddable":true,"href":"https:\/\/uj.adatbank.ro\/lexikon\/wp-json\/wp\/v2\/comments?post=5386"}],"wp:attachment":[{"href":"https:\/\/uj.adatbank.ro\/lexikon\/wp-json\/wp\/v2\/media?parent=5386"}],"wp:term":[{"taxonomy":"product_brand","embeddable":true,"href":"https:\/\/uj.adatbank.ro\/lexikon\/wp-json\/wp\/v2\/product_brand?post=5386"},{"taxonomy":"product_cat","embeddable":true,"href":"https:\/\/uj.adatbank.ro\/lexikon\/wp-json\/wp\/v2\/product_cat?post=5386"},{"taxonomy":"product_tag","embeddable":true,"href":"https:\/\/uj.adatbank.ro\/lexikon\/wp-json\/wp\/v2\/product_tag?post=5386"}],"curies":[{"name":"wp","href":"https:\/\/api.w.org\/{rel}","templated":true}]}}