{"id":5388,"date":"2025-06-28T17:13:36","date_gmt":"2025-06-28T15:13:36","guid":{"rendered":"https:\/\/uj.adatbank.ro\/lexikon\/termek\/branisch-ferencne-%c2%a7-csaky-anna\/"},"modified":"2025-06-28T17:13:36","modified_gmt":"2025-06-28T15:13:36","slug":"branisch-ferencne-%c2%a7-csaky-anna","status":"publish","type":"product","link":"https:\/\/uj.adatbank.ro\/lexikon\/termek\/branisch-ferencne-%c2%a7-csaky-anna\/","title":{"rendered":"BRANISCH Ferencn\u00e9, \u00a7 Cs\u00e1ky Anna"},"content":{"rendered":"<p>? \u2020\u00a0?: \u00fczlet asszony. \u2013 Mv.-en volt kalapszalonja (1920\u201340 k.). F\u00e9rje a cukorgy\u00e1r tisztvisel\u0151je volt. <br \/><strong>Irod.:<\/strong> Visnai<\/br><\/p>\n","protected":false},"excerpt":{"rendered":"<p>? \u2020\u00a0?: \u00fczlet asszony. \u2013 Mv.-en volt kalapszalonja (1920\u201340 k.). F\u00e9rje a cukorgy\u00e1r tisztvisel\u0151je volt. Irod.: Visnai<\/p>\n","protected":false},"featured_media":0,"comment_status":"open","ping_status":"closed","template":"","meta":[],"product_brand":[],"product_cat":[137],"product_tag":[],"class_list":{"0":"post-5388","1":"product","2":"type-product","3":"status-publish","5":"product_cat-maros-megyei-eletrajzi-lexikon","7":"first","8":"instock","9":"shipping-taxable","10":"product-type-simple"},"_links":{"self":[{"href":"https:\/\/uj.adatbank.ro\/lexikon\/wp-json\/wp\/v2\/product\/5388","targetHints":{"allow":["GET"]}}],"collection":[{"href":"https:\/\/uj.adatbank.ro\/lexikon\/wp-json\/wp\/v2\/product"}],"about":[{"href":"https:\/\/uj.adatbank.ro\/lexikon\/wp-json\/wp\/v2\/types\/product"}],"replies":[{"embeddable":true,"href":"https:\/\/uj.adatbank.ro\/lexikon\/wp-json\/wp\/v2\/comments?post=5388"}],"wp:attachment":[{"href":"https:\/\/uj.adatbank.ro\/lexikon\/wp-json\/wp\/v2\/media?parent=5388"}],"wp:term":[{"taxonomy":"product_brand","embeddable":true,"href":"https:\/\/uj.adatbank.ro\/lexikon\/wp-json\/wp\/v2\/product_brand?post=5388"},{"taxonomy":"product_cat","embeddable":true,"href":"https:\/\/uj.adatbank.ro\/lexikon\/wp-json\/wp\/v2\/product_cat?post=5388"},{"taxonomy":"product_tag","embeddable":true,"href":"https:\/\/uj.adatbank.ro\/lexikon\/wp-json\/wp\/v2\/product_tag?post=5388"}],"curies":[{"name":"wp","href":"https:\/\/api.w.org\/{rel}","templated":true}]}}