{"id":5393,"date":"2025-06-28T17:13:42","date_gmt":"2025-06-28T15:13:42","guid":{"rendered":"https:\/\/uj.adatbank.ro\/lexikon\/termek\/brassai-jeromos\/"},"modified":"2025-06-28T17:13:42","modified_gmt":"2025-06-28T15:13:42","slug":"brassai-jeromos","status":"publish","type":"product","link":"https:\/\/uj.adatbank.ro\/lexikon\/termek\/brassai-jeromos\/","title":{"rendered":"BRASSAI Jeromos"},"content":{"rendered":"<p>?\u00a0\u2020\u00a0? : orgonista. \u2013 A mv.-i ferences kolostor orgonist\u00e1ja (1525); tan\u00edtott a mv.-i pl\u00e9b\u00e1ni\u00e1lis iskol\u00e1ban a vil\u00e1gi tant\u00e1rgyak keret\u00e9ben zen\u00e9t (16. sz. eleje). <br \/><strong>Irod.:<\/strong> Id\u0151t\u00e1r 1.; Kr\u00f3n F\u00fcz. (1937. 2\/6), P\u00e1l-Antal 2009<\/br><\/p>\n","protected":false},"excerpt":{"rendered":"<p>?\u00a0\u2020\u00a0? : orgonista. \u2013 A mv.-i ferences kolostor orgonist\u00e1ja (1525); tan\u00edtott a mv.-i pl\u00e9b\u00e1ni\u00e1lis iskol\u00e1ban a vil\u00e1gi tant\u00e1rgyak keret\u00e9ben zen\u00e9t (16. sz. eleje). Irod.: Id\u0151t\u00e1r 1.; Kr\u00f3n F\u00fcz. (1937. 2\/6), P\u00e1l-Antal 2009<\/p>\n","protected":false},"featured_media":0,"comment_status":"open","ping_status":"closed","template":"","meta":[],"product_brand":[],"product_cat":[137],"product_tag":[],"class_list":{"0":"post-5393","1":"product","2":"type-product","3":"status-publish","5":"product_cat-maros-megyei-eletrajzi-lexikon","7":"first","8":"instock","9":"shipping-taxable","10":"product-type-simple"},"_links":{"self":[{"href":"https:\/\/uj.adatbank.ro\/lexikon\/wp-json\/wp\/v2\/product\/5393","targetHints":{"allow":["GET"]}}],"collection":[{"href":"https:\/\/uj.adatbank.ro\/lexikon\/wp-json\/wp\/v2\/product"}],"about":[{"href":"https:\/\/uj.adatbank.ro\/lexikon\/wp-json\/wp\/v2\/types\/product"}],"replies":[{"embeddable":true,"href":"https:\/\/uj.adatbank.ro\/lexikon\/wp-json\/wp\/v2\/comments?post=5393"}],"wp:attachment":[{"href":"https:\/\/uj.adatbank.ro\/lexikon\/wp-json\/wp\/v2\/media?parent=5393"}],"wp:term":[{"taxonomy":"product_brand","embeddable":true,"href":"https:\/\/uj.adatbank.ro\/lexikon\/wp-json\/wp\/v2\/product_brand?post=5393"},{"taxonomy":"product_cat","embeddable":true,"href":"https:\/\/uj.adatbank.ro\/lexikon\/wp-json\/wp\/v2\/product_cat?post=5393"},{"taxonomy":"product_tag","embeddable":true,"href":"https:\/\/uj.adatbank.ro\/lexikon\/wp-json\/wp\/v2\/product_tag?post=5393"}],"curies":[{"name":"wp","href":"https:\/\/api.w.org\/{rel}","templated":true}]}}