{"id":5395,"date":"2025-06-28T17:13:48","date_gmt":"2025-06-28T15:13:48","guid":{"rendered":"https:\/\/uj.adatbank.ro\/lexikon\/termek\/brassai-samuel\/"},"modified":"2025-06-28T17:13:48","modified_gmt":"2025-06-28T15:13:48","slug":"brassai-samuel","status":"publish","type":"product","link":"https:\/\/uj.adatbank.ro\/lexikon\/termek\/brassai-samuel\/","title":{"rendered":"BRASSAI S\u00e1muel"},"content":{"rendered":"<p>? \u2020 ?: harang\u00f6nt\u0151.- Harang\u00f6nt\u0151 Sz\u00e1szr\u00e9genben. Agyagfalva harangj\u00e1t k\u00e9sz\u00edtette (1762). <br \/><strong>Irod.:<\/strong> D\u00e1vid L\u00e1szl\u00f3: Harangok, harang\u00f6nt\u0151k (Sz\u00e9kelyf\u00f6ld, 4. sz., 1998. \u00e1pr.)<\/br><\/p>\n","protected":false},"excerpt":{"rendered":"<p>? \u2020 ?: harang\u00f6nt\u0151.- Harang\u00f6nt\u0151 Sz\u00e1szr\u00e9genben. Agyagfalva harangj\u00e1t k\u00e9sz\u00edtette (1762). Irod.: D\u00e1vid L\u00e1szl\u00f3: Harangok, harang\u00f6nt\u0151k (Sz\u00e9kelyf\u00f6ld, 4. sz., 1998. \u00e1pr.)<\/p>\n","protected":false},"featured_media":0,"comment_status":"open","ping_status":"closed","template":"","meta":[],"product_brand":[],"product_cat":[137],"product_tag":[],"class_list":{"0":"post-5395","1":"product","2":"type-product","3":"status-publish","5":"product_cat-maros-megyei-eletrajzi-lexikon","7":"first","8":"instock","9":"shipping-taxable","10":"product-type-simple"},"_links":{"self":[{"href":"https:\/\/uj.adatbank.ro\/lexikon\/wp-json\/wp\/v2\/product\/5395","targetHints":{"allow":["GET"]}}],"collection":[{"href":"https:\/\/uj.adatbank.ro\/lexikon\/wp-json\/wp\/v2\/product"}],"about":[{"href":"https:\/\/uj.adatbank.ro\/lexikon\/wp-json\/wp\/v2\/types\/product"}],"replies":[{"embeddable":true,"href":"https:\/\/uj.adatbank.ro\/lexikon\/wp-json\/wp\/v2\/comments?post=5395"}],"wp:attachment":[{"href":"https:\/\/uj.adatbank.ro\/lexikon\/wp-json\/wp\/v2\/media?parent=5395"}],"wp:term":[{"taxonomy":"product_brand","embeddable":true,"href":"https:\/\/uj.adatbank.ro\/lexikon\/wp-json\/wp\/v2\/product_brand?post=5395"},{"taxonomy":"product_cat","embeddable":true,"href":"https:\/\/uj.adatbank.ro\/lexikon\/wp-json\/wp\/v2\/product_cat?post=5395"},{"taxonomy":"product_tag","embeddable":true,"href":"https:\/\/uj.adatbank.ro\/lexikon\/wp-json\/wp\/v2\/product_tag?post=5395"}],"curies":[{"name":"wp","href":"https:\/\/api.w.org\/{rel}","templated":true}]}}