{"id":5403,"date":"2025-06-28T17:14:06","date_gmt":"2025-06-28T15:14:06","guid":{"rendered":"https:\/\/uj.adatbank.ro\/lexikon\/termek\/bratu-traian\/"},"modified":"2025-06-28T17:14:06","modified_gmt":"2025-06-28T15:14:06","slug":"bratu-traian","status":"publish","type":"product","link":"https:\/\/uj.adatbank.ro\/lexikon\/termek\/bratu-traian\/","title":{"rendered":"BRATU Traian"},"content":{"rendered":"<p>?, \u2020 ? : \u00fcgy\u00e9sz. \u2013 Mv.-en a T\u00f6rv\u00e9nysz\u00e9k eln\u00f6ke, \u00fcgy\u00e9sz, b\u00edr\u00f3. A V\u00e1laszt\u00e1si Bizotts\u00e1g eln\u00f6ke (1946. nov. 19.). <br \/><strong>Irod.:<\/strong> Id\u0151t\u00e1r 4.<\/br><\/p>\n","protected":false},"excerpt":{"rendered":"<p>?, \u2020 ? : \u00fcgy\u00e9sz. \u2013 Mv.-en a T\u00f6rv\u00e9nysz\u00e9k eln\u00f6ke, \u00fcgy\u00e9sz, b\u00edr\u00f3. A V\u00e1laszt\u00e1si Bizotts\u00e1g eln\u00f6ke (1946. nov. 19.). Irod.: Id\u0151t\u00e1r 4.<\/p>\n","protected":false},"featured_media":0,"comment_status":"open","ping_status":"closed","template":"","meta":[],"product_brand":[],"product_cat":[137],"product_tag":[],"class_list":{"0":"post-5403","1":"product","2":"type-product","3":"status-publish","5":"product_cat-maros-megyei-eletrajzi-lexikon","7":"first","8":"instock","9":"shipping-taxable","10":"product-type-simple"},"_links":{"self":[{"href":"https:\/\/uj.adatbank.ro\/lexikon\/wp-json\/wp\/v2\/product\/5403","targetHints":{"allow":["GET"]}}],"collection":[{"href":"https:\/\/uj.adatbank.ro\/lexikon\/wp-json\/wp\/v2\/product"}],"about":[{"href":"https:\/\/uj.adatbank.ro\/lexikon\/wp-json\/wp\/v2\/types\/product"}],"replies":[{"embeddable":true,"href":"https:\/\/uj.adatbank.ro\/lexikon\/wp-json\/wp\/v2\/comments?post=5403"}],"wp:attachment":[{"href":"https:\/\/uj.adatbank.ro\/lexikon\/wp-json\/wp\/v2\/media?parent=5403"}],"wp:term":[{"taxonomy":"product_brand","embeddable":true,"href":"https:\/\/uj.adatbank.ro\/lexikon\/wp-json\/wp\/v2\/product_brand?post=5403"},{"taxonomy":"product_cat","embeddable":true,"href":"https:\/\/uj.adatbank.ro\/lexikon\/wp-json\/wp\/v2\/product_cat?post=5403"},{"taxonomy":"product_tag","embeddable":true,"href":"https:\/\/uj.adatbank.ro\/lexikon\/wp-json\/wp\/v2\/product_tag?post=5403"}],"curies":[{"name":"wp","href":"https:\/\/api.w.org\/{rel}","templated":true}]}}