{"id":5406,"date":"2025-06-28T17:14:14","date_gmt":"2025-06-28T15:14:14","guid":{"rendered":"https:\/\/uj.adatbank.ro\/lexikon\/termek\/braun-izidor\/"},"modified":"2025-06-28T17:14:14","modified_gmt":"2025-06-28T15:14:14","slug":"braun-izidor","status":"publish","type":"product","link":"https:\/\/uj.adatbank.ro\/lexikon\/termek\/braun-izidor\/","title":{"rendered":"BRAUN Izidor"},"content":{"rendered":"<p>1891., \u2020\u00a0? : textikeresked\u0151. \u2013 Mv.-en a Deutsch \u00e9s Braun c\u00e9g tulajdonosa. A c\u00e9get alap\u00edtott\u00e1k (1922). J\u00f3 h\u00edr\u0171 keresked\u0151 Mv.-en, t\u00f6bb milli\u00f3 \u00e9rt\u00e9k\u0171 \u00e1r\u00farakt\u00e1rral dolgoztak, bel- \u00e9s k\u00fclf\u00f6ldi sz\u00f6vet \u00e9s poszt\u00f3\u00e1r\u00fak nagyban val\u00f3 elad\u00e1s\u00e1val foglalkoztak. Mv.-r\u0151l feles\u00e9g\u00e9vel (1898\u2013) egy\u00fctt deport\u00e1lt\u00e1k (1944. m\u00e1j. 29.). <br \/><strong>Irod.:<\/strong> EBKL; Mv. zsid\u00f3s\u00e1ga.<\/br><\/p>\n","protected":false},"excerpt":{"rendered":"<p>1891., \u2020\u00a0? : textikeresked\u0151. \u2013 Mv.-en a Deutsch \u00e9s Braun c\u00e9g tulajdonosa. A c\u00e9get alap\u00edtott\u00e1k (1922). J\u00f3 h\u00edr\u0171 keresked\u0151 Mv.-en, t\u00f6bb milli\u00f3 \u00e9rt\u00e9k\u0171 \u00e1r\u00farakt\u00e1rral dolgoztak, bel- \u00e9s k\u00fclf\u00f6ldi sz\u00f6vet \u00e9s poszt\u00f3\u00e1r\u00fak nagyban val\u00f3 elad\u00e1s\u00e1val foglalkoztak. Mv.-r\u0151l feles\u00e9g\u00e9vel (1898\u2013) egy\u00fctt deport\u00e1lt\u00e1k (1944. m\u00e1j. 29.). Irod.: EBKL; Mv. zsid\u00f3s\u00e1ga.<\/p>\n","protected":false},"featured_media":0,"comment_status":"open","ping_status":"closed","template":"","meta":[],"product_brand":[],"product_cat":[137],"product_tag":[],"class_list":{"0":"post-5406","1":"product","2":"type-product","3":"status-publish","5":"product_cat-maros-megyei-eletrajzi-lexikon","7":"first","8":"instock","9":"shipping-taxable","10":"product-type-simple"},"_links":{"self":[{"href":"https:\/\/uj.adatbank.ro\/lexikon\/wp-json\/wp\/v2\/product\/5406","targetHints":{"allow":["GET"]}}],"collection":[{"href":"https:\/\/uj.adatbank.ro\/lexikon\/wp-json\/wp\/v2\/product"}],"about":[{"href":"https:\/\/uj.adatbank.ro\/lexikon\/wp-json\/wp\/v2\/types\/product"}],"replies":[{"embeddable":true,"href":"https:\/\/uj.adatbank.ro\/lexikon\/wp-json\/wp\/v2\/comments?post=5406"}],"wp:attachment":[{"href":"https:\/\/uj.adatbank.ro\/lexikon\/wp-json\/wp\/v2\/media?parent=5406"}],"wp:term":[{"taxonomy":"product_brand","embeddable":true,"href":"https:\/\/uj.adatbank.ro\/lexikon\/wp-json\/wp\/v2\/product_brand?post=5406"},{"taxonomy":"product_cat","embeddable":true,"href":"https:\/\/uj.adatbank.ro\/lexikon\/wp-json\/wp\/v2\/product_cat?post=5406"},{"taxonomy":"product_tag","embeddable":true,"href":"https:\/\/uj.adatbank.ro\/lexikon\/wp-json\/wp\/v2\/product_tag?post=5406"}],"curies":[{"name":"wp","href":"https:\/\/api.w.org\/{rel}","templated":true}]}}