{"id":5408,"date":"2025-06-28T17:14:18","date_gmt":"2025-06-28T15:14:18","guid":{"rendered":"https:\/\/uj.adatbank.ro\/lexikon\/termek\/braun-moric\/"},"modified":"2025-06-28T17:14:18","modified_gmt":"2025-06-28T15:14:18","slug":"braun-moric","status":"publish","type":"product","link":"https:\/\/uj.adatbank.ro\/lexikon\/termek\/braun-moric\/","title":{"rendered":"BRAUN M\u00f3ric"},"content":{"rendered":"<p>? \u2020 ? : m\u0171helytulajdonos. \u2013 K\u00f6t\u00f6tt\u00e1rum\u0171hely tulajdonos Mv.-en (1948). <br \/><strong>Irod.:<\/strong> Nan: Camera de comer\u0163<\/br><\/p>\n","protected":false},"excerpt":{"rendered":"<p>? \u2020 ? : m\u0171helytulajdonos. \u2013 K\u00f6t\u00f6tt\u00e1rum\u0171hely tulajdonos Mv.-en (1948). Irod.: Nan: Camera de comer\u0163<\/p>\n","protected":false},"featured_media":0,"comment_status":"open","ping_status":"closed","template":"","meta":[],"product_brand":[],"product_cat":[137],"product_tag":[],"class_list":{"0":"post-5408","1":"product","2":"type-product","3":"status-publish","5":"product_cat-maros-megyei-eletrajzi-lexikon","7":"first","8":"instock","9":"shipping-taxable","10":"product-type-simple"},"_links":{"self":[{"href":"https:\/\/uj.adatbank.ro\/lexikon\/wp-json\/wp\/v2\/product\/5408","targetHints":{"allow":["GET"]}}],"collection":[{"href":"https:\/\/uj.adatbank.ro\/lexikon\/wp-json\/wp\/v2\/product"}],"about":[{"href":"https:\/\/uj.adatbank.ro\/lexikon\/wp-json\/wp\/v2\/types\/product"}],"replies":[{"embeddable":true,"href":"https:\/\/uj.adatbank.ro\/lexikon\/wp-json\/wp\/v2\/comments?post=5408"}],"wp:attachment":[{"href":"https:\/\/uj.adatbank.ro\/lexikon\/wp-json\/wp\/v2\/media?parent=5408"}],"wp:term":[{"taxonomy":"product_brand","embeddable":true,"href":"https:\/\/uj.adatbank.ro\/lexikon\/wp-json\/wp\/v2\/product_brand?post=5408"},{"taxonomy":"product_cat","embeddable":true,"href":"https:\/\/uj.adatbank.ro\/lexikon\/wp-json\/wp\/v2\/product_cat?post=5408"},{"taxonomy":"product_tag","embeddable":true,"href":"https:\/\/uj.adatbank.ro\/lexikon\/wp-json\/wp\/v2\/product_tag?post=5408"}],"curies":[{"name":"wp","href":"https:\/\/api.w.org\/{rel}","templated":true}]}}