{"id":5409,"date":"2025-06-28T17:14:19","date_gmt":"2025-06-28T15:14:19","guid":{"rendered":"https:\/\/uj.adatbank.ro\/lexikon\/termek\/braun-sandor\/"},"modified":"2025-06-28T17:14:19","modified_gmt":"2025-06-28T15:14:19","slug":"braun-sandor","status":"publish","type":"product","link":"https:\/\/uj.adatbank.ro\/lexikon\/termek\/braun-sandor\/","title":{"rendered":"BRAUN S\u00e1ndor"},"content":{"rendered":"<p>? \u2020\u00a0? : keresked\u0151. \u2013 R\u00e9geni keresked\u0151. Beh\u00edvt\u00e1k katon\u00e1nak f\u0151t\u00f6rzsmesterk\u00e9nt a gyulafeh\u00e9rv\u00e1ri 50. Gyalogezredhez (1914. aug. \u2013). Frontharcosk\u00e9nt Oroszo., \u2013 Olaszo.- \u00e9s Szerbi\u00e1ban vett r\u00e9szt az I. vh.-ban. Megsebes\u00fclt, \u00e9s 75%-os rokkantk\u00e9nt nyugd\u00edjazt\u00e1k. A K\u00e1roly Csapat keresztj\u00e9vel t\u00fcntett\u00e9k ki. <br \/><strong>Irod.:<\/strong> Reghin, militari<\/br><\/p>\n","protected":false},"excerpt":{"rendered":"<p>? \u2020\u00a0? : keresked\u0151. \u2013 R\u00e9geni keresked\u0151. Beh\u00edvt\u00e1k katon\u00e1nak f\u0151t\u00f6rzsmesterk\u00e9nt a gyulafeh\u00e9rv\u00e1ri 50. Gyalogezredhez (1914. aug. \u2013). Frontharcosk\u00e9nt Oroszo., \u2013 Olaszo.- \u00e9s Szerbi\u00e1ban vett r\u00e9szt az I. vh.-ban. Megsebes\u00fclt, \u00e9s 75%-os rokkantk\u00e9nt nyugd\u00edjazt\u00e1k. A K\u00e1roly Csapat keresztj\u00e9vel t\u00fcntett\u00e9k ki. Irod.: Reghin, militari<\/p>\n","protected":false},"featured_media":0,"comment_status":"open","ping_status":"closed","template":"","meta":[],"product_brand":[],"product_cat":[137],"product_tag":[],"class_list":{"0":"post-5409","1":"product","2":"type-product","3":"status-publish","5":"product_cat-maros-megyei-eletrajzi-lexikon","7":"first","8":"instock","9":"shipping-taxable","10":"product-type-simple"},"_links":{"self":[{"href":"https:\/\/uj.adatbank.ro\/lexikon\/wp-json\/wp\/v2\/product\/5409","targetHints":{"allow":["GET"]}}],"collection":[{"href":"https:\/\/uj.adatbank.ro\/lexikon\/wp-json\/wp\/v2\/product"}],"about":[{"href":"https:\/\/uj.adatbank.ro\/lexikon\/wp-json\/wp\/v2\/types\/product"}],"replies":[{"embeddable":true,"href":"https:\/\/uj.adatbank.ro\/lexikon\/wp-json\/wp\/v2\/comments?post=5409"}],"wp:attachment":[{"href":"https:\/\/uj.adatbank.ro\/lexikon\/wp-json\/wp\/v2\/media?parent=5409"}],"wp:term":[{"taxonomy":"product_brand","embeddable":true,"href":"https:\/\/uj.adatbank.ro\/lexikon\/wp-json\/wp\/v2\/product_brand?post=5409"},{"taxonomy":"product_cat","embeddable":true,"href":"https:\/\/uj.adatbank.ro\/lexikon\/wp-json\/wp\/v2\/product_cat?post=5409"},{"taxonomy":"product_tag","embeddable":true,"href":"https:\/\/uj.adatbank.ro\/lexikon\/wp-json\/wp\/v2\/product_tag?post=5409"}],"curies":[{"name":"wp","href":"https:\/\/api.w.org\/{rel}","templated":true}]}}