{"id":5414,"date":"2025-06-28T17:14:29","date_gmt":"2025-06-28T15:14:29","guid":{"rendered":"https:\/\/uj.adatbank.ro\/lexikon\/termek\/breda-ferenc\/"},"modified":"2025-06-28T17:14:29","modified_gmt":"2025-06-28T15:14:29","slug":"breda-ferenc","status":"publish","type":"product","link":"https:\/\/uj.adatbank.ro\/lexikon\/termek\/breda-ferenc\/","title":{"rendered":"BREDA Ferenc"},"content":{"rendered":"<p>D\u00e9va, 1956. febr. 20., \u2020\u00a0Mv., 2018. m\u00e1j.: irodalm\u00e1r. \u2013 A kv.-i BBTE magyar-francia szakon v\u00e9gzett. Ford\u00edt\u00f3 rom\u00e1n \u00e9s francia nyelvb\u0151l. T\u00f6bb lap munkat\u00e1rsa: Ifj\u00famunk\u00e1s, Igaz Sz\u00f3, Utunk, Echinox. B\u00e1nfffyhunyadon tan\u00e1r. \u2013 <strong>F. m.:<\/strong> A l\u00e9tez\u00e9st\u0151l a lehet\u0151s\u00e9gig \u2013essz\u00e9k (Forr\u00e1s, 1980); Tov\u00e1bb, Dante nyom\u00e1ban (Echinox, 1977.). <br \/><strong>Irod.:<\/strong> EMKK 2010 M\u0171vel\u0151d\u00e9st\u00f6rt\u00e9neti dolgozatok (Buk., 1977); Apa \u00e9s fi\u00fa (Bolyai tanulm\u00e1nyok, (Buk., 1977.); A legszebb \u00e9let, amit magamnak el tudtam k\u00e9pzelni : besz\u00e9lget\u00e9s K\u00f3s K\u00e1rollyal (Buk., 1978); Halad\u00e1s \u00e9s megmarad\u00e1s. M\u0171vel\u0151d\u00e9st\u00f6rt\u00e9neti tanulm\u00e1nyok (Bp., 1979); \u0150rszavak. M\u0171vel\u0151d\u00e9st\u00f6rt\u00e9neti dolgozatok (Buk., 1984); Revolu\u021bia de la 1848\/49 din Transilvania sorozat k\u00f6teteinek: 1977, 1979, 1982, 1988, 1992, 1998; Sz\u00e9kely felkel\u00e9s 1595\u20131596 (1979); A helyzettudat v\u00e1ltoz\u00e1sai. Apa \u00e9s fi\u00fa = Bolyai tanulm\u00e1nyok, (Bp., 1978.); A legszebb \u00e9let, amit magamnak el tudtam k\u00e9pzelni : besz\u00e9lget\u00e9s K\u00f3s K\u00e1rollyal (Buk., 1978); Permanen\u021b\u0103 \u0219i devenire. Studii de istoria culturii (Buk., 1984), K\u00f3s K\u00e1roly. \u00c9letrajz (1991); Nagy G\u00e9za, a liter\u00e1tor \u00e9s m\u0171vel\u0151d\u00e9s\u00fcnk mindenese (Kv., EME, 1991); A rom\u00e1niai magyar tudom\u00e1ny helyzete \u00e9s az Erd\u00e9lyi M\u00fazeum-Egyes\u00fclet feladatai (Bp., Alcaprint, 1993); \u00dajrakezd\u00e9sek (Cs\u00edklszereda., 1996); BUTILC\u0102 Florin Marius, \u00a7 K\u00e9zdiv\u00e1s\u00e1rhely, 1966. m\u00e1rc. 12., \u2020 Valea Prahovei, 2002. okt. 25., Mv.-en temett\u00e9k: seb\u00e9szorvos. \u2013 Sz\u00fcl\u0151v\u00e1ros\u00e1ban v\u00e9gezte a k\u00f6z\u00e9piskol\u00e1t, az orvosi egyetemet Mv.-en (1984\u201391). Seb\u00e9sz szakorvos Mv.-en, a MOGYI-n gyakornok, tan\u00e1rseg\u00e9d, adjunktus az Anatomia Katedr\u00e1n, k\u00f6zeg\u00e9szs\u00e9g\u00fcgyi igazgat\u00f3 (2000\u2013). 19 szakdolgozata jelent meg. A Rom\u00e1niai Anatomiai T\u00e1rsas\u00e1g alap\u00edt\u00f3tagja (1994), tagja a Rom. Seb\u00e9szeti T\u00e1rsas\u00e1gnak(1996), Rom. Mellkasseb\u00e9szeti T\u00e1rsas\u00e1gnak (1996) \u2013 <strong>F. m.:<\/strong> t\u00e1ssz.: Anatomia topografic\u0103 \u015fi descriptiv\u0219 a trunchiului (2002); Anatomie: generalit\u0103\u0163i-membre (Tg. M., 2002). <br \/><strong>Irod.:<\/strong> Bengean; C. L. (2002. okt. 29); Tizenk\u00e9t \u00e9v; Todea\u2013F\u00fcl\u00f6p\u2013Avram<\/br><\/p>\n","protected":false},"excerpt":{"rendered":"<p>D\u00e9va, 1956. febr. 20., \u2020\u00a0Mv., 2018. m\u00e1j.: irodalm\u00e1r. \u2013 A kv.-i BBTE magyar-francia szakon v\u00e9gzett. Ford\u00edt\u00f3 rom\u00e1n \u00e9s francia nyelvb\u0151l. T\u00f6bb lap munkat\u00e1rsa: Ifj\u00famunk\u00e1s, Igaz Sz\u00f3, Utunk, Echinox. B\u00e1nfffyhunyadon tan\u00e1r. \u2013 F. m.: A l\u00e9tez\u00e9st\u0151l a lehet\u0151s\u00e9gig \u2013essz\u00e9k (Forr\u00e1s, 1980); Tov\u00e1bb, Dante nyom\u00e1ban (Echinox, 1977.). Irod.: EMKK 2010 M\u0171vel\u0151d\u00e9st\u00f6rt\u00e9neti dolgozatok (Buk., 1977); Apa \u00e9s fi\u00fa [&hellip;]<\/p>\n","protected":false},"featured_media":0,"comment_status":"open","ping_status":"closed","template":"","meta":[],"product_brand":[],"product_cat":[137],"product_tag":[],"class_list":{"0":"post-5414","1":"product","2":"type-product","3":"status-publish","5":"product_cat-maros-megyei-eletrajzi-lexikon","7":"first","8":"instock","9":"shipping-taxable","10":"product-type-simple"},"_links":{"self":[{"href":"https:\/\/uj.adatbank.ro\/lexikon\/wp-json\/wp\/v2\/product\/5414","targetHints":{"allow":["GET"]}}],"collection":[{"href":"https:\/\/uj.adatbank.ro\/lexikon\/wp-json\/wp\/v2\/product"}],"about":[{"href":"https:\/\/uj.adatbank.ro\/lexikon\/wp-json\/wp\/v2\/types\/product"}],"replies":[{"embeddable":true,"href":"https:\/\/uj.adatbank.ro\/lexikon\/wp-json\/wp\/v2\/comments?post=5414"}],"wp:attachment":[{"href":"https:\/\/uj.adatbank.ro\/lexikon\/wp-json\/wp\/v2\/media?parent=5414"}],"wp:term":[{"taxonomy":"product_brand","embeddable":true,"href":"https:\/\/uj.adatbank.ro\/lexikon\/wp-json\/wp\/v2\/product_brand?post=5414"},{"taxonomy":"product_cat","embeddable":true,"href":"https:\/\/uj.adatbank.ro\/lexikon\/wp-json\/wp\/v2\/product_cat?post=5414"},{"taxonomy":"product_tag","embeddable":true,"href":"https:\/\/uj.adatbank.ro\/lexikon\/wp-json\/wp\/v2\/product_tag?post=5414"}],"curies":[{"name":"wp","href":"https:\/\/api.w.org\/{rel}","templated":true}]}}