{"id":5415,"date":"2025-06-28T17:14:31","date_gmt":"2025-06-28T15:14:31","guid":{"rendered":"https:\/\/uj.adatbank.ro\/lexikon\/termek\/breiner-gheorghe-breiner-gyorgy\/"},"modified":"2025-06-28T17:14:31","modified_gmt":"2025-06-28T15:14:31","slug":"breiner-gheorghe-breiner-gyorgy","status":"publish","type":"product","link":"https:\/\/uj.adatbank.ro\/lexikon\/termek\/breiner-gheorghe-breiner-gyorgy\/","title":{"rendered":"BREINER Gheorghe, Breiner Gy\u00f6rgy"},"content":{"rendered":"<p>? \u2020\u00a0? : f\u0151hadnagy. \u2013 MAT Securitate Tartom\u00e1nyi Igazgat\u00f3s\u00e1ga erd\u0151szentgy\u00f6rgyi hivatal\u00e1n f\u0151hadnagy (1952\u201353). <br \/><strong>Irod.:<\/strong> Bartos 2012<\/br><\/p>\n","protected":false},"excerpt":{"rendered":"<p>? \u2020\u00a0? : f\u0151hadnagy. \u2013 MAT Securitate Tartom\u00e1nyi Igazgat\u00f3s\u00e1ga erd\u0151szentgy\u00f6rgyi hivatal\u00e1n f\u0151hadnagy (1952\u201353). Irod.: Bartos 2012<\/p>\n","protected":false},"featured_media":0,"comment_status":"open","ping_status":"closed","template":"","meta":[],"product_brand":[],"product_cat":[137],"product_tag":[],"class_list":{"0":"post-5415","1":"product","2":"type-product","3":"status-publish","5":"product_cat-maros-megyei-eletrajzi-lexikon","7":"first","8":"instock","9":"shipping-taxable","10":"product-type-simple"},"_links":{"self":[{"href":"https:\/\/uj.adatbank.ro\/lexikon\/wp-json\/wp\/v2\/product\/5415","targetHints":{"allow":["GET"]}}],"collection":[{"href":"https:\/\/uj.adatbank.ro\/lexikon\/wp-json\/wp\/v2\/product"}],"about":[{"href":"https:\/\/uj.adatbank.ro\/lexikon\/wp-json\/wp\/v2\/types\/product"}],"replies":[{"embeddable":true,"href":"https:\/\/uj.adatbank.ro\/lexikon\/wp-json\/wp\/v2\/comments?post=5415"}],"wp:attachment":[{"href":"https:\/\/uj.adatbank.ro\/lexikon\/wp-json\/wp\/v2\/media?parent=5415"}],"wp:term":[{"taxonomy":"product_brand","embeddable":true,"href":"https:\/\/uj.adatbank.ro\/lexikon\/wp-json\/wp\/v2\/product_brand?post=5415"},{"taxonomy":"product_cat","embeddable":true,"href":"https:\/\/uj.adatbank.ro\/lexikon\/wp-json\/wp\/v2\/product_cat?post=5415"},{"taxonomy":"product_tag","embeddable":true,"href":"https:\/\/uj.adatbank.ro\/lexikon\/wp-json\/wp\/v2\/product_tag?post=5415"}],"curies":[{"name":"wp","href":"https:\/\/api.w.org\/{rel}","templated":true}]}}