{"id":5416,"date":"2025-06-28T17:14:33","date_gmt":"2025-06-28T15:14:33","guid":{"rendered":"https:\/\/uj.adatbank.ro\/lexikon\/termek\/breiner-gyula\/"},"modified":"2025-06-28T17:14:33","modified_gmt":"2025-06-28T15:14:33","slug":"breiner-gyula","status":"publish","type":"product","link":"https:\/\/uj.adatbank.ro\/lexikon\/termek\/breiner-gyula\/","title":{"rendered":"BREINER Gyula"},"content":{"rendered":"<p>? \u2020\u00a0?\u00a0: kartogr\u00e1fus. \u2013 Pomp\u00e9ry Elem\u00e9rrel k\u00e9sz\u00edtette el a Mv. V\u00e1ros t\u00e9rk\u00e9p\u00e9t, 27 neves\u00edtett utc\u00e1t t\u00fcntetett fel. (1898). <br \/><strong>Irod.:<\/strong> Id\u0151t\u00e1r 2<\/br><\/p>\n","protected":false},"excerpt":{"rendered":"<p>? \u2020\u00a0?\u00a0: kartogr\u00e1fus. \u2013 Pomp\u00e9ry Elem\u00e9rrel k\u00e9sz\u00edtette el a Mv. V\u00e1ros t\u00e9rk\u00e9p\u00e9t, 27 neves\u00edtett utc\u00e1t t\u00fcntetett fel. (1898). Irod.: Id\u0151t\u00e1r 2<\/p>\n","protected":false},"featured_media":0,"comment_status":"open","ping_status":"closed","template":"","meta":[],"product_brand":[],"product_cat":[137],"product_tag":[],"class_list":{"0":"post-5416","1":"product","2":"type-product","3":"status-publish","5":"product_cat-maros-megyei-eletrajzi-lexikon","7":"first","8":"instock","9":"shipping-taxable","10":"product-type-simple"},"_links":{"self":[{"href":"https:\/\/uj.adatbank.ro\/lexikon\/wp-json\/wp\/v2\/product\/5416","targetHints":{"allow":["GET"]}}],"collection":[{"href":"https:\/\/uj.adatbank.ro\/lexikon\/wp-json\/wp\/v2\/product"}],"about":[{"href":"https:\/\/uj.adatbank.ro\/lexikon\/wp-json\/wp\/v2\/types\/product"}],"replies":[{"embeddable":true,"href":"https:\/\/uj.adatbank.ro\/lexikon\/wp-json\/wp\/v2\/comments?post=5416"}],"wp:attachment":[{"href":"https:\/\/uj.adatbank.ro\/lexikon\/wp-json\/wp\/v2\/media?parent=5416"}],"wp:term":[{"taxonomy":"product_brand","embeddable":true,"href":"https:\/\/uj.adatbank.ro\/lexikon\/wp-json\/wp\/v2\/product_brand?post=5416"},{"taxonomy":"product_cat","embeddable":true,"href":"https:\/\/uj.adatbank.ro\/lexikon\/wp-json\/wp\/v2\/product_cat?post=5416"},{"taxonomy":"product_tag","embeddable":true,"href":"https:\/\/uj.adatbank.ro\/lexikon\/wp-json\/wp\/v2\/product_tag?post=5416"}],"curies":[{"name":"wp","href":"https:\/\/api.w.org\/{rel}","templated":true}]}}