{"id":5417,"date":"2025-06-28T17:14:35","date_gmt":"2025-06-28T15:14:35","guid":{"rendered":"https:\/\/uj.adatbank.ro\/lexikon\/termek\/brejan-ioan\/"},"modified":"2025-06-28T17:14:35","modified_gmt":"2025-06-28T15:14:35","slug":"brejan-ioan","status":"publish","type":"product","link":"https:\/\/uj.adatbank.ro\/lexikon\/termek\/brejan-ioan\/","title":{"rendered":"BREJAN Ioan"},"content":{"rendered":"<p>? \u2020\u00a01848. okt.: ort. \/ g. kat. pap. \u2013 Marosszentkir\u00e1ly papja (1840\u2013). A forradalmi t\u00falkap\u00e1sok k\u00f6vetkezt\u00e9ben Sz\u00e1szszentiv\u00e1nn\u00e1l a m. katon\u00e1k lel\u0151tt\u00e9k, vagyon\u00e1t elkobozt\u00e1k, \u00e1rva gyermekeket hagyott maga ut\u00e1n (1848. okt.). Azonos nev\u0171 legnagyobb fia, aki Egerszegben volt ort. pap, ugyan\u00fagy halt meg (1848. okt. 8.). <br \/><strong>Irod.:<\/strong> \u015eincan 2006<\/br><\/p>\n","protected":false},"excerpt":{"rendered":"<p>? \u2020\u00a01848. okt.: ort. \/ g. kat. pap. \u2013 Marosszentkir\u00e1ly papja (1840\u2013). A forradalmi t\u00falkap\u00e1sok k\u00f6vetkezt\u00e9ben Sz\u00e1szszentiv\u00e1nn\u00e1l a m. katon\u00e1k lel\u0151tt\u00e9k, vagyon\u00e1t elkobozt\u00e1k, \u00e1rva gyermekeket hagyott maga ut\u00e1n (1848. okt.). Azonos nev\u0171 legnagyobb fia, aki Egerszegben volt ort. pap, ugyan\u00fagy halt meg (1848. okt. 8.). Irod.: \u015eincan 2006<\/p>\n","protected":false},"featured_media":0,"comment_status":"open","ping_status":"closed","template":"","meta":[],"product_brand":[],"product_cat":[137],"product_tag":[],"class_list":{"0":"post-5417","1":"product","2":"type-product","3":"status-publish","5":"product_cat-maros-megyei-eletrajzi-lexikon","7":"first","8":"instock","9":"shipping-taxable","10":"product-type-simple"},"_links":{"self":[{"href":"https:\/\/uj.adatbank.ro\/lexikon\/wp-json\/wp\/v2\/product\/5417","targetHints":{"allow":["GET"]}}],"collection":[{"href":"https:\/\/uj.adatbank.ro\/lexikon\/wp-json\/wp\/v2\/product"}],"about":[{"href":"https:\/\/uj.adatbank.ro\/lexikon\/wp-json\/wp\/v2\/types\/product"}],"replies":[{"embeddable":true,"href":"https:\/\/uj.adatbank.ro\/lexikon\/wp-json\/wp\/v2\/comments?post=5417"}],"wp:attachment":[{"href":"https:\/\/uj.adatbank.ro\/lexikon\/wp-json\/wp\/v2\/media?parent=5417"}],"wp:term":[{"taxonomy":"product_brand","embeddable":true,"href":"https:\/\/uj.adatbank.ro\/lexikon\/wp-json\/wp\/v2\/product_brand?post=5417"},{"taxonomy":"product_cat","embeddable":true,"href":"https:\/\/uj.adatbank.ro\/lexikon\/wp-json\/wp\/v2\/product_cat?post=5417"},{"taxonomy":"product_tag","embeddable":true,"href":"https:\/\/uj.adatbank.ro\/lexikon\/wp-json\/wp\/v2\/product_tag?post=5417"}],"curies":[{"name":"wp","href":"https:\/\/api.w.org\/{rel}","templated":true}]}}