{"id":5420,"date":"2025-06-28T17:14:40","date_gmt":"2025-06-28T15:14:40","guid":{"rendered":"https:\/\/uj.adatbank.ro\/lexikon\/termek\/bressel-geza-dr\/"},"modified":"2025-06-28T17:14:40","modified_gmt":"2025-06-28T15:14:40","slug":"bressel-geza-dr","status":"publish","type":"product","link":"https:\/\/uj.adatbank.ro\/lexikon\/termek\/bressel-geza-dr\/","title":{"rendered":"BRESSEL G\u00e9za, dr."},"content":{"rendered":"<p>1928, \u2020\u00a0Mv., 1969. jan. 7.: orvos. \u2013 A MOGYI v\u00e9gzettje (1952). M\u00e1r hallgat\u00f3 kor\u00e1ban dolgozott az \u00c9lettan katedr\u00e1n, seb\u00e9sz vizsg\u00e1t tett. Dr., seb\u00e9sz szakorvos. Tudom\u00e1nyos tapasztalat\u00e1t sz\u00e1mos tanulm\u00e1nyban k\u00f6z\u00f6lte. <br \/><strong>Irod.:<\/strong> Dr. B. G. [Nekrol\u00f3g] (V. Z., 1969. jan. 8.); Kiss\u2013P\u00e9terffy\u2013P\u00e9terffy; Kiss Cs. M 4.<\/br><\/p>\n","protected":false},"excerpt":{"rendered":"<p>1928, \u2020\u00a0Mv., 1969. jan. 7.: orvos. \u2013 A MOGYI v\u00e9gzettje (1952). M\u00e1r hallgat\u00f3 kor\u00e1ban dolgozott az \u00c9lettan katedr\u00e1n, seb\u00e9sz vizsg\u00e1t tett. Dr., seb\u00e9sz szakorvos. Tudom\u00e1nyos tapasztalat\u00e1t sz\u00e1mos tanulm\u00e1nyban k\u00f6z\u00f6lte. Irod.: Dr. B. G. [Nekrol\u00f3g] (V. Z., 1969. jan. 8.); Kiss\u2013P\u00e9terffy\u2013P\u00e9terffy; Kiss Cs. M 4.<\/p>\n","protected":false},"featured_media":0,"comment_status":"open","ping_status":"closed","template":"","meta":[],"product_brand":[],"product_cat":[137],"product_tag":[],"class_list":{"0":"post-5420","1":"product","2":"type-product","3":"status-publish","5":"product_cat-maros-megyei-eletrajzi-lexikon","7":"first","8":"instock","9":"shipping-taxable","10":"product-type-simple"},"_links":{"self":[{"href":"https:\/\/uj.adatbank.ro\/lexikon\/wp-json\/wp\/v2\/product\/5420","targetHints":{"allow":["GET"]}}],"collection":[{"href":"https:\/\/uj.adatbank.ro\/lexikon\/wp-json\/wp\/v2\/product"}],"about":[{"href":"https:\/\/uj.adatbank.ro\/lexikon\/wp-json\/wp\/v2\/types\/product"}],"replies":[{"embeddable":true,"href":"https:\/\/uj.adatbank.ro\/lexikon\/wp-json\/wp\/v2\/comments?post=5420"}],"wp:attachment":[{"href":"https:\/\/uj.adatbank.ro\/lexikon\/wp-json\/wp\/v2\/media?parent=5420"}],"wp:term":[{"taxonomy":"product_brand","embeddable":true,"href":"https:\/\/uj.adatbank.ro\/lexikon\/wp-json\/wp\/v2\/product_brand?post=5420"},{"taxonomy":"product_cat","embeddable":true,"href":"https:\/\/uj.adatbank.ro\/lexikon\/wp-json\/wp\/v2\/product_cat?post=5420"},{"taxonomy":"product_tag","embeddable":true,"href":"https:\/\/uj.adatbank.ro\/lexikon\/wp-json\/wp\/v2\/product_tag?post=5420"}],"curies":[{"name":"wp","href":"https:\/\/api.w.org\/{rel}","templated":true}]}}