{"id":5428,"date":"2025-06-28T17:14:55","date_gmt":"2025-06-28T15:14:55","guid":{"rendered":"https:\/\/uj.adatbank.ro\/lexikon\/termek\/brezsan-janos\/"},"modified":"2025-06-28T17:14:55","modified_gmt":"2025-06-28T15:14:55","slug":"brezsan-janos","status":"publish","type":"product","link":"https:\/\/uj.adatbank.ro\/lexikon\/termek\/brezsan-janos\/","title":{"rendered":"BREZS\u00c1N J\u00e1nos"},"content":{"rendered":"<p>? \u2020\u00a0? : kos\u00e1rlabd\u00e1z\u00f3. \u2013 K\u00f6z\u00e9piskol\u00e1ban kezdett labd\u00e1zni (1955\u2013). Az ifj\u00fas\u00e1gi csapatok orsz\u00e1gos verseny\u00e9n csapata 2. helyez\u00e9st \u00e9rt el (1957). A mv.-i Dinam\u00f3 kos\u00e1rlabda egyes\u00fclet tagja. R\u00e9szt vett B\u00e9csben a VIII. Vil\u00e1gifj\u00fas\u00e1gi tal\u00e1lkoz\u00f3n. <br \/><strong>Irod.:<\/strong> Szab\u00f3 D\u00e9nes: Amit egy ifj\u00fa sportol\u00f3 tervez (V. Z., 1961. febr. 11.)<\/br><\/p>\n","protected":false},"excerpt":{"rendered":"<p>? \u2020\u00a0? : kos\u00e1rlabd\u00e1z\u00f3. \u2013 K\u00f6z\u00e9piskol\u00e1ban kezdett labd\u00e1zni (1955\u2013). Az ifj\u00fas\u00e1gi csapatok orsz\u00e1gos verseny\u00e9n csapata 2. helyez\u00e9st \u00e9rt el (1957). A mv.-i Dinam\u00f3 kos\u00e1rlabda egyes\u00fclet tagja. R\u00e9szt vett B\u00e9csben a VIII. Vil\u00e1gifj\u00fas\u00e1gi tal\u00e1lkoz\u00f3n. Irod.: Szab\u00f3 D\u00e9nes: Amit egy ifj\u00fa sportol\u00f3 tervez (V. Z., 1961. febr. 11.)<\/p>\n","protected":false},"featured_media":0,"comment_status":"open","ping_status":"closed","template":"","meta":[],"product_brand":[],"product_cat":[137],"product_tag":[],"class_list":{"0":"post-5428","1":"product","2":"type-product","3":"status-publish","5":"product_cat-maros-megyei-eletrajzi-lexikon","7":"first","8":"instock","9":"shipping-taxable","10":"product-type-simple"},"_links":{"self":[{"href":"https:\/\/uj.adatbank.ro\/lexikon\/wp-json\/wp\/v2\/product\/5428","targetHints":{"allow":["GET"]}}],"collection":[{"href":"https:\/\/uj.adatbank.ro\/lexikon\/wp-json\/wp\/v2\/product"}],"about":[{"href":"https:\/\/uj.adatbank.ro\/lexikon\/wp-json\/wp\/v2\/types\/product"}],"replies":[{"embeddable":true,"href":"https:\/\/uj.adatbank.ro\/lexikon\/wp-json\/wp\/v2\/comments?post=5428"}],"wp:attachment":[{"href":"https:\/\/uj.adatbank.ro\/lexikon\/wp-json\/wp\/v2\/media?parent=5428"}],"wp:term":[{"taxonomy":"product_brand","embeddable":true,"href":"https:\/\/uj.adatbank.ro\/lexikon\/wp-json\/wp\/v2\/product_brand?post=5428"},{"taxonomy":"product_cat","embeddable":true,"href":"https:\/\/uj.adatbank.ro\/lexikon\/wp-json\/wp\/v2\/product_cat?post=5428"},{"taxonomy":"product_tag","embeddable":true,"href":"https:\/\/uj.adatbank.ro\/lexikon\/wp-json\/wp\/v2\/product_tag?post=5428"}],"curies":[{"name":"wp","href":"https:\/\/api.w.org\/{rel}","templated":true}]}}