{"id":5438,"date":"2025-06-28T17:15:12","date_gmt":"2025-06-28T15:15:12","guid":{"rendered":"https:\/\/uj.adatbank.ro\/lexikon\/termek\/brunner-ferenc\/"},"modified":"2025-06-28T17:15:12","modified_gmt":"2025-06-28T15:15:12","slug":"brunner-ferenc","status":"publish","type":"product","link":"https:\/\/uj.adatbank.ro\/lexikon\/termek\/brunner-ferenc\/","title":{"rendered":"BRUNNER Ferenc"},"content":{"rendered":"<p>? \u2020 ? : v\u00e1rparancsnok. \u2013 Mv.-en cs. kir. \u0151rnagy, v\u00e1rosparancsnok. I. Ferenc J\u00f3zsef mv.-i l\u00e1togat\u00e1sa idej\u00e9n hivatalos volt az udvari esteb\u00e9den is (1852. j\u00fal. 31). Szentgy\u00f6rgyi sz\u00fcl\u0151h\u00e1z\u00e1n eml\u00e9kt\u00e1bla van. <br \/><strong>Irod.:<\/strong> Bak\u00f3 Zolt\u00e1n: Hatvan \u00e9ve k\u00eds\u00e9rt egy gyilkoss\u00e1g eml\u00e9ke Vadadban (V\u00e1s\u00e1rhelyi H\u00edrlap, 2010. aug. 16.; 2010. aug. 17.); Bosoanc\u0103; C. L. (157. sz, 1990. aug. 9.)<\/br><\/p>\n","protected":false},"excerpt":{"rendered":"<p>? \u2020 ? : v\u00e1rparancsnok. \u2013 Mv.-en cs. kir. \u0151rnagy, v\u00e1rosparancsnok. I. Ferenc J\u00f3zsef mv.-i l\u00e1togat\u00e1sa idej\u00e9n hivatalos volt az udvari esteb\u00e9den is (1852. j\u00fal. 31). Szentgy\u00f6rgyi sz\u00fcl\u0151h\u00e1z\u00e1n eml\u00e9kt\u00e1bla van. Irod.: Bak\u00f3 Zolt\u00e1n: Hatvan \u00e9ve k\u00eds\u00e9rt egy gyilkoss\u00e1g eml\u00e9ke Vadadban (V\u00e1s\u00e1rhelyi H\u00edrlap, 2010. aug. 16.; 2010. aug. 17.); Bosoanc\u0103; C. L. (157. sz, 1990. aug. [&hellip;]<\/p>\n","protected":false},"featured_media":0,"comment_status":"open","ping_status":"closed","template":"","meta":[],"product_brand":[],"product_cat":[137],"product_tag":[],"class_list":{"0":"post-5438","1":"product","2":"type-product","3":"status-publish","5":"product_cat-maros-megyei-eletrajzi-lexikon","7":"first","8":"instock","9":"shipping-taxable","10":"product-type-simple"},"_links":{"self":[{"href":"https:\/\/uj.adatbank.ro\/lexikon\/wp-json\/wp\/v2\/product\/5438","targetHints":{"allow":["GET"]}}],"collection":[{"href":"https:\/\/uj.adatbank.ro\/lexikon\/wp-json\/wp\/v2\/product"}],"about":[{"href":"https:\/\/uj.adatbank.ro\/lexikon\/wp-json\/wp\/v2\/types\/product"}],"replies":[{"embeddable":true,"href":"https:\/\/uj.adatbank.ro\/lexikon\/wp-json\/wp\/v2\/comments?post=5438"}],"wp:attachment":[{"href":"https:\/\/uj.adatbank.ro\/lexikon\/wp-json\/wp\/v2\/media?parent=5438"}],"wp:term":[{"taxonomy":"product_brand","embeddable":true,"href":"https:\/\/uj.adatbank.ro\/lexikon\/wp-json\/wp\/v2\/product_brand?post=5438"},{"taxonomy":"product_cat","embeddable":true,"href":"https:\/\/uj.adatbank.ro\/lexikon\/wp-json\/wp\/v2\/product_cat?post=5438"},{"taxonomy":"product_tag","embeddable":true,"href":"https:\/\/uj.adatbank.ro\/lexikon\/wp-json\/wp\/v2\/product_tag?post=5438"}],"curies":[{"name":"wp","href":"https:\/\/api.w.org\/{rel}","templated":true}]}}