{"id":5439,"date":"2025-06-28T17:15:14","date_gmt":"2025-06-28T15:15:14","guid":{"rendered":"https:\/\/uj.adatbank.ro\/lexikon\/termek\/brustur-remus\/"},"modified":"2025-06-28T17:15:14","modified_gmt":"2025-06-28T15:15:14","slug":"brustur-remus","status":"publish","type":"product","link":"https:\/\/uj.adatbank.ro\/lexikon\/termek\/brustur-remus\/","title":{"rendered":"BRUSTUR Remus"},"content":{"rendered":"<p>? \u2020 Maroslekence, 1949. aug. 12.: Maroslekence k\u00fcld\u00f6tte a gyulafeh\u00e9rv\u00e1ri nagygy\u0171l\u00e9sen (1918. dec. 1.). Maros megy\u00e9ben egyike a kollektiviz\u00e1l\u00e1s \u00e1ldozatainak.<\/br><\/p>\n","protected":false},"excerpt":{"rendered":"<p>? \u2020 Maroslekence, 1949. aug. 12.: Maroslekence k\u00fcld\u00f6tte a gyulafeh\u00e9rv\u00e1ri nagygy\u0171l\u00e9sen (1918. dec. 1.). Maros megy\u00e9ben egyike a kollektiviz\u00e1l\u00e1s \u00e1ldozatainak.<\/p>\n","protected":false},"featured_media":0,"comment_status":"open","ping_status":"closed","template":"","meta":[],"product_brand":[],"product_cat":[137],"product_tag":[],"class_list":{"0":"post-5439","1":"product","2":"type-product","3":"status-publish","5":"product_cat-maros-megyei-eletrajzi-lexikon","7":"first","8":"instock","9":"shipping-taxable","10":"product-type-simple"},"_links":{"self":[{"href":"https:\/\/uj.adatbank.ro\/lexikon\/wp-json\/wp\/v2\/product\/5439","targetHints":{"allow":["GET"]}}],"collection":[{"href":"https:\/\/uj.adatbank.ro\/lexikon\/wp-json\/wp\/v2\/product"}],"about":[{"href":"https:\/\/uj.adatbank.ro\/lexikon\/wp-json\/wp\/v2\/types\/product"}],"replies":[{"embeddable":true,"href":"https:\/\/uj.adatbank.ro\/lexikon\/wp-json\/wp\/v2\/comments?post=5439"}],"wp:attachment":[{"href":"https:\/\/uj.adatbank.ro\/lexikon\/wp-json\/wp\/v2\/media?parent=5439"}],"wp:term":[{"taxonomy":"product_brand","embeddable":true,"href":"https:\/\/uj.adatbank.ro\/lexikon\/wp-json\/wp\/v2\/product_brand?post=5439"},{"taxonomy":"product_cat","embeddable":true,"href":"https:\/\/uj.adatbank.ro\/lexikon\/wp-json\/wp\/v2\/product_cat?post=5439"},{"taxonomy":"product_tag","embeddable":true,"href":"https:\/\/uj.adatbank.ro\/lexikon\/wp-json\/wp\/v2\/product_tag?post=5439"}],"curies":[{"name":"wp","href":"https:\/\/api.w.org\/{rel}","templated":true}]}}