{"id":5442,"date":"2025-06-28T17:15:21","date_gmt":"2025-06-28T15:15:21","guid":{"rendered":"https:\/\/uj.adatbank.ro\/lexikon\/termek\/bucher-karoly-ifj\/"},"modified":"2025-06-28T17:15:21","modified_gmt":"2025-06-28T15:15:21","slug":"bucher-karoly-ifj","status":"publish","type":"product","link":"https:\/\/uj.adatbank.ro\/lexikon\/termek\/bucher-karoly-ifj\/","title":{"rendered":"BUCHER K\u00e1roly, ifj."},"content":{"rendered":"<p>? \u2020\u00a0? : keresked\u0151, virilista. \u2013 Virilis (1889\u2013) t\u00f6bb mint huszon\u00f6t \u00e9vig. F\u0171szer, d\u00e9ligy\u00fcm\u00f6lcs, fest\u00e9k \u00fczlete volt a mv.-i F\u0151t\u00e9ren, Fekete Kuty\u00e1hoz n\u00e9ven. Ut\u00f3da Dudutz Ferenc. <br \/><strong>Irod.:<\/strong> Id\u0151t\u00e1r 2; L\u00e1szl\u00f3 L\u00f3r\u00e1nt: Mv. Legnagyobb ad\u00f3fizet\u0151i 1881\u20131916 = EME f\u00fczetek (2010. 1\u20132); Szentgy\u00f6rgyi<\/br><\/p>\n","protected":false},"excerpt":{"rendered":"<p>? \u2020\u00a0? : keresked\u0151, virilista. \u2013 Virilis (1889\u2013) t\u00f6bb mint huszon\u00f6t \u00e9vig. F\u0171szer, d\u00e9ligy\u00fcm\u00f6lcs, fest\u00e9k \u00fczlete volt a mv.-i F\u0151t\u00e9ren, Fekete Kuty\u00e1hoz n\u00e9ven. Ut\u00f3da Dudutz Ferenc. Irod.: Id\u0151t\u00e1r 2; L\u00e1szl\u00f3 L\u00f3r\u00e1nt: Mv. Legnagyobb ad\u00f3fizet\u0151i 1881\u20131916 = EME f\u00fczetek (2010. 1\u20132); Szentgy\u00f6rgyi<\/p>\n","protected":false},"featured_media":0,"comment_status":"open","ping_status":"closed","template":"","meta":[],"product_brand":[],"product_cat":[137],"product_tag":[],"class_list":{"0":"post-5442","1":"product","2":"type-product","3":"status-publish","5":"product_cat-maros-megyei-eletrajzi-lexikon","7":"first","8":"instock","9":"shipping-taxable","10":"product-type-simple"},"_links":{"self":[{"href":"https:\/\/uj.adatbank.ro\/lexikon\/wp-json\/wp\/v2\/product\/5442","targetHints":{"allow":["GET"]}}],"collection":[{"href":"https:\/\/uj.adatbank.ro\/lexikon\/wp-json\/wp\/v2\/product"}],"about":[{"href":"https:\/\/uj.adatbank.ro\/lexikon\/wp-json\/wp\/v2\/types\/product"}],"replies":[{"embeddable":true,"href":"https:\/\/uj.adatbank.ro\/lexikon\/wp-json\/wp\/v2\/comments?post=5442"}],"wp:attachment":[{"href":"https:\/\/uj.adatbank.ro\/lexikon\/wp-json\/wp\/v2\/media?parent=5442"}],"wp:term":[{"taxonomy":"product_brand","embeddable":true,"href":"https:\/\/uj.adatbank.ro\/lexikon\/wp-json\/wp\/v2\/product_brand?post=5442"},{"taxonomy":"product_cat","embeddable":true,"href":"https:\/\/uj.adatbank.ro\/lexikon\/wp-json\/wp\/v2\/product_cat?post=5442"},{"taxonomy":"product_tag","embeddable":true,"href":"https:\/\/uj.adatbank.ro\/lexikon\/wp-json\/wp\/v2\/product_tag?post=5442"}],"curies":[{"name":"wp","href":"https:\/\/api.w.org\/{rel}","templated":true}]}}