{"id":5445,"date":"2025-06-28T17:15:27","date_gmt":"2025-06-28T15:15:27","guid":{"rendered":"https:\/\/uj.adatbank.ro\/lexikon\/termek\/bucher-miksa\/"},"modified":"2025-06-28T17:15:27","modified_gmt":"2025-06-28T15:15:27","slug":"bucher-miksa","status":"publish","type":"product","link":"https:\/\/uj.adatbank.ro\/lexikon\/termek\/bucher-miksa\/","title":{"rendered":"BUCHER Miksa"},"content":{"rendered":"<p>? \u2020\u00a01899.: keresked\u0151, virilista.- Feles\u00e9ge Reich Zs\u00f3fia (1827 \u2013 Mv., 1901. nov. 23.). Fia: K\u00e1roly. \u2013 Virilista (1889). A Mv.-i sz\u00ednp\u00e1rtol\u00f3 egyletnek nagyobb alap\u00edtv\u00e1nyi \u00f6sszeget adom\u00e1nyozott, 200 forintot (1884). Bulyovszkyn\u00e9 Szil\u00e1gyi Lilla m\u0171v\u00e9szn\u0151 vend\u00e9gszerepl\u00e9sekor a h\u00e1z\u00e1ban sz\u00e1llt meg. <br \/><strong>Irod.:<\/strong> Gy\u00e1szjelent\u0151; Id\u0151t\u00e1r 2.; Kusz\u00e1lik\u2013Zal\u00e1ny; L\u00e1szl\u00f3 L\u00f3r\u00e1nt: Mv. Legnagyobb ad\u00f3fizet\u0151i 1881\u20131916. = EME f\u00fczetek (2010. 1\u20132)<\/br><\/p>\n","protected":false},"excerpt":{"rendered":"<p>? \u2020\u00a01899.: keresked\u0151, virilista.- Feles\u00e9ge Reich Zs\u00f3fia (1827 \u2013 Mv., 1901. nov. 23.). Fia: K\u00e1roly. \u2013 Virilista (1889). A Mv.-i sz\u00ednp\u00e1rtol\u00f3 egyletnek nagyobb alap\u00edtv\u00e1nyi \u00f6sszeget adom\u00e1nyozott, 200 forintot (1884). Bulyovszkyn\u00e9 Szil\u00e1gyi Lilla m\u0171v\u00e9szn\u0151 vend\u00e9gszerepl\u00e9sekor a h\u00e1z\u00e1ban sz\u00e1llt meg. Irod.: Gy\u00e1szjelent\u0151; Id\u0151t\u00e1r 2.; Kusz\u00e1lik\u2013Zal\u00e1ny; L\u00e1szl\u00f3 L\u00f3r\u00e1nt: Mv. Legnagyobb ad\u00f3fizet\u0151i 1881\u20131916. = EME f\u00fczetek (2010. 1\u20132)<\/p>\n","protected":false},"featured_media":0,"comment_status":"open","ping_status":"closed","template":"","meta":[],"product_brand":[],"product_cat":[137],"product_tag":[],"class_list":{"0":"post-5445","1":"product","2":"type-product","3":"status-publish","5":"product_cat-maros-megyei-eletrajzi-lexikon","7":"first","8":"instock","9":"shipping-taxable","10":"product-type-simple"},"_links":{"self":[{"href":"https:\/\/uj.adatbank.ro\/lexikon\/wp-json\/wp\/v2\/product\/5445","targetHints":{"allow":["GET"]}}],"collection":[{"href":"https:\/\/uj.adatbank.ro\/lexikon\/wp-json\/wp\/v2\/product"}],"about":[{"href":"https:\/\/uj.adatbank.ro\/lexikon\/wp-json\/wp\/v2\/types\/product"}],"replies":[{"embeddable":true,"href":"https:\/\/uj.adatbank.ro\/lexikon\/wp-json\/wp\/v2\/comments?post=5445"}],"wp:attachment":[{"href":"https:\/\/uj.adatbank.ro\/lexikon\/wp-json\/wp\/v2\/media?parent=5445"}],"wp:term":[{"taxonomy":"product_brand","embeddable":true,"href":"https:\/\/uj.adatbank.ro\/lexikon\/wp-json\/wp\/v2\/product_brand?post=5445"},{"taxonomy":"product_cat","embeddable":true,"href":"https:\/\/uj.adatbank.ro\/lexikon\/wp-json\/wp\/v2\/product_cat?post=5445"},{"taxonomy":"product_tag","embeddable":true,"href":"https:\/\/uj.adatbank.ro\/lexikon\/wp-json\/wp\/v2\/product_tag?post=5445"}],"curies":[{"name":"wp","href":"https:\/\/api.w.org\/{rel}","templated":true}]}}