{"id":5448,"date":"2025-06-28T17:15:32","date_gmt":"2025-06-28T15:15:32","guid":{"rendered":"https:\/\/uj.adatbank.ro\/lexikon\/termek\/bucsa-cornel\/"},"modified":"2025-06-28T17:15:32","modified_gmt":"2025-06-28T15:15:32","slug":"bucsa-cornel","status":"publish","type":"product","link":"https:\/\/uj.adatbank.ro\/lexikon\/termek\/bucsa-cornel\/","title":{"rendered":"BUC\u015eA Cornel"},"content":{"rendered":"<p>? \u2020 ? : zen\u00e9sz. \u2013 A mv.-i Sz\u00e9kely Sz\u00ednh\u00e1z K\u00f6nny\u0171zene estj\u00e9n (1955) a szalonzenekart vez\u00e9nyelte A Cs\u00e1rd\u00e1skir\u00e1lyn\u0151 operett egyveleg el\u0151ad\u00e1s\u00e1n. <br \/><strong>Irod.:<\/strong> Horv\u00e1th Bea<\/br><\/p>\n","protected":false},"excerpt":{"rendered":"<p>? \u2020 ? : zen\u00e9sz. \u2013 A mv.-i Sz\u00e9kely Sz\u00ednh\u00e1z K\u00f6nny\u0171zene estj\u00e9n (1955) a szalonzenekart vez\u00e9nyelte A Cs\u00e1rd\u00e1skir\u00e1lyn\u0151 operett egyveleg el\u0151ad\u00e1s\u00e1n. Irod.: Horv\u00e1th Bea<\/p>\n","protected":false},"featured_media":0,"comment_status":"open","ping_status":"closed","template":"","meta":[],"product_brand":[],"product_cat":[137],"product_tag":[],"class_list":{"0":"post-5448","1":"product","2":"type-product","3":"status-publish","5":"product_cat-maros-megyei-eletrajzi-lexikon","7":"first","8":"instock","9":"shipping-taxable","10":"product-type-simple"},"_links":{"self":[{"href":"https:\/\/uj.adatbank.ro\/lexikon\/wp-json\/wp\/v2\/product\/5448","targetHints":{"allow":["GET"]}}],"collection":[{"href":"https:\/\/uj.adatbank.ro\/lexikon\/wp-json\/wp\/v2\/product"}],"about":[{"href":"https:\/\/uj.adatbank.ro\/lexikon\/wp-json\/wp\/v2\/types\/product"}],"replies":[{"embeddable":true,"href":"https:\/\/uj.adatbank.ro\/lexikon\/wp-json\/wp\/v2\/comments?post=5448"}],"wp:attachment":[{"href":"https:\/\/uj.adatbank.ro\/lexikon\/wp-json\/wp\/v2\/media?parent=5448"}],"wp:term":[{"taxonomy":"product_brand","embeddable":true,"href":"https:\/\/uj.adatbank.ro\/lexikon\/wp-json\/wp\/v2\/product_brand?post=5448"},{"taxonomy":"product_cat","embeddable":true,"href":"https:\/\/uj.adatbank.ro\/lexikon\/wp-json\/wp\/v2\/product_cat?post=5448"},{"taxonomy":"product_tag","embeddable":true,"href":"https:\/\/uj.adatbank.ro\/lexikon\/wp-json\/wp\/v2\/product_tag?post=5448"}],"curies":[{"name":"wp","href":"https:\/\/api.w.org\/{rel}","templated":true}]}}