{"id":5450,"date":"2025-06-28T17:15:40","date_gmt":"2025-06-28T15:15:40","guid":{"rendered":"https:\/\/uj.adatbank.ro\/lexikon\/termek\/bucsy-benjamin\/"},"modified":"2025-06-28T17:15:40","modified_gmt":"2025-06-28T15:15:40","slug":"bucsy-benjamin","status":"publish","type":"product","link":"https:\/\/uj.adatbank.ro\/lexikon\/termek\/bucsy-benjamin\/","title":{"rendered":"BUCSY Benjamin"},"content":{"rendered":"<p>? \u2020\u00a0? : asztalos. \u2013 Meggyesfalvi asztalos. Gr. L\u00e1z\u00e1r Jen\u0151 m\u0171farag\u00f3 m\u0171helyt rendezett be meggyesfalvi birtok\u00e1n. Feltehet\u0151, hogy n\u00e1la dolgozott. Ez\u00e9rt Jeles k\u00f6zrem\u0171k\u00f6d\u00e9s\u00e9rt \u00e9remmel t\u00fcntett\u00e9k ki a Bp.-i Orsz\u00e1gos \u00c1ltal\u00e1nos Ki\u00e1ll.-on (1885). <br \/><strong>Irod.:<\/strong> 1885. \u00e9vi ki\u00e1ll.<\/br><\/p>\n","protected":false},"excerpt":{"rendered":"<p>? \u2020\u00a0? : asztalos. \u2013 Meggyesfalvi asztalos. Gr. L\u00e1z\u00e1r Jen\u0151 m\u0171farag\u00f3 m\u0171helyt rendezett be meggyesfalvi birtok\u00e1n. Feltehet\u0151, hogy n\u00e1la dolgozott. Ez\u00e9rt Jeles k\u00f6zrem\u0171k\u00f6d\u00e9s\u00e9rt \u00e9remmel t\u00fcntett\u00e9k ki a Bp.-i Orsz\u00e1gos \u00c1ltal\u00e1nos Ki\u00e1ll.-on (1885). Irod.: 1885. \u00e9vi ki\u00e1ll.<\/p>\n","protected":false},"featured_media":0,"comment_status":"open","ping_status":"closed","template":"","meta":[],"product_brand":[],"product_cat":[137],"product_tag":[],"class_list":{"0":"post-5450","1":"product","2":"type-product","3":"status-publish","5":"product_cat-maros-megyei-eletrajzi-lexikon","7":"first","8":"instock","9":"shipping-taxable","10":"product-type-simple"},"_links":{"self":[{"href":"https:\/\/uj.adatbank.ro\/lexikon\/wp-json\/wp\/v2\/product\/5450","targetHints":{"allow":["GET"]}}],"collection":[{"href":"https:\/\/uj.adatbank.ro\/lexikon\/wp-json\/wp\/v2\/product"}],"about":[{"href":"https:\/\/uj.adatbank.ro\/lexikon\/wp-json\/wp\/v2\/types\/product"}],"replies":[{"embeddable":true,"href":"https:\/\/uj.adatbank.ro\/lexikon\/wp-json\/wp\/v2\/comments?post=5450"}],"wp:attachment":[{"href":"https:\/\/uj.adatbank.ro\/lexikon\/wp-json\/wp\/v2\/media?parent=5450"}],"wp:term":[{"taxonomy":"product_brand","embeddable":true,"href":"https:\/\/uj.adatbank.ro\/lexikon\/wp-json\/wp\/v2\/product_brand?post=5450"},{"taxonomy":"product_cat","embeddable":true,"href":"https:\/\/uj.adatbank.ro\/lexikon\/wp-json\/wp\/v2\/product_cat?post=5450"},{"taxonomy":"product_tag","embeddable":true,"href":"https:\/\/uj.adatbank.ro\/lexikon\/wp-json\/wp\/v2\/product_tag?post=5450"}],"curies":[{"name":"wp","href":"https:\/\/api.w.org\/{rel}","templated":true}]}}