{"id":5452,"date":"2025-06-28T17:15:42","date_gmt":"2025-06-28T15:15:42","guid":{"rendered":"https:\/\/uj.adatbank.ro\/lexikon\/termek\/bucsy-jozsef\/"},"modified":"2025-06-28T17:15:42","modified_gmt":"2025-06-28T15:15:42","slug":"bucsy-jozsef","status":"publish","type":"product","link":"https:\/\/uj.adatbank.ro\/lexikon\/termek\/bucsy-jozsef\/","title":{"rendered":"BUCSY J\u00f3zsef"},"content":{"rendered":"<p>? \u2020\u00a0? : sz\u00e1mtiszt. \u2013 Feles\u00e9ge: P\u00e1lffy Polix\u00e9nia (1853.?-Mv., 1881. m\u00e1j. 9.). Gyermekeik: \u00c1kos, J\u00f3zsef, Istv\u00e1n (Mikl\u00f3s), Irma, Andor. \u2013 M. kir. sz\u00e1mtiszt. <br \/><strong>Irod.:<\/strong> Gy\u00e1szjelent\u0151.<\/br><\/p>\n","protected":false},"excerpt":{"rendered":"<p>? \u2020\u00a0? : sz\u00e1mtiszt. \u2013 Feles\u00e9ge: P\u00e1lffy Polix\u00e9nia (1853.?-Mv., 1881. m\u00e1j. 9.). Gyermekeik: \u00c1kos, J\u00f3zsef, Istv\u00e1n (Mikl\u00f3s), Irma, Andor. \u2013 M. kir. sz\u00e1mtiszt. Irod.: Gy\u00e1szjelent\u0151.<\/p>\n","protected":false},"featured_media":0,"comment_status":"open","ping_status":"closed","template":"","meta":[],"product_brand":[],"product_cat":[137],"product_tag":[],"class_list":{"0":"post-5452","1":"product","2":"type-product","3":"status-publish","5":"product_cat-maros-megyei-eletrajzi-lexikon","7":"first","8":"instock","9":"shipping-taxable","10":"product-type-simple"},"_links":{"self":[{"href":"https:\/\/uj.adatbank.ro\/lexikon\/wp-json\/wp\/v2\/product\/5452","targetHints":{"allow":["GET"]}}],"collection":[{"href":"https:\/\/uj.adatbank.ro\/lexikon\/wp-json\/wp\/v2\/product"}],"about":[{"href":"https:\/\/uj.adatbank.ro\/lexikon\/wp-json\/wp\/v2\/types\/product"}],"replies":[{"embeddable":true,"href":"https:\/\/uj.adatbank.ro\/lexikon\/wp-json\/wp\/v2\/comments?post=5452"}],"wp:attachment":[{"href":"https:\/\/uj.adatbank.ro\/lexikon\/wp-json\/wp\/v2\/media?parent=5452"}],"wp:term":[{"taxonomy":"product_brand","embeddable":true,"href":"https:\/\/uj.adatbank.ro\/lexikon\/wp-json\/wp\/v2\/product_brand?post=5452"},{"taxonomy":"product_cat","embeddable":true,"href":"https:\/\/uj.adatbank.ro\/lexikon\/wp-json\/wp\/v2\/product_cat?post=5452"},{"taxonomy":"product_tag","embeddable":true,"href":"https:\/\/uj.adatbank.ro\/lexikon\/wp-json\/wp\/v2\/product_tag?post=5452"}],"curies":[{"name":"wp","href":"https:\/\/api.w.org\/{rel}","templated":true}]}}