{"id":5453,"date":"2025-06-28T17:15:44","date_gmt":"2025-06-28T15:15:44","guid":{"rendered":"https:\/\/uj.adatbank.ro\/lexikon\/termek\/bucur-alexandru\/"},"modified":"2025-06-28T17:15:44","modified_gmt":"2025-06-28T15:15:44","slug":"bucur-alexandru","status":"publish","type":"product","link":"https:\/\/uj.adatbank.ro\/lexikon\/termek\/bucur-alexandru\/","title":{"rendered":"BUCUR Alexandru"},"content":{"rendered":"<p>? \u2020 ? : ort. pap. \u2013 Mez\u0151r\u00fccsben szolg\u00e1lt (1780\u201340). Val\u00f3sz\u00edn\u0171leg \u0151 volt a tan\u00edt\u00f3 is, mert \u00e1lland\u00f3 oktat\u00f3 munk\u00e1r\u00f3l fennmaradt iratok tan\u00faskodnak. Az els\u0151 iskola \u00e9p\u00fcletet is az \u0151 idej\u00e9ben \u00e9p\u00edtett\u00e9k (1782). <br \/><strong>Irod.:<\/strong> \u015eincan 2006<\/br><\/p>\n","protected":false},"excerpt":{"rendered":"<p>? \u2020 ? : ort. pap. \u2013 Mez\u0151r\u00fccsben szolg\u00e1lt (1780\u201340). Val\u00f3sz\u00edn\u0171leg \u0151 volt a tan\u00edt\u00f3 is, mert \u00e1lland\u00f3 oktat\u00f3 munk\u00e1r\u00f3l fennmaradt iratok tan\u00faskodnak. Az els\u0151 iskola \u00e9p\u00fcletet is az \u0151 idej\u00e9ben \u00e9p\u00edtett\u00e9k (1782). Irod.: \u015eincan 2006<\/p>\n","protected":false},"featured_media":0,"comment_status":"open","ping_status":"closed","template":"","meta":[],"product_brand":[],"product_cat":[137],"product_tag":[],"class_list":{"0":"post-5453","1":"product","2":"type-product","3":"status-publish","5":"product_cat-maros-megyei-eletrajzi-lexikon","7":"first","8":"instock","9":"shipping-taxable","10":"product-type-simple"},"_links":{"self":[{"href":"https:\/\/uj.adatbank.ro\/lexikon\/wp-json\/wp\/v2\/product\/5453","targetHints":{"allow":["GET"]}}],"collection":[{"href":"https:\/\/uj.adatbank.ro\/lexikon\/wp-json\/wp\/v2\/product"}],"about":[{"href":"https:\/\/uj.adatbank.ro\/lexikon\/wp-json\/wp\/v2\/types\/product"}],"replies":[{"embeddable":true,"href":"https:\/\/uj.adatbank.ro\/lexikon\/wp-json\/wp\/v2\/comments?post=5453"}],"wp:attachment":[{"href":"https:\/\/uj.adatbank.ro\/lexikon\/wp-json\/wp\/v2\/media?parent=5453"}],"wp:term":[{"taxonomy":"product_brand","embeddable":true,"href":"https:\/\/uj.adatbank.ro\/lexikon\/wp-json\/wp\/v2\/product_brand?post=5453"},{"taxonomy":"product_cat","embeddable":true,"href":"https:\/\/uj.adatbank.ro\/lexikon\/wp-json\/wp\/v2\/product_cat?post=5453"},{"taxonomy":"product_tag","embeddable":true,"href":"https:\/\/uj.adatbank.ro\/lexikon\/wp-json\/wp\/v2\/product_tag?post=5453"}],"curies":[{"name":"wp","href":"https:\/\/api.w.org\/{rel}","templated":true}]}}