{"id":5456,"date":"2025-06-28T17:15:50","date_gmt":"2025-06-28T15:15:50","guid":{"rendered":"https:\/\/uj.adatbank.ro\/lexikon\/termek\/bucur-ilie\/"},"modified":"2025-06-28T17:15:50","modified_gmt":"2025-06-28T15:15:50","slug":"bucur-ilie","status":"publish","type":"product","link":"https:\/\/uj.adatbank.ro\/lexikon\/termek\/bucur-ilie\/","title":{"rendered":"BUCUR Ilie"},"content":{"rendered":"<p>? \u2020\u00a0? : kordov\u00e1nyos. \u2013 A mv.-i kordom\u00e1nyos c\u00e9h c\u00e9hszab\u00e1lyzatot kapott a v\u00e1rost\u00f3l, \u00f6n\u00e1ll\u00f3 c\u00e9hk\u00e9nt m\u0171k\u00f6dhettek, az atyamester\u00fck volt (1800 k.-t\u0151l). <br \/><strong>Irod.:<\/strong> Id\u0151t\u00e1r 1<\/br><\/p>\n","protected":false},"excerpt":{"rendered":"<p>? \u2020\u00a0? : kordov\u00e1nyos. \u2013 A mv.-i kordom\u00e1nyos c\u00e9h c\u00e9hszab\u00e1lyzatot kapott a v\u00e1rost\u00f3l, \u00f6n\u00e1ll\u00f3 c\u00e9hk\u00e9nt m\u0171k\u00f6dhettek, az atyamester\u00fck volt (1800 k.-t\u0151l). Irod.: Id\u0151t\u00e1r 1<\/p>\n","protected":false},"featured_media":0,"comment_status":"open","ping_status":"closed","template":"","meta":[],"product_brand":[],"product_cat":[137],"product_tag":[],"class_list":{"0":"post-5456","1":"product","2":"type-product","3":"status-publish","5":"product_cat-maros-megyei-eletrajzi-lexikon","7":"first","8":"instock","9":"shipping-taxable","10":"product-type-simple"},"_links":{"self":[{"href":"https:\/\/uj.adatbank.ro\/lexikon\/wp-json\/wp\/v2\/product\/5456","targetHints":{"allow":["GET"]}}],"collection":[{"href":"https:\/\/uj.adatbank.ro\/lexikon\/wp-json\/wp\/v2\/product"}],"about":[{"href":"https:\/\/uj.adatbank.ro\/lexikon\/wp-json\/wp\/v2\/types\/product"}],"replies":[{"embeddable":true,"href":"https:\/\/uj.adatbank.ro\/lexikon\/wp-json\/wp\/v2\/comments?post=5456"}],"wp:attachment":[{"href":"https:\/\/uj.adatbank.ro\/lexikon\/wp-json\/wp\/v2\/media?parent=5456"}],"wp:term":[{"taxonomy":"product_brand","embeddable":true,"href":"https:\/\/uj.adatbank.ro\/lexikon\/wp-json\/wp\/v2\/product_brand?post=5456"},{"taxonomy":"product_cat","embeddable":true,"href":"https:\/\/uj.adatbank.ro\/lexikon\/wp-json\/wp\/v2\/product_cat?post=5456"},{"taxonomy":"product_tag","embeddable":true,"href":"https:\/\/uj.adatbank.ro\/lexikon\/wp-json\/wp\/v2\/product_tag?post=5456"}],"curies":[{"name":"wp","href":"https:\/\/api.w.org\/{rel}","templated":true}]}}